{"id":12607,"date":"2025-02-26T23:46:33","date_gmt":"2025-02-26T23:46:33","guid":{"rendered":"https:\/\/parashopnarimel.com\/?post_type=product&#038;p=12607"},"modified":"2025-08-24T15:31:49","modified_gmt":"2025-08-24T15:31:49","slug":"pack-remdan-haleineblancheur-brosse-a-dents-electrique-oral-b-pro-1-crest-strip-dentifrice-3d-white","status":"publish","type":"product","link":"https:\/\/parashopnarimel.com\/ar\/product\/pack-remdan-haleineblancheur-brosse-a-dents-electrique-oral-b-pro-1-crest-strip-dentifrice-3d-white\/","title":{"rendered":"PACK REMDAN HALEINE+BLANCHEUR: Brosse \u00e0 dents \u00e9lectrique Oral-b Pro 1 + CREST STRIP + DENTIFRICE 3D WHITE"},"content":{"rendered":"<h3>1\/Brosse \u00e0 dents \u00e9lectrique Oral-b Pro 1<\/h3>\n<p>La brosse \u00e0 dents \u00e9lectrique ORAL-B Pro 1 Cross Action est con\u00e7ue pour offrir une exp\u00e9rience de brossage unique et efficace. Elle est \u00e9quip\u00e9e d&rsquo;un manche de type 3766 et d&rsquo;un chargeur de type 3757, garantissant une utilisation s\u00e9curis\u00e9e et pratique. La t\u00eate de brosse Cross Action entoure chaque dent pour un nettoyage en profondeur gr\u00e2ce \u00e0 ses poils inclin\u00e9s \u00e0 16 degr\u00e9s. Avec un niveau sonore inf\u00e9rieur \u00e0 65 dB(A), elle assure un brossage discret. De plus, la pr\u00e9sence d&rsquo;un indicateur de pression lumineux pr\u00e9vient en cas de brossage trop vigoureux, prot\u00e9geant ainsi vos gencives. La brosse \u00e0 dents est \u00e9galement dot\u00e9e d&rsquo;un minuteur professionnel qui vous guide pour respecter le temps de brossage recommand\u00e9 par les dentistes.<\/p>\n<ul>\n<li><span class=\"is--semibold\">Contenu du carton :<\/span> c\u00e2ble de charge, base\/suppor<\/li>\n<\/ul>\n<h3><b>2\/Le kit de blanchiment dentaire Crest 3D Whitestrips 1 Hour Express<\/b><\/h3>\n<p>Elimine des ann\u00e9es de taches sur les dents en seulement 1 heure pour un sourire visiblement plus blanc.<\/p>\n<p>&nbsp;<\/p>\n<h3>3\/Dentifrice Crest 3d White Fra\u00eecheur Arctique 135ml<\/h3>\n<p>Blanchit les dents en \u00e9liminant jusqu\u2019\u00e0 80 % des taches de surface<br \/>\nProt\u00e8ge les dents contre l\u2019apparition de nouvelles taches<br \/>\nRenforce les dents et sans danger pour l\u2019\u00e9mail<br \/>\nLe dentifrice au fluorure prot\u00e8ge contre la carie<br \/>\nSaveur de menthe glac\u00e9e<\/p>\n<p>&nbsp;<\/p>\n<p>&nbsp;<\/p>","protected":false},"excerpt":{"rendered":"<h3>Brosse \u00e0 dents \u00e9lectrique Oral-b Pro 1<\/h3>\n<h3><b>Le kit de blanchiment dentaire Crest 3D Whitestrips 1 Hour Express\u00a0<\/b>(04 UNIT\u00c9S) STRIPS 04 TREATMENTS<\/h3>\n<h3>Dentifrice Crest 3d White Fra\u00eecheur Arctique 135ml<\/h3>\n<p>&nbsp;<\/p>\n<p><img fetchpriority=\"high\" decoding=\"async\" class=\"alignnone wp-image-12350 size-medium\" src=\"https:\/\/parashopnarimel.com\/wp-content\/uploads\/2025\/01\/5-300x300.jpg\" alt=\"\" width=\"300\" height=\"300\" srcset=\"https:\/\/parashopnarimel.com\/wp-content\/uploads\/2025\/01\/5-300x300.jpg 300w, https:\/\/parashopnarimel.com\/wp-content\/uploads\/2025\/01\/5-150x150.jpg 150w, https:\/\/parashopnarimel.com\/wp-content\/uploads\/2025\/01\/5-600x600.jpg 600w, https:\/\/parashopnarimel.com\/wp-content\/uploads\/2025\/01\/5.jpg 680w\" sizes=\"(max-width: 300px) 100vw, 300px\" \/><img decoding=\"async\" class=\"alignnone size-medium wp-image-12522\" src=\"https:\/\/parashopnarimel.com\/wp-content\/uploads\/2025\/02\/IMG_6806-e1738537801349-177x300.png\" alt=\"\" width=\"177\" height=\"300\" srcset=\"https:\/\/parashopnarimel.com\/wp-content\/uploads\/2025\/02\/IMG_6806-e1738537801349-177x300.png 177w, https:\/\/parashopnarimel.com\/wp-content\/uploads\/2025\/02\/IMG_6806-e1738537801349-605x1024.png 605w, https:\/\/parashopnarimel.com\/wp-content\/uploads\/2025\/02\/IMG_6806-e1738537801349-768x1300.png 768w, https:\/\/parashopnarimel.com\/wp-content\/uploads\/2025\/02\/IMG_6806-e1738537801349-908x1536.png 908w, https:\/\/parashopnarimel.com\/wp-content\/uploads\/2025\/02\/IMG_6806-e1738537801349-150x254.png 150w, https:\/\/parashopnarimel.com\/wp-content\/uploads\/2025\/02\/IMG_6806-e1738537801349.png 1176w\" sizes=\"(max-width: 177px) 100vw, 177px\" \/> <img decoding=\"async\" class=\"alignnone size-medium wp-image-12608\" src=\"https:\/\/parashopnarimel.com\/wp-content\/uploads\/2025\/02\/Crest-3D-White-Advanced-Whitening-Toothpaste-Arctic-Fresh-2-7-oz_f8bff745-a54d-451b-bc88-5e905f2fec8c.e9d1a59a38fc387e2a01c413e74d7b1c-300x300.jpeg\" alt=\"\" width=\"300\" height=\"300\" srcset=\"https:\/\/parashopnarimel.com\/wp-content\/uploads\/2025\/02\/Crest-3D-White-Advanced-Whitening-Toothpaste-Arctic-Fresh-2-7-oz_f8bff745-a54d-451b-bc88-5e905f2fec8c.e9d1a59a38fc387e2a01c413e74d7b1c-300x300.jpeg 300w, https:\/\/parashopnarimel.com\/wp-content\/uploads\/2025\/02\/Crest-3D-White-Advanced-Whitening-Toothpaste-Arctic-Fresh-2-7-oz_f8bff745-a54d-451b-bc88-5e905f2fec8c.e9d1a59a38fc387e2a01c413e74d7b1c-1024x1024.jpeg 1024w, https:\/\/parashopnarimel.com\/wp-content\/uploads\/2025\/02\/Crest-3D-White-Advanced-Whitening-Toothpaste-Arctic-Fresh-2-7-oz_f8bff745-a54d-451b-bc88-5e905f2fec8c.e9d1a59a38fc387e2a01c413e74d7b1c-150x150.jpeg 150w, https:\/\/parashopnarimel.com\/wp-content\/uploads\/2025\/02\/Crest-3D-White-Advanced-Whitening-Toothpaste-Arctic-Fresh-2-7-oz_f8bff745-a54d-451b-bc88-5e905f2fec8c.e9d1a59a38fc387e2a01c413e74d7b1c-768x768.jpeg 768w, https:\/\/parashopnarimel.com\/wp-content\/uploads\/2025\/02\/Crest-3D-White-Advanced-Whitening-Toothpaste-Arctic-Fresh-2-7-oz_f8bff745-a54d-451b-bc88-5e905f2fec8c.e9d1a59a38fc387e2a01c413e74d7b1c-1536x1536.jpeg 1536w, https:\/\/parashopnarimel.com\/wp-content\/uploads\/2025\/02\/Crest-3D-White-Advanced-Whitening-Toothpaste-Arctic-Fresh-2-7-oz_f8bff745-a54d-451b-bc88-5e905f2fec8c.e9d1a59a38fc387e2a01c413e74d7b1c-2048x2048.jpeg 2048w, https:\/\/parashopnarimel.com\/wp-content\/uploads\/2025\/02\/Crest-3D-White-Advanced-Whitening-Toothpaste-Arctic-Fresh-2-7-oz_f8bff745-a54d-451b-bc88-5e905f2fec8c.e9d1a59a38fc387e2a01c413e74d7b1c-600x600.jpeg 600w, https:\/\/parashopnarimel.com\/wp-content\/uploads\/2025\/02\/Crest-3D-White-Advanced-Whitening-Toothpaste-Arctic-Fresh-2-7-oz_f8bff745-a54d-451b-bc88-5e905f2fec8c.e9d1a59a38fc387e2a01c413e74d7b1c-1200x1200.jpeg 1200w\" sizes=\"(max-width: 300px) 100vw, 300px\" \/><\/p>\n<p>&nbsp;<\/p>","protected":false},"featured_media":12348,"comment_status":"open","ping_status":"closed","template":"","meta":[],"product_brand":[],"product_cat":[2887,2900,2894,2899,2888],"product_tag":[2959],"class_list":{"0":"post-12607","1":"product","2":"type-product","3":"status-publish","4":"has-post-thumbnail","6":"product_cat-accessoires","7":"product_cat-brosse-a-dents","8":"product_cat-bucco-dentaire","9":"product_cat-coffret","10":"product_cat-hygiene-bucco-dentaire","11":"product_tag-oralb","13":"first","14":"outofstock","15":"sale","16":"shipping-taxable","17":"purchasable","18":"product-type-simple"},"_links":{"self":[{"href":"https:\/\/parashopnarimel.com\/ar\/wp-json\/wp\/v2\/product\/12607","targetHints":{"allow":["GET"]}}],"collection":[{"href":"https:\/\/parashopnarimel.com\/ar\/wp-json\/wp\/v2\/product"}],"about":[{"href":"https:\/\/parashopnarimel.com\/ar\/wp-json\/wp\/v2\/types\/product"}],"replies":[{"embeddable":true,"href":"https:\/\/parashopnarimel.com\/ar\/wp-json\/wp\/v2\/comments?post=12607"}],"version-history":[{"count":1,"href":"https:\/\/parashopnarimel.com\/ar\/wp-json\/wp\/v2\/product\/12607\/revisions"}],"predecessor-version":[{"id":12609,"href":"https:\/\/parashopnarimel.com\/ar\/wp-json\/wp\/v2\/product\/12607\/revisions\/12609"}],"wp:featuredmedia":[{"embeddable":true,"href":"https:\/\/parashopnarimel.com\/ar\/wp-json\/wp\/v2\/media\/12348"}],"wp:attachment":[{"href":"https:\/\/parashopnarimel.com\/ar\/wp-json\/wp\/v2\/media?parent=12607"}],"wp:term":[{"taxonomy":"product_brand","embeddable":true,"href":"https:\/\/parashopnarimel.com\/ar\/wp-json\/wp\/v2\/product_brand?post=12607"},{"taxonomy":"product_cat","embeddable":true,"href":"https:\/\/parashopnarimel.com\/ar\/wp-json\/wp\/v2\/product_cat?post=12607"},{"taxonomy":"product_tag","embeddable":true,"href":"https:\/\/parashopnarimel.com\/ar\/wp-json\/wp\/v2\/product_tag?post=12607"}],"curies":[{"name":"wp","href":"https:\/\/api.w.org\/{rel}","templated":true}]}}