{"id":1263,"date":"2024-12-29T06:24:57","date_gmt":"2024-12-29T06:24:57","guid":{"rendered":"https:\/\/parashopnarimel.com\/?post_type=product&#038;p=1263"},"modified":"2025-01-19T11:05:44","modified_gmt":"2025-01-19T11:05:44","slug":"ecrinal-masque-capillair","status":"publish","type":"product","link":"https:\/\/parashopnarimel.com\/ar\/product\/ecrinal-masque-capillair\/","title":{"rendered":"Ecrinal masque capillair"},"content":{"rendered":"","protected":false},"excerpt":{"rendered":"<p>ECRINAL Masque Capillaire Nutritif ANP\u00ae\u00a02+ : Soin intensif profond et ultra r\u00e9parateur. Fortifie, revitalise et aide \u00e0 r\u00e9parer les pointes fourchues. \u00a0Hydrate en profondeur les cheveux secs et cassants. Facilite le d\u00e9m\u00ealage et le coiffage. Rend les cheveux doux, souples et brillants et sublime la couleur. Ne laisse pas de film gras.\u00a0 \u00c0 utiliser en remplacement ou en alternance avec le Revitalisant apr\u00e8s Shampooing. Peut aussi s\u2019utiliser la nuit comme traitement r\u00e9parateur profond. Convient \u00e0 tous les types de cheveux avec ou sans coloration.<\/p>","protected":false},"featured_media":1338,"comment_status":"open","ping_status":"closed","template":"","meta":[],"product_brand":[],"product_cat":[2918],"product_tag":[],"class_list":{"0":"post-1263","1":"product","2":"type-product","3":"status-publish","4":"has-post-thumbnail","6":"product_cat-masque","8":"first","9":"outofstock","10":"shipping-taxable","11":"purchasable","12":"product-type-simple"},"_links":{"self":[{"href":"https:\/\/parashopnarimel.com\/ar\/wp-json\/wp\/v2\/product\/1263","targetHints":{"allow":["GET"]}}],"collection":[{"href":"https:\/\/parashopnarimel.com\/ar\/wp-json\/wp\/v2\/product"}],"about":[{"href":"https:\/\/parashopnarimel.com\/ar\/wp-json\/wp\/v2\/types\/product"}],"replies":[{"embeddable":true,"href":"https:\/\/parashopnarimel.com\/ar\/wp-json\/wp\/v2\/comments?post=1263"}],"version-history":[{"count":1,"href":"https:\/\/parashopnarimel.com\/ar\/wp-json\/wp\/v2\/product\/1263\/revisions"}],"predecessor-version":[{"id":1339,"href":"https:\/\/parashopnarimel.com\/ar\/wp-json\/wp\/v2\/product\/1263\/revisions\/1339"}],"wp:featuredmedia":[{"embeddable":true,"href":"https:\/\/parashopnarimel.com\/ar\/wp-json\/wp\/v2\/media\/1338"}],"wp:attachment":[{"href":"https:\/\/parashopnarimel.com\/ar\/wp-json\/wp\/v2\/media?parent=1263"}],"wp:term":[{"taxonomy":"product_brand","embeddable":true,"href":"https:\/\/parashopnarimel.com\/ar\/wp-json\/wp\/v2\/product_brand?post=1263"},{"taxonomy":"product_cat","embeddable":true,"href":"https:\/\/parashopnarimel.com\/ar\/wp-json\/wp\/v2\/product_cat?post=1263"},{"taxonomy":"product_tag","embeddable":true,"href":"https:\/\/parashopnarimel.com\/ar\/wp-json\/wp\/v2\/product_tag?post=1263"}],"curies":[{"name":"wp","href":"https:\/\/api.w.org\/{rel}","templated":true}]}}