{"id":1264,"date":"2024-12-29T06:24:57","date_gmt":"2024-12-29T06:24:57","guid":{"rendered":"https:\/\/parashopnarimel.com\/?post_type=product&#038;p=1264"},"modified":"2025-01-19T11:05:51","modified_gmt":"2025-01-19T11:05:51","slug":"ecrinal-shamp-anti-pellecullaire-200ml","status":"publish","type":"product","link":"https:\/\/parashopnarimel.com\/ar\/product\/ecrinal-shamp-anti-pellecullaire-200ml\/","title":{"rendered":"Ecrinal shamp anti pellecullaire 200ML"},"content":{"rendered":"","protected":false},"excerpt":{"rendered":"<p>Sa formule exclusive met en oeuvre des actifs fortifiants qui exercent une action stimulante et r\u00e9g\u00e9n\u00e9ratrice sur la racine des cheveux qui ont besoin d\u2019\u00eatre renforc\u00e9s et fortifi\u00e9s.<\/p>","protected":false},"featured_media":1340,"comment_status":"open","ping_status":"closed","template":"","meta":[],"product_brand":[],"product_cat":[1361],"product_tag":[],"class_list":{"0":"post-1264","1":"product","2":"type-product","3":"status-publish","4":"has-post-thumbnail","6":"product_cat-shampoings-pellicules-anti-chute","8":"first","9":"instock","10":"shipping-taxable","11":"purchasable","12":"product-type-simple"},"_links":{"self":[{"href":"https:\/\/parashopnarimel.com\/ar\/wp-json\/wp\/v2\/product\/1264","targetHints":{"allow":["GET"]}}],"collection":[{"href":"https:\/\/parashopnarimel.com\/ar\/wp-json\/wp\/v2\/product"}],"about":[{"href":"https:\/\/parashopnarimel.com\/ar\/wp-json\/wp\/v2\/types\/product"}],"replies":[{"embeddable":true,"href":"https:\/\/parashopnarimel.com\/ar\/wp-json\/wp\/v2\/comments?post=1264"}],"version-history":[{"count":2,"href":"https:\/\/parashopnarimel.com\/ar\/wp-json\/wp\/v2\/product\/1264\/revisions"}],"predecessor-version":[{"id":11947,"href":"https:\/\/parashopnarimel.com\/ar\/wp-json\/wp\/v2\/product\/1264\/revisions\/11947"}],"wp:featuredmedia":[{"embeddable":true,"href":"https:\/\/parashopnarimel.com\/ar\/wp-json\/wp\/v2\/media\/1340"}],"wp:attachment":[{"href":"https:\/\/parashopnarimel.com\/ar\/wp-json\/wp\/v2\/media?parent=1264"}],"wp:term":[{"taxonomy":"product_brand","embeddable":true,"href":"https:\/\/parashopnarimel.com\/ar\/wp-json\/wp\/v2\/product_brand?post=1264"},{"taxonomy":"product_cat","embeddable":true,"href":"https:\/\/parashopnarimel.com\/ar\/wp-json\/wp\/v2\/product_cat?post=1264"},{"taxonomy":"product_tag","embeddable":true,"href":"https:\/\/parashopnarimel.com\/ar\/wp-json\/wp\/v2\/product_tag?post=1264"}],"curies":[{"name":"wp","href":"https:\/\/api.w.org\/{rel}","templated":true}]}}