{"id":1267,"date":"2024-12-29T06:24:57","date_gmt":"2024-12-29T06:24:57","guid":{"rendered":"https:\/\/parashopnarimel.com\/?post_type=product&#038;p=1267"},"modified":"2025-01-19T11:05:12","modified_gmt":"2025-01-19T11:05:12","slug":"kerastase-bain-extentioniste-shampooing-booster-de-longueur-et-renforcateur","status":"publish","type":"product","link":"https:\/\/parashopnarimel.com\/ar\/product\/kerastase-bain-extentioniste-shampooing-booster-de-longueur-et-renforcateur\/","title":{"rendered":"K\u00c9RASTASE  Bain Extentioniste Shampooing booster de longueur et renfor\u00e7ateur"},"content":{"rendered":"<p>Le shampooing\u00a0K\u00e9rastase Bain Extentioniste\u00a0renfor\u00e7ateur favorise la croissance d\u2019un cheveu fort d\u00e8s la racine.<br \/>\nLes cheveux affin\u00e9s cassants sont renforc\u00e9s de l\u2019int\u00e9rieur.<br \/>\nAinsi la fibre r\u00e9par\u00e9e est prot\u00e9g\u00e9e tout au long de sa pousse.<br \/>\nCe Bain\u00a0Extentioniste purifiant est enrichi en Creatine R, un complexe d\u2019actifs con\u00e7u pour booster la r\u00e9silence et l\u2019\u00e9lasticit\u00e9 du cheveu et en taurine, un acide amin\u00e9 naturel qui maintient le cuir chevelu en bonne sant\u00e9.<br \/>\nLes cheveux sont parfaitement nettoy\u00e9s pour atteindre longueur id\u00e9ale et vitalit\u00e9 dans un environnement optimal.<\/p>","protected":false},"excerpt":{"rendered":"<p>Le shampooing\u00a0K\u00e9rastase Bain Extentioniste\u00a0renfor\u00e7ateur favorise la croissance d\u2019un cheveu fort d\u00e8s la racine.<br \/>\nLes cheveux affin\u00e9s cassants sont renforc\u00e9s de l\u2019int\u00e9rieur.<br \/>\nAinsi la fibre r\u00e9par\u00e9e est prot\u00e9g\u00e9e tout au long de sa pousse.<br \/>\nCe Bain\u00a0Extentioniste purifiant est enrichi en Creatine R, un complexe d\u2019actifs con\u00e7u pour booster la r\u00e9silence et l\u2019\u00e9lasticit\u00e9 du cheveu et en taurine, un acide amin\u00e9 naturel qui maintient le cuir chevelu en bonne sant\u00e9.<br \/>\nLes cheveux sont parfaitement nettoy\u00e9s pour atteindre longueur id\u00e9ale et vitalit\u00e9 dans un environnement optimal.<\/p>","protected":false},"featured_media":1346,"comment_status":"open","ping_status":"closed","template":"","meta":[],"product_brand":[],"product_cat":[1361],"product_tag":[],"class_list":{"0":"post-1267","1":"product","2":"type-product","3":"status-publish","4":"has-post-thumbnail","6":"product_cat-shampoings-pellicules-anti-chute","8":"first","9":"outofstock","10":"shipping-taxable","11":"purchasable","12":"product-type-simple"},"_links":{"self":[{"href":"https:\/\/parashopnarimel.com\/ar\/wp-json\/wp\/v2\/product\/1267","targetHints":{"allow":["GET"]}}],"collection":[{"href":"https:\/\/parashopnarimel.com\/ar\/wp-json\/wp\/v2\/product"}],"about":[{"href":"https:\/\/parashopnarimel.com\/ar\/wp-json\/wp\/v2\/types\/product"}],"replies":[{"embeddable":true,"href":"https:\/\/parashopnarimel.com\/ar\/wp-json\/wp\/v2\/comments?post=1267"}],"version-history":[{"count":2,"href":"https:\/\/parashopnarimel.com\/ar\/wp-json\/wp\/v2\/product\/1267\/revisions"}],"predecessor-version":[{"id":8237,"href":"https:\/\/parashopnarimel.com\/ar\/wp-json\/wp\/v2\/product\/1267\/revisions\/8237"}],"wp:featuredmedia":[{"embeddable":true,"href":"https:\/\/parashopnarimel.com\/ar\/wp-json\/wp\/v2\/media\/1346"}],"wp:attachment":[{"href":"https:\/\/parashopnarimel.com\/ar\/wp-json\/wp\/v2\/media?parent=1267"}],"wp:term":[{"taxonomy":"product_brand","embeddable":true,"href":"https:\/\/parashopnarimel.com\/ar\/wp-json\/wp\/v2\/product_brand?post=1267"},{"taxonomy":"product_cat","embeddable":true,"href":"https:\/\/parashopnarimel.com\/ar\/wp-json\/wp\/v2\/product_cat?post=1267"},{"taxonomy":"product_tag","embeddable":true,"href":"https:\/\/parashopnarimel.com\/ar\/wp-json\/wp\/v2\/product_tag?post=1267"}],"curies":[{"name":"wp","href":"https:\/\/api.w.org\/{rel}","templated":true}]}}