{"id":1268,"date":"2024-12-29T06:24:57","date_gmt":"2024-12-29T06:24:57","guid":{"rendered":"https:\/\/parashopnarimel.com\/?post_type=product&#038;p=1268"},"modified":"2025-01-19T11:04:48","modified_gmt":"2025-01-19T11:04:48","slug":"kerastase-paris-resistance-ciment-thermique-120-ml","status":"publish","type":"product","link":"https:\/\/parashopnarimel.com\/ar\/product\/kerastase-paris-resistance-ciment-thermique-120-ml\/","title":{"rendered":"Kerastase Paris Resistance Ciment Thermique, 120 ml"},"content":{"rendered":"<p>Ciment thermique est une cr\u00e8me thermo-protectrice con\u00e7ue pour traiter et prot\u00e9ger les cheveux affaiblis et ab\u00eem\u00e9s. Sa combinaison de Vita-Ciment, Vita-Topseal et S\u00e8ve de R\u00e9surrection reconstruit, renforce et refait surface instantan\u00e9ment la fibre capillaire, tout en recr\u00e9ant la couche protectrice externe naturelle. Ce produit prot\u00e8ge les cheveux de la chaleur jusqu\u2019\u00e0 180\u00b0C et rend le brushing deux fois plus rapide car il dompte les cheveux.<br \/>\nAvantages<br \/>\nReconstruire la fibre180\u00b0C thermo-protectionRevitaliser la fibreBrillance et douceurFort effet tonifiantAcc\u00e9l\u00e8re le temps de s\u00e9chageProt\u00e8ge les cheveux ab\u00eem\u00e9s<\/p>","protected":false},"excerpt":{"rendered":"<p>Ciment thermique est une cr\u00e8me thermo-protectrice con\u00e7ue pour traiter et prot\u00e9ger les cheveux affaiblis et ab\u00eem\u00e9s. Sa combinaison de Vita-Ciment, Vita-Topseal et S\u00e8ve de R\u00e9surrection reconstruit, renforce et refait surface instantan\u00e9ment la fibre capillaire, tout en recr\u00e9ant la couche protectrice externe naturelle. Ce produit prot\u00e8ge les cheveux de la chaleur jusqu\u2019\u00e0 180\u00b0C et rend le brushing deux fois plus rapide car il dompte les cheveux.<br \/>\nAvantages<br \/>\nReconstruire la fibre180\u00b0C thermo-protectionRevitaliser la fibreBrillance et douceurFort effet tonifiantAcc\u00e9l\u00e8re le temps de s\u00e9chageProt\u00e8ge les cheveux ab\u00eem\u00e9s<\/p>","protected":false},"featured_media":1348,"comment_status":"open","ping_status":"closed","template":"","meta":[],"product_brand":[],"product_cat":[2919],"product_tag":[],"class_list":{"0":"post-1268","1":"product","2":"type-product","3":"status-publish","4":"has-post-thumbnail","6":"product_cat-serum-et-soins","8":"first","9":"outofstock","10":"shipping-taxable","11":"purchasable","12":"product-type-simple"},"_links":{"self":[{"href":"https:\/\/parashopnarimel.com\/ar\/wp-json\/wp\/v2\/product\/1268","targetHints":{"allow":["GET"]}}],"collection":[{"href":"https:\/\/parashopnarimel.com\/ar\/wp-json\/wp\/v2\/product"}],"about":[{"href":"https:\/\/parashopnarimel.com\/ar\/wp-json\/wp\/v2\/types\/product"}],"replies":[{"embeddable":true,"href":"https:\/\/parashopnarimel.com\/ar\/wp-json\/wp\/v2\/comments?post=1268"}],"version-history":[{"count":2,"href":"https:\/\/parashopnarimel.com\/ar\/wp-json\/wp\/v2\/product\/1268\/revisions"}],"predecessor-version":[{"id":8238,"href":"https:\/\/parashopnarimel.com\/ar\/wp-json\/wp\/v2\/product\/1268\/revisions\/8238"}],"wp:featuredmedia":[{"embeddable":true,"href":"https:\/\/parashopnarimel.com\/ar\/wp-json\/wp\/v2\/media\/1348"}],"wp:attachment":[{"href":"https:\/\/parashopnarimel.com\/ar\/wp-json\/wp\/v2\/media?parent=1268"}],"wp:term":[{"taxonomy":"product_brand","embeddable":true,"href":"https:\/\/parashopnarimel.com\/ar\/wp-json\/wp\/v2\/product_brand?post=1268"},{"taxonomy":"product_cat","embeddable":true,"href":"https:\/\/parashopnarimel.com\/ar\/wp-json\/wp\/v2\/product_cat?post=1268"},{"taxonomy":"product_tag","embeddable":true,"href":"https:\/\/parashopnarimel.com\/ar\/wp-json\/wp\/v2\/product_tag?post=1268"}],"curies":[{"name":"wp","href":"https:\/\/api.w.org\/{rel}","templated":true}]}}