{"id":12785,"date":"2025-05-12T20:48:11","date_gmt":"2025-05-12T20:48:11","guid":{"rendered":"https:\/\/parashopnarimel.com\/?post_type=product&#038;p=12785"},"modified":"2026-04-18T22:27:39","modified_gmt":"2026-04-18T22:27:39","slug":"philips-oneblade-intimate-femme-et-homme-la-coupe-et-le-rasage-des-poils-pubiens-avec-une-protection-renforcee-de-la-peau-gant-exfoliant","status":"publish","type":"product","link":"https:\/\/parashopnarimel.com\/ar\/product\/philips-oneblade-intimate-femme-et-homme-la-coupe-et-le-rasage-des-poils-pubiens-avec-une-protection-renforcee-de-la-peau-gant-exfoliant\/","title":{"rendered":"PHILIPS Oneblade Intimate &#8211; FEMME ET HOMME, la Coupe et le Rasage des Poils Pubiens, avec une Protection Renforc\u00e9e de la Peau+ GANT EXFOLIANT"},"content":{"rendered":"<div id=\"featurebullets_feature_div\" class=\"celwidget\" data-feature-name=\"featurebullets\" data-csa-c-type=\"widget\" data-csa-c-content-id=\"featurebullets\" data-csa-c-slot-id=\"featurebullets_feature_div\" data-csa-c-asin=\"B0DFYN8174\" data-csa-c-is-in-initial-active-row=\"false\" data-csa-c-id=\"jlylkn-a9vpwx-klcmkr-o4fkwy\" data-cel-widget=\"featurebullets_feature_div\">\n<div id=\"feature-bullets\" class=\"a-section a-spacing-medium a-spacing-top-small\">\n<h3 class=\"p-p18v2-pex-area__desc-title pv-subheading--m pv-bold pv-margin-block-end--2xs\"><strong>Rasage doux et facile des zones intimes<\/strong><\/h3>\n<p class=\"p-p18v2-pex-area__desc-body pv-body--m pv-margin-block-end--2xs\">Des aisselles aux zones intimes, le OneBlade Intimate prot\u00e8ge votre peau sensible. Notre protection unique pr\u00e9serve encore mieux la peau des irritations. Vous ne souhaitez pas tout retirer\u00a0? Clipsez le sabot de coupe\u00a0!<\/p>\n<ul class=\"p-bullets p-large p-s01__bullets p-heading-medium\">\n<li class=\"p-s01__bullet\">Rasage doux et facile des zones intimes<\/li>\n<li class=\"p-s01__bullet\">2\u00a0lames SkinProtect<\/li>\n<li>Gant exfoliant<\/li>\n<li class=\"p-s01__bullet\">1\u00a0sabot<\/li>\n<li class=\"p-s01__bullet\">100\u00a0% \u00e9tanche<\/li>\n<li class=\"p-s01__bullet\">Rechargeable, 100\u00a0% \u00e9tanche<\/li>\n<\/ul>\n<\/div>\n<div id=\"feature-bullets\" class=\"a-section a-spacing-medium a-spacing-top-small\">\n<h3 class=\"p-heading-04-large p-heading-bold p-feature-title\">Prot\u00e8ge vos zones sensibles<\/h3>\n<p class=\"p-body-copy-02\">Notre lame SkinProtect offre une protection suppl\u00e9mentaire contre les irritations pour la peau sensible des aisselles et des zones intimes. Con\u00e7ue pour s&rsquo;adapter \u00e0 chaque courbe et \u00e0 chaque angle, pas trop pr\u00e8s pour plus de confort\u00a0!<\/p>\n<h3 class=\"p-heading-04-large p-heading-bold p-feature-title\">Rasoir et tondeuse bidirectionnels, 100\u00a0% \u00e9tanches, chargement USB-A.<\/h3>\n<p class=\"p-body-copy-02\">D\u00e9sormais, notre c\u00e9l\u00e8bre technologie OneBlade peut \u00eatre utilis\u00e9e sur vos aisselles et dans toutes les zones intimes, quelle que soit la longueur de votre pilosit\u00e9. La lame rapide coupe tous les poils avec 100\u00a0mouvements par seconde. Les bords arrondis et le pont de l&rsquo;outil de protection prot\u00e8gent la peau des aisselles et des zones intimes.<\/p>\n<p>&nbsp;<\/p>\n<h3 class=\"p-heading-04-large p-heading-bold p-feature-title\">Sabot amovible de 3\u00a0mm pour une coupe facile<\/h3>\n<p class=\"p-body-copy-02\">Vous ne souhaitez pas tout retirer\u00a0? Taillez les poils des zones intimes et des aisselles comme vous l&rsquo;entendez. Clipsez simplement le sabot amovible de 3\u00a0mm.<\/p>\n<h3 class=\"p-heading-04-large p-heading-bold p-feature-title\">Pour un rasage facile vers le haut ou vers le bas<\/h3>\n<p class=\"p-body-copy-02\">La lame double sens vous permet de raser dans les deux sens pour atteindre facilement les zones difficiles d&rsquo;acc\u00e8s, d\u00e9finir les contours ou personnaliser votre rasage avec pr\u00e9cision.<\/p>\n<h3 class=\"p-heading-04-large p-heading-bold p-feature-title\">100\u00a0% \u00e9tanche<\/h3>\n<p class=\"p-body-copy-02\">Certaines personnes pr\u00e9f\u00e8rent l&rsquo;utiliser sous l&rsquo;eau, d&rsquo;autres \u00e0 sec. OneBlade Intimate est enti\u00e8rement \u00e9tanche, avec une certification IPX7 (jusqu&rsquo;\u00e0 1\u00a0m de profondeur pendant 30\u00a0minutes). Vous pouvez ainsi vous raser pendant votre bain ou sous la douche, si c&rsquo;est ce que vous pr\u00e9f\u00e9rez. Le rasage \u00e0 sec est \u00e9galement possible, m\u00eame sans mousse \u00e0 raser. Rincez simplement \u00e0 l&rsquo;eau courante pour nettoyer.<\/p>\n<h3 class=\"p-heading-04-large p-heading-bold p-feature-title\">Batterie Ni-MH<\/h3>\n<p class=\"p-body-copy-02\">La batterie Ni-MH rechargeable offre 30\u00a0minutes d&rsquo;autonomie continue. Une charge compl\u00e8te prend 8\u00a0heures.<\/p>\n<h3 class=\"p-heading-04-large p-heading-bold p-feature-title\">Lames utilisables jusqu&rsquo;\u00e0 4\u00a0mois*<\/h3>\n<p class=\"p-body-copy-02\">Nos lames sont fabriqu\u00e9es en acier inoxydable, garantissant jusqu&rsquo;\u00e0 4\u00a0mois d&rsquo;utilisation*. Vous n&rsquo;avez donc \u00e0 les changer que 3\u00a0fois par an. Pour vous faciliter la vie, cr\u00e9ez un rappel sur votre t\u00e9l\u00e9phone afin de savoir quand vous devez acheter une nouvelle lame. Car une lame aiguis\u00e9e, c&rsquo;est la cl\u00e9 pour raser les poils \u00e9pais et boucl\u00e9s rapidement et facilement.<\/p>\n<div class=\"p-s12__feature-item p-spacing-bottom-c\">\n<div class=\"p-s12__feature-description p-spacing-bottom-a\">\n<h3 class=\"p-heading-04-large p-heading-bold p-feature-title\">Charge USB-A<\/h3>\n<p class=\"p-body-copy-02\">OneBlade Intimate peut \u00eatre charg\u00e9 o\u00f9 que vous soyez gr\u00e2ce \u00e0 son port USB-A, l&rsquo;id\u00e9al au quotidien et en d\u00e9placement.<\/p>\n<\/div>\n<\/div>\n<h1 class=\"a-size-base-plus a-text-bold\">A propos de cet article<\/h1>\n<ul class=\"a-unordered-list a-vertical a-spacing-mini\">\n<li class=\"a-spacing-mini\"><span class=\"a-list-item\">Technologie OneBlade unique : l&rsquo;\u00e9l\u00e9ment de coupe ultra-rapide (100 mouvements par seconde) coupe tous les poils, quelle que soit leur longueur, Le syst\u00e8me de protection et les bords arrondis prot\u00e8gent la peau sensible des aisselles et des parties intimes, <\/span><\/li>\n<li class=\"a-spacing-mini\"><span class=\"a-list-item\">La lame SkinProtect, dot\u00e9e d&rsquo;un syst\u00e8me de triple protection, de bords arrondis, d&rsquo;un pont et de pointes arrondies, est con\u00e7ue pour pr\u00e9venir les irritations cutan\u00e9es telles que les bosses et le feu du rasoir. <\/span><\/li>\n<li class=\"a-spacing-mini\"><span class=\"a-list-item\">Un seul appareil pour raser et tondre les poils tout en prot\u00e9geant votre peau : le sabot corps amovible de 3 mm vous permet de tondre rapidement et facilement les poils pubiens, quel que soit le sens de tonte <\/span><\/li>\n<li class=\"a-spacing-mini\"><span class=\"a-list-item\">Les lames robustes en acier inoxydable durent jusqu&rsquo;\u00e0 4 mois (pour une exp\u00e9rience de rasage optimale, Sur la base de 2 rasages complets par semaine, R\u00e9sultats r\u00e9els sujets \u00e0 variations, ) <\/span><\/li>\n<li class=\"a-spacing-mini\"><span class=\"a-list-item\">Design parfaitement \u00e9tanche (IPX7), utilisable sur peau s\u00e8che ou humide, avec ou sans mousse, Pour de meilleurs r\u00e9sultats, On vous recommande de l&rsquo;utiliser sur peau s\u00e8che, Il suffit de rincer le produit sous l&rsquo;eau pour le nettoyer <\/span><\/li>\n<\/ul>\n<\/div>\n<\/div>\n<div id=\"brandSnapshot_feature_div\" class=\"celwidget\" data-feature-name=\"brandSnapshot_desktop\" data-csa-c-type=\"widget\" data-csa-c-content-id=\"brandSnapshot_desktop\" data-csa-c-slot-id=\"brandSnapshot_feature_div\" data-csa-c-asin=\"B0DFYN8174\" data-csa-c-is-in-initial-active-row=\"false\" data-csa-c-id=\"ihzudt-pnn6q7-o44jc7-bwf1ii\" data-cel-widget=\"brandSnapshot_feature_div\">\n<div class=\"a-cardui-deck\" data-a-remove-top-gutter=\"\" data-a-remove-bottom-gutter=\"\">\n<div class=\"a-cardui brand-snapshot-card-container\" data-a-card-type=\"basic\">\n<div class=\"a-cardui-body brand-snapshot-card-container brand-snapshot-card-content\">\n<div class=\"a-section a-spacing-medium brand-snapshot-flex-row\" role=\"heading\">\n<div class=\"a-section a-text-center brand-snapshot-title-container\">\n<p>Top Brand<\/p>\n<\/div>\n<p><span class=\"a-size-medium a-text-bold\">Philips<\/span><\/p>\n<\/div>\n<div role=\"list\">\n<div class=\"a-section a-spacing-base brand-snapshot-flex-row\" role=\"listitem\">\n<p><img decoding=\"async\" class=\"brand-snapshot-item-image\" src=\"https:\/\/m.media-amazon.com\/images\/I\/01S5bawZYgL.png\" alt=\"\" width=\"18\" height=\"18\" \/>93% de notes positives de la part de 50K+ clients<\/p>\n<\/div>\n<div class=\"a-section a-spacing-base brand-snapshot-flex-row\" role=\"listitem\">\n<p><img decoding=\"async\" class=\"brand-snapshot-item-image\" src=\"https:\/\/m.media-amazon.com\/images\/I\/01S5bawZYgL.png\" alt=\"\" width=\"18\" height=\"18\" \/>100K+ commandes r\u00e9centes de cette marque<\/p>\n<\/div>\n<\/div>\n<\/div>\n<\/div>\n<\/div>\n<\/div>\n<p>&nbsp;<\/p>","protected":false},"excerpt":{"rendered":"<ul>\n<li>Rasage doux et facile des zones intimes<\/li>\n<li class=\"p-heading-04-large p-heading-bold p-feature-title\">Prot\u00e8ge vos zones sensibles<\/li>\n<li class=\"p-heading-04-large p-heading-bold p-feature-title\">2\u00a0lames SkinProtect<\/li>\n<li>Gant exfoliant<\/li>\n<\/ul>\n<ul class=\"p-bullets p-large p-s01__bullets p-heading-medium\">\n<li class=\"p-s01__bullet\">1\u00a0sabot<\/li>\n<li class=\"p-s01__bullet\">100\u00a0% \u00e9tanche<\/li>\n<li class=\"p-s01__bullet\">Rechargeable, 100\u00a0% \u00e9tanche<\/li>\n<\/ul>\n<p>&nbsp;<\/p>\n<p><img fetchpriority=\"high\" decoding=\"async\" class=\"alignnone size-medium wp-image-12788\" src=\"https:\/\/parashopnarimel.com\/wp-content\/uploads\/2025\/05\/71rXRa42v-L._AC_SL1500_-300x300.jpg\" alt=\"\" width=\"300\" height=\"300\" srcset=\"https:\/\/parashopnarimel.com\/wp-content\/uploads\/2025\/05\/71rXRa42v-L._AC_SL1500_-300x300.jpg 300w, https:\/\/parashopnarimel.com\/wp-content\/uploads\/2025\/05\/71rXRa42v-L._AC_SL1500_-1024x1024.jpg 1024w, https:\/\/parashopnarimel.com\/wp-content\/uploads\/2025\/05\/71rXRa42v-L._AC_SL1500_-150x150.jpg 150w, https:\/\/parashopnarimel.com\/wp-content\/uploads\/2025\/05\/71rXRa42v-L._AC_SL1500_-768x768.jpg 768w, https:\/\/parashopnarimel.com\/wp-content\/uploads\/2025\/05\/71rXRa42v-L._AC_SL1500_-12x12.jpg 12w, https:\/\/parashopnarimel.com\/wp-content\/uploads\/2025\/05\/71rXRa42v-L._AC_SL1500_-600x600.jpg 600w, https:\/\/parashopnarimel.com\/wp-content\/uploads\/2025\/05\/71rXRa42v-L._AC_SL1500_-1200x1200.jpg 1200w, https:\/\/parashopnarimel.com\/wp-content\/uploads\/2025\/05\/71rXRa42v-L._AC_SL1500_.jpg 1500w\" sizes=\"(max-width: 300px) 100vw, 300px\" \/> <img decoding=\"async\" class=\"alignnone size-medium wp-image-12789\" src=\"https:\/\/parashopnarimel.com\/wp-content\/uploads\/2025\/05\/817S1ARuR1L._AC_SL1500_-300x300.jpg\" alt=\"\" width=\"300\" height=\"300\" srcset=\"https:\/\/parashopnarimel.com\/wp-content\/uploads\/2025\/05\/817S1ARuR1L._AC_SL1500_-300x300.jpg 300w, https:\/\/parashopnarimel.com\/wp-content\/uploads\/2025\/05\/817S1ARuR1L._AC_SL1500_-1024x1024.jpg 1024w, https:\/\/parashopnarimel.com\/wp-content\/uploads\/2025\/05\/817S1ARuR1L._AC_SL1500_-150x150.jpg 150w, https:\/\/parashopnarimel.com\/wp-content\/uploads\/2025\/05\/817S1ARuR1L._AC_SL1500_-768x768.jpg 768w, https:\/\/parashopnarimel.com\/wp-content\/uploads\/2025\/05\/817S1ARuR1L._AC_SL1500_-12x12.jpg 12w, https:\/\/parashopnarimel.com\/wp-content\/uploads\/2025\/05\/817S1ARuR1L._AC_SL1500_-600x600.jpg 600w, https:\/\/parashopnarimel.com\/wp-content\/uploads\/2025\/05\/817S1ARuR1L._AC_SL1500_-1200x1200.jpg 1200w, https:\/\/parashopnarimel.com\/wp-content\/uploads\/2025\/05\/817S1ARuR1L._AC_SL1500_.jpg 1500w\" sizes=\"(max-width: 300px) 100vw, 300px\" \/> <img loading=\"lazy\" decoding=\"async\" class=\"alignnone size-medium wp-image-12790\" src=\"https:\/\/parashopnarimel.com\/wp-content\/uploads\/2025\/05\/81bVcn2fOFL._AC_SL1500_-300x300.jpg\" alt=\"\" width=\"300\" height=\"300\" srcset=\"https:\/\/parashopnarimel.com\/wp-content\/uploads\/2025\/05\/81bVcn2fOFL._AC_SL1500_-300x300.jpg 300w, https:\/\/parashopnarimel.com\/wp-content\/uploads\/2025\/05\/81bVcn2fOFL._AC_SL1500_-1024x1024.jpg 1024w, https:\/\/parashopnarimel.com\/wp-content\/uploads\/2025\/05\/81bVcn2fOFL._AC_SL1500_-150x150.jpg 150w, https:\/\/parashopnarimel.com\/wp-content\/uploads\/2025\/05\/81bVcn2fOFL._AC_SL1500_-768x768.jpg 768w, https:\/\/parashopnarimel.com\/wp-content\/uploads\/2025\/05\/81bVcn2fOFL._AC_SL1500_-12x12.jpg 12w, https:\/\/parashopnarimel.com\/wp-content\/uploads\/2025\/05\/81bVcn2fOFL._AC_SL1500_-600x600.jpg 600w, https:\/\/parashopnarimel.com\/wp-content\/uploads\/2025\/05\/81bVcn2fOFL._AC_SL1500_-1200x1200.jpg 1200w, https:\/\/parashopnarimel.com\/wp-content\/uploads\/2025\/05\/81bVcn2fOFL._AC_SL1500_.jpg 1500w\" sizes=\"(max-width: 300px) 100vw, 300px\" \/> <img loading=\"lazy\" decoding=\"async\" class=\"alignnone size-medium wp-image-12791\" src=\"https:\/\/parashopnarimel.com\/wp-content\/uploads\/2025\/05\/71zDd1NwUeL._AC_SL1500_-300x300.jpg\" alt=\"\" width=\"300\" height=\"300\" srcset=\"https:\/\/parashopnarimel.com\/wp-content\/uploads\/2025\/05\/71zDd1NwUeL._AC_SL1500_-300x300.jpg 300w, https:\/\/parashopnarimel.com\/wp-content\/uploads\/2025\/05\/71zDd1NwUeL._AC_SL1500_-1024x1024.jpg 1024w, https:\/\/parashopnarimel.com\/wp-content\/uploads\/2025\/05\/71zDd1NwUeL._AC_SL1500_-150x150.jpg 150w, https:\/\/parashopnarimel.com\/wp-content\/uploads\/2025\/05\/71zDd1NwUeL._AC_SL1500_-768x768.jpg 768w, https:\/\/parashopnarimel.com\/wp-content\/uploads\/2025\/05\/71zDd1NwUeL._AC_SL1500_-12x12.jpg 12w, https:\/\/parashopnarimel.com\/wp-content\/uploads\/2025\/05\/71zDd1NwUeL._AC_SL1500_-600x600.jpg 600w, https:\/\/parashopnarimel.com\/wp-content\/uploads\/2025\/05\/71zDd1NwUeL._AC_SL1500_-1200x1200.jpg 1200w, https:\/\/parashopnarimel.com\/wp-content\/uploads\/2025\/05\/71zDd1NwUeL._AC_SL1500_.jpg 1500w\" sizes=\"(max-width: 300px) 100vw, 300px\" \/><\/p>\n<p>&nbsp;<\/p>\n<p>&nbsp;<\/p>\n<p>&nbsp;<\/p>","protected":false},"featured_media":12911,"comment_status":"open","ping_status":"closed","template":"","meta":[],"product_brand":[],"product_cat":[2887,2892],"product_tag":[],"class_list":{"0":"post-12785","1":"product","2":"type-product","3":"status-publish","4":"has-post-thumbnail","6":"product_cat-accessoires","7":"product_cat-rasage","9":"first","10":"instock","11":"featured","12":"shipping-taxable","13":"purchasable","14":"product-type-simple"},"_links":{"self":[{"href":"https:\/\/parashopnarimel.com\/ar\/wp-json\/wp\/v2\/product\/12785","targetHints":{"allow":["GET"]}}],"collection":[{"href":"https:\/\/parashopnarimel.com\/ar\/wp-json\/wp\/v2\/product"}],"about":[{"href":"https:\/\/parashopnarimel.com\/ar\/wp-json\/wp\/v2\/types\/product"}],"replies":[{"embeddable":true,"href":"https:\/\/parashopnarimel.com\/ar\/wp-json\/wp\/v2\/comments?post=12785"}],"version-history":[{"count":4,"href":"https:\/\/parashopnarimel.com\/ar\/wp-json\/wp\/v2\/product\/12785\/revisions"}],"predecessor-version":[{"id":12887,"href":"https:\/\/parashopnarimel.com\/ar\/wp-json\/wp\/v2\/product\/12785\/revisions\/12887"}],"wp:featuredmedia":[{"embeddable":true,"href":"https:\/\/parashopnarimel.com\/ar\/wp-json\/wp\/v2\/media\/12911"}],"wp:attachment":[{"href":"https:\/\/parashopnarimel.com\/ar\/wp-json\/wp\/v2\/media?parent=12785"}],"wp:term":[{"taxonomy":"product_brand","embeddable":true,"href":"https:\/\/parashopnarimel.com\/ar\/wp-json\/wp\/v2\/product_brand?post=12785"},{"taxonomy":"product_cat","embeddable":true,"href":"https:\/\/parashopnarimel.com\/ar\/wp-json\/wp\/v2\/product_cat?post=12785"},{"taxonomy":"product_tag","embeddable":true,"href":"https:\/\/parashopnarimel.com\/ar\/wp-json\/wp\/v2\/product_tag?post=12785"}],"curies":[{"name":"wp","href":"https:\/\/api.w.org\/{rel}","templated":true}]}}