{"id":12807,"date":"2025-05-14T23:27:54","date_gmt":"2025-05-14T23:27:54","guid":{"rendered":"https:\/\/parashopnarimel.com\/?post_type=product&#038;p=12807"},"modified":"2026-03-20T00:36:32","modified_gmt":"2026-03-20T00:36:32","slug":"recharge-lame-360-degres-one-blade-philips-x1","status":"publish","type":"product","link":"https:\/\/parashopnarimel.com\/ar\/product\/recharge-lame-360-degres-one-blade-philips-x1\/","title":{"rendered":"Recharge lame 360 degres one blade PHILIPS x1"},"content":{"rendered":"<ul class=\"tabs-header clearfix\" role=\"tablist\">\n<li class=\"product-information-group\">\n<p class=\"pdp-description-text pdp-description-text-bold\">Tailler, styliser, raser facilement n\u2019importe quelle longueur Con\u00e7u pour couper les poils et non la peau La lame 360 innovante pivote dans toutes les directions pour s\u2019adapter aux courbes de votre visage. Son design assure un contact permanent avec la peau et une ma\u00eetrise parfaite. Taillez et rasez facilement les zones les plus difficiles \u00e0 atteindre, avec moins de passages et plus de confort. Facile \u00e0 utiliser Une lame qui ne s&rsquo;\u00e9mousse pas facilement Lame 360 innovante Stylisez en moins de gestes Lame double sens \u00c9tat d\u2019usure \u00c9tanche Rasage confortable Compatible avec tous les mod\u00e8les OneBlade, \u00e0 l\u2019exception du mod\u00e8le QP15XX Technologie unique OneBlad<\/p>\n<\/li>\n<li class=\"product-information-group\">\n<p class=\"pdp-description-text pdp-description-text-bold\">Lame compatible avec toutes les tondeuses One blade<\/p>\n<\/li>\n<\/ul>\n<p>&nbsp;<\/p>","protected":false},"excerpt":{"rendered":"<ul class=\"tabs-header clearfix\" role=\"tablist\">\n<li class=\"product-information-group\">La lame en acier inoxydable 360 rotatio<\/li>\n<li class=\"product-information-group\">Lame compatible avec toutes les tondeuses One blade<\/li>\n<\/ul>\n<p>&nbsp;<\/p>","protected":false},"featured_media":12809,"comment_status":"open","ping_status":"closed","template":"","meta":[],"product_brand":[],"product_cat":[2887,2892],"product_tag":[],"class_list":{"0":"post-12807","1":"product","2":"type-product","3":"status-publish","4":"has-post-thumbnail","6":"product_cat-accessoires","7":"product_cat-rasage","9":"first","10":"instock","11":"sale","12":"shipping-taxable","13":"purchasable","14":"product-type-simple"},"_links":{"self":[{"href":"https:\/\/parashopnarimel.com\/ar\/wp-json\/wp\/v2\/product\/12807","targetHints":{"allow":["GET"]}}],"collection":[{"href":"https:\/\/parashopnarimel.com\/ar\/wp-json\/wp\/v2\/product"}],"about":[{"href":"https:\/\/parashopnarimel.com\/ar\/wp-json\/wp\/v2\/types\/product"}],"replies":[{"embeddable":true,"href":"https:\/\/parashopnarimel.com\/ar\/wp-json\/wp\/v2\/comments?post=12807"}],"version-history":[{"count":3,"href":"https:\/\/parashopnarimel.com\/ar\/wp-json\/wp\/v2\/product\/12807\/revisions"}],"predecessor-version":[{"id":12923,"href":"https:\/\/parashopnarimel.com\/ar\/wp-json\/wp\/v2\/product\/12807\/revisions\/12923"}],"wp:featuredmedia":[{"embeddable":true,"href":"https:\/\/parashopnarimel.com\/ar\/wp-json\/wp\/v2\/media\/12809"}],"wp:attachment":[{"href":"https:\/\/parashopnarimel.com\/ar\/wp-json\/wp\/v2\/media?parent=12807"}],"wp:term":[{"taxonomy":"product_brand","embeddable":true,"href":"https:\/\/parashopnarimel.com\/ar\/wp-json\/wp\/v2\/product_brand?post=12807"},{"taxonomy":"product_cat","embeddable":true,"href":"https:\/\/parashopnarimel.com\/ar\/wp-json\/wp\/v2\/product_cat?post=12807"},{"taxonomy":"product_tag","embeddable":true,"href":"https:\/\/parashopnarimel.com\/ar\/wp-json\/wp\/v2\/product_tag?post=12807"}],"curies":[{"name":"wp","href":"https:\/\/api.w.org\/{rel}","templated":true}]}}