{"id":12943,"date":"2025-05-27T23:31:08","date_gmt":"2025-05-27T23:31:08","guid":{"rendered":"https:\/\/parashopnarimel.com\/?post_type=product&#038;p=12943"},"modified":"2026-01-06T19:42:55","modified_gmt":"2026-01-06T19:42:55","slug":"bioderma-pigmentbio-sensitive-areas-soin-eclaircissant-cible-75ml","status":"publish","type":"product","link":"https:\/\/parashopnarimel.com\/ar\/product\/bioderma-pigmentbio-sensitive-areas-soin-eclaircissant-cible-75ml\/","title":{"rendered":"Bioderma Pigmentbio Sensitive Areas Soin Eclaircissant Cibl\u00e9 75ml"},"content":{"rendered":"<div id=\"hello\">\n<section class=\"page-product-box wrapper\">\n<div class=\"cat_desc rte\">\n<h3>Une action pr\u00e9ventive et correctrice sur les taches pigmentaires<\/h3>\n<p>Avec l\u2019\u00e2ge, les frottements r\u00e9p\u00e9t\u00e9s, les \u00e9pilations ou les r\u00e9actions cutan\u00e9es, certaines zones du corps peuvent devenir plus sombres ou plus pigment\u00e9es. Pour att\u00e9nuer cette\u00a0<strong>hyperpigmentation localis\u00e9e<\/strong>, Bioderma a con\u00e7u le soin \u00e9claircissant Pigmentbio. Adapt\u00e9e aux zones sensibles, cette\u00a0<strong>cr\u00e8me anti-taches<\/strong>\u00a0permet de :<\/p>\n<ul>\n<li><strong>\u00e9claircir et uniformiser<\/strong>\u00a0les zones sensibles : genoux, coudes, aisselles, cuisses, aines, zones intimes<\/li>\n<li><strong>pr\u00e9venir l\u2019hyperpigmentation<\/strong>\u00a0et les taches brunes<\/li>\n<li><strong>estomper les rougeurs<\/strong>\u00a0et diff\u00e9rences colorielles cutan\u00e9es<\/li>\n<li>apaiser la peau<\/li>\n<\/ul>\n<p>Gr\u00e2ce \u00e0 ses actifs brevet\u00e9s, ce soin visage Bioderma r\u00e9gule les m\u00e9canismes biologiques responsables des taches brunes. Rapidement, la peau est plus uniforme, hydrat\u00e9e et apais\u00e9e.<\/p>\n<p>Dot\u00e9 d\u2019une texture onctueuse, le\u00a0<strong>soin cibl\u00e9 \u00e9claircissant Pigmentbio<\/strong>\u00a0de Bioderma p\u00e9n\u00e8tre rapidement sans laisser de film gras. Test\u00e9 sous contr\u00f4le dermatologique, il offre une\u00a0<strong>tr\u00e8s bonne tol\u00e9rance<\/strong>\u00a0et un\u00a0<strong>effet \u00e9claircissant optimal<\/strong>.<\/p>\n<\/div>\n<\/section>\n<\/div>\n<div id=\"settings\">\n<section class=\"page-product-box\">\n<div id=\"conseil-d-utilisation\"><\/div>\n<section class=\"section_native_menu tab_content_1  page-product-box tab-pane\">\n<div data-tab=\"21\">\n<h4 class=\"page-product-heading page-heading-title\">Conseil d\u2019utilisation<\/h4>\n<div class=\"wrapper-content-tabs\">\n<p>Appliquez 1 \u00e0 2 fois par jour sur les zones concern\u00e9es pr\u00e9alablement nettoy\u00e9es.<\/p>\n<p>Ce soin peut s\u2019utiliser directement apr\u00e8s une \u00e9pilation ou un rasage pour aider \u00e0 pr\u00e9venir la formation de rougeurs et de diff\u00e9rences colorielles.<\/p>\n<\/div>\n<\/div>\n<\/section>\n<\/section>\n<\/div>\n<p>&nbsp;<\/p>","protected":false},"excerpt":{"rendered":"<ul>\n<li><strong>\u00e9claircir et uniformiser<\/strong>\u00a0les zones sensibles : genoux, coudes, aisselles, cuisses, aines, zones intimes<\/li>\n<li><strong>pr\u00e9venir l\u2019hyperpigmentation<\/strong>\u00a0et les taches brunes<\/li>\n<li><strong>estomper les rougeurs<\/strong>\u00a0et diff\u00e9rences colorielles cutan\u00e9es<\/li>\n<li>apaiser la peau<\/li>\n<li><img fetchpriority=\"high\" decoding=\"async\" class=\"alignnone wp-image-12945 size-medium\" src=\"https:\/\/parashopnarimel.com\/wp-content\/uploads\/2025\/05\/Bioderma-Pigmentbio-Sensitive-Areas-Soin-Eclaircissant-Cible-75ml-4-e1748388543627-300x289.jpg\" alt=\"\" width=\"300\" height=\"289\" srcset=\"https:\/\/parashopnarimel.com\/wp-content\/uploads\/2025\/05\/Bioderma-Pigmentbio-Sensitive-Areas-Soin-Eclaircissant-Cible-75ml-4-e1748388543627-300x289.jpg 300w, https:\/\/parashopnarimel.com\/wp-content\/uploads\/2025\/05\/Bioderma-Pigmentbio-Sensitive-Areas-Soin-Eclaircissant-Cible-75ml-4-e1748388543627-12x12.jpg 12w, https:\/\/parashopnarimel.com\/wp-content\/uploads\/2025\/05\/Bioderma-Pigmentbio-Sensitive-Areas-Soin-Eclaircissant-Cible-75ml-4-e1748388543627-150x145.jpg 150w, https:\/\/parashopnarimel.com\/wp-content\/uploads\/2025\/05\/Bioderma-Pigmentbio-Sensitive-Areas-Soin-Eclaircissant-Cible-75ml-4-e1748388543627.jpg 493w\" sizes=\"(max-width: 300px) 100vw, 300px\" \/><\/li>\n<\/ul>\n<p>&nbsp;<\/p>","protected":false},"featured_media":12944,"comment_status":"open","ping_status":"closed","template":"","meta":[],"product_brand":[],"product_cat":[1110,2911,2886],"product_tag":[],"class_list":{"0":"post-12943","1":"product","2":"type-product","3":"status-publish","4":"has-post-thumbnail","6":"product_cat-anti-taches","7":"product_cat-creme-corps","8":"product_cat-soins-corps","10":"first","11":"instock","12":"shipping-taxable","13":"purchasable","14":"product-type-simple"},"_links":{"self":[{"href":"https:\/\/parashopnarimel.com\/ar\/wp-json\/wp\/v2\/product\/12943","targetHints":{"allow":["GET"]}}],"collection":[{"href":"https:\/\/parashopnarimel.com\/ar\/wp-json\/wp\/v2\/product"}],"about":[{"href":"https:\/\/parashopnarimel.com\/ar\/wp-json\/wp\/v2\/types\/product"}],"replies":[{"embeddable":true,"href":"https:\/\/parashopnarimel.com\/ar\/wp-json\/wp\/v2\/comments?post=12943"}],"version-history":[{"count":2,"href":"https:\/\/parashopnarimel.com\/ar\/wp-json\/wp\/v2\/product\/12943\/revisions"}],"predecessor-version":[{"id":12947,"href":"https:\/\/parashopnarimel.com\/ar\/wp-json\/wp\/v2\/product\/12943\/revisions\/12947"}],"wp:featuredmedia":[{"embeddable":true,"href":"https:\/\/parashopnarimel.com\/ar\/wp-json\/wp\/v2\/media\/12944"}],"wp:attachment":[{"href":"https:\/\/parashopnarimel.com\/ar\/wp-json\/wp\/v2\/media?parent=12943"}],"wp:term":[{"taxonomy":"product_brand","embeddable":true,"href":"https:\/\/parashopnarimel.com\/ar\/wp-json\/wp\/v2\/product_brand?post=12943"},{"taxonomy":"product_cat","embeddable":true,"href":"https:\/\/parashopnarimel.com\/ar\/wp-json\/wp\/v2\/product_cat?post=12943"},{"taxonomy":"product_tag","embeddable":true,"href":"https:\/\/parashopnarimel.com\/ar\/wp-json\/wp\/v2\/product_tag?post=12943"}],"curies":[{"name":"wp","href":"https:\/\/api.w.org\/{rel}","templated":true}]}}