{"id":12948,"date":"2025-05-27T23:36:05","date_gmt":"2025-05-27T23:36:05","guid":{"rendered":"https:\/\/parashopnarimel.com\/?post_type=product&#038;p=12948"},"modified":"2025-09-22T22:16:02","modified_gmt":"2025-09-22T22:16:02","slug":"bioderma-pigmentbio-foaming-cream-nettoyant-eclaircissant-200ml-2","status":"publish","type":"product","link":"https:\/\/parashopnarimel.com\/ar\/product\/bioderma-pigmentbio-foaming-cream-nettoyant-eclaircissant-200ml-2\/","title":{"rendered":"Bioderma Pigmentbio Foaming Cream Nettoyant Eclaircissant 200Ml"},"content":{"rendered":"<h6>Une mousse nettoyante contre les taches brunes<\/h6>\n<p>La\u00a0<strong>Cr\u00e8me Moussante \u00c9claircissante Pigmentbio<\/strong>\u00a0de\u00a0<strong>Bioderma<\/strong>\u00a0est une\u00a0<strong>mousse nettoyante<\/strong>\u00a0con\u00e7ue pour corriger et estomper les\u00a0<strong>taches brunes<\/strong>. Sa formule riche en AHA lisse le grain de peau et r\u00e9v\u00e8le l\u2019\u00e9clat du teint.<\/p>\n<div id=\"hello\">\n<section class=\"page-product-box wrapper\">\n<div class=\"cat_desc rte\">\n<h3>Une action \u00e9claircissante pour une peau lumineuse<\/h3>\n<p>Pour att\u00e9nuer les taches pigmentaires et raviver l\u2019\u00e9clat du teint, Bioderma a con\u00e7u la\u00a0<strong>cr\u00e8me moussante Pigmentbio<\/strong>. Formul\u00e9 \u00e0 partir d\u2019AHA et de micro-billes exfoliantes, ce\u00a0<strong>nettoyant visage<\/strong>\u00a0permet de r\u00e9guler les m\u00e9canismes biologiques \u00e0 l\u2019origine de l\u2019hyperpigmentation et de favoriser la disparition des taches brunes.<\/p>\n<p>Gr\u00e2ce \u00e0 son association d\u2019actifs brevet\u00e9s, cette\u00a0<strong>cr\u00e8me anti-taches<\/strong>\u00a0pr\u00e9vient l\u2019apparition des taches et ravive la beaut\u00e9 de la peau :<\/p>\n<ul>\n<li>la base lavante nettoie en douceur<\/li>\n<li>les\u00a0<strong>AHA<\/strong>\u00a0(acide citrique) et\u00a0<strong>micro-billes<\/strong>\u00a0exfolient la peau et \u00e9liminent les impuret\u00e9s.<\/li>\n<li>les\u00a0<strong>actifs hydratants<\/strong>\u00a0(coco-glucoside et ol\u00e9ate de glyc\u00e9riyl) pr\u00e9servent l\u2019hydratation cutan\u00e9e.<\/li>\n<li>le\u00a0<strong>complexe brevet\u00e9 D.A.F<\/strong>\u00a0augmente le seuil de tol\u00e9rance des peaux sensibles.<\/li>\n<\/ul>\n<p>La\u00a0<strong>Cr\u00e8me Moussante \u00c9claircissante Pigmentbio<\/strong>\u00a0offre une\u00a0<strong>efficacit\u00e9 \u00e9claircissante<\/strong>\u00a0pr\u00e9ventive et corrective optimale. Elle att\u00e9nue l\u2019hyperpigmentation, unifie l\u2019\u00e9piderme et ravive l\u2019\u00e9clat du teint.<\/p>\n<\/div>\n<\/section>\n<\/div>\n<p>&nbsp;<\/p>","protected":false},"excerpt":{"rendered":"<p>Une mousse nettoyante contre les taches brunes La Cr\u00e8me Moussante \u00c9claircissante Pigmentbio de Bioderma est une mousse nettoyante con\u00e7ue pour corriger et estomper les taches brunes.<\/p>\n<p>&nbsp;<\/p>","protected":false},"featured_media":12949,"comment_status":"open","ping_status":"closed","template":"","meta":[],"product_brand":[],"product_cat":[96,1110,2908,2910,22,2912],"product_tag":[],"class_list":{"0":"post-12948","1":"product","2":"type-product","3":"status-publish","4":"has-post-thumbnail","6":"product_cat-non-classe","7":"product_cat-anti-taches","8":"product_cat-gommage-et-peeling","9":"product_cat-masques","10":"product_cat-nettoyant","11":"product_cat-nettoyant-corps","13":"first","14":"instock","15":"shipping-taxable","16":"purchasable","17":"product-type-simple"},"_links":{"self":[{"href":"https:\/\/parashopnarimel.com\/ar\/wp-json\/wp\/v2\/product\/12948","targetHints":{"allow":["GET"]}}],"collection":[{"href":"https:\/\/parashopnarimel.com\/ar\/wp-json\/wp\/v2\/product"}],"about":[{"href":"https:\/\/parashopnarimel.com\/ar\/wp-json\/wp\/v2\/types\/product"}],"replies":[{"embeddable":true,"href":"https:\/\/parashopnarimel.com\/ar\/wp-json\/wp\/v2\/comments?post=12948"}],"version-history":[{"count":1,"href":"https:\/\/parashopnarimel.com\/ar\/wp-json\/wp\/v2\/product\/12948\/revisions"}],"predecessor-version":[{"id":12950,"href":"https:\/\/parashopnarimel.com\/ar\/wp-json\/wp\/v2\/product\/12948\/revisions\/12950"}],"wp:featuredmedia":[{"embeddable":true,"href":"https:\/\/parashopnarimel.com\/ar\/wp-json\/wp\/v2\/media\/12949"}],"wp:attachment":[{"href":"https:\/\/parashopnarimel.com\/ar\/wp-json\/wp\/v2\/media?parent=12948"}],"wp:term":[{"taxonomy":"product_brand","embeddable":true,"href":"https:\/\/parashopnarimel.com\/ar\/wp-json\/wp\/v2\/product_brand?post=12948"},{"taxonomy":"product_cat","embeddable":true,"href":"https:\/\/parashopnarimel.com\/ar\/wp-json\/wp\/v2\/product_cat?post=12948"},{"taxonomy":"product_tag","embeddable":true,"href":"https:\/\/parashopnarimel.com\/ar\/wp-json\/wp\/v2\/product_tag?post=12948"}],"curies":[{"name":"wp","href":"https:\/\/api.w.org\/{rel}","templated":true}]}}