{"id":13035,"date":"2025-08-08T00:51:24","date_gmt":"2025-08-08T00:51:24","guid":{"rendered":"https:\/\/parashopnarimel.com\/product\/tondeuse-one-balde-360\/"},"modified":"2026-03-28T19:34:11","modified_gmt":"2026-03-28T19:34:11","slug":"tondeuse-one-balde-360","status":"publish","type":"product","link":"https:\/\/parashopnarimel.com\/ar\/product\/tondeuse-one-balde-360\/","title":{"rendered":"Tondeuse One Balde 360"},"content":{"rendered":"<p><strong>Tondeuse One Balde 36<span>0 .Le nouveau rasoir OneBlade 360 taille, stylise et rase les poils de n\u2019importe quelle longueur, en toute simplicit\u00e9. Rasez et taillez facilement, m\u00eame dans les zones les plus difficiles d\u2019acc\u00e8s*. Plus besoin de proc\u00e9der en plusieurs \u00e9tapes et d\u2019utiliser plusieurs accessoires.<\/span><span class=\"Apple-converted-space\"><span>&nbsp;<\/span><\/span><\/strong><\/p>","protected":false},"excerpt":{"rendered":"<p>Tondeuse One Balde 360 .Le nouveau rasoir OneBlade 360 taille, stylise et rase les poils de n\u2019importe quelle longueur, en<\/p>","protected":false},"featured_media":13033,"comment_status":"open","ping_status":"closed","template":"","meta":[],"product_brand":[],"product_cat":[2892],"product_tag":[],"class_list":{"0":"post-13035","1":"product","2":"type-product","3":"status-publish","4":"has-post-thumbnail","6":"product_cat-rasage","8":"first","9":"instock","10":"sold-individually","11":"shipping-taxable","12":"purchasable","13":"product-type-simple"},"_links":{"self":[{"href":"https:\/\/parashopnarimel.com\/ar\/wp-json\/wp\/v2\/product\/13035","targetHints":{"allow":["GET"]}}],"collection":[{"href":"https:\/\/parashopnarimel.com\/ar\/wp-json\/wp\/v2\/product"}],"about":[{"href":"https:\/\/parashopnarimel.com\/ar\/wp-json\/wp\/v2\/types\/product"}],"replies":[{"embeddable":true,"href":"https:\/\/parashopnarimel.com\/ar\/wp-json\/wp\/v2\/comments?post=13035"}],"version-history":[{"count":1,"href":"https:\/\/parashopnarimel.com\/ar\/wp-json\/wp\/v2\/product\/13035\/revisions"}],"predecessor-version":[{"id":13038,"href":"https:\/\/parashopnarimel.com\/ar\/wp-json\/wp\/v2\/product\/13035\/revisions\/13038"}],"wp:featuredmedia":[{"embeddable":true,"href":"https:\/\/parashopnarimel.com\/ar\/wp-json\/wp\/v2\/media\/13033"}],"wp:attachment":[{"href":"https:\/\/parashopnarimel.com\/ar\/wp-json\/wp\/v2\/media?parent=13035"}],"wp:term":[{"taxonomy":"product_brand","embeddable":true,"href":"https:\/\/parashopnarimel.com\/ar\/wp-json\/wp\/v2\/product_brand?post=13035"},{"taxonomy":"product_cat","embeddable":true,"href":"https:\/\/parashopnarimel.com\/ar\/wp-json\/wp\/v2\/product_cat?post=13035"},{"taxonomy":"product_tag","embeddable":true,"href":"https:\/\/parashopnarimel.com\/ar\/wp-json\/wp\/v2\/product_tag?post=13035"}],"curies":[{"name":"wp","href":"https:\/\/api.w.org\/{rel}","templated":true}]}}