{"id":1335,"date":"2024-12-29T06:26:01","date_gmt":"2024-12-29T06:26:01","guid":{"rendered":"https:\/\/parashopnarimel.com\/?post_type=product&#038;p=1335"},"modified":"2025-01-19T11:06:29","modified_gmt":"2025-01-19T11:06:29","slug":"kerastase-resistance-masque-force-architecte-200ml","status":"publish","type":"product","link":"https:\/\/parashopnarimel.com\/ar\/product\/kerastase-resistance-masque-force-architecte-200ml\/","title":{"rendered":"K\u00e9rastase R\u00e9sistance Masque Force Architecte 200ML"},"content":{"rendered":"<p>Ce masque soin r\u00e9pare les cheveux les plus ab\u00eem\u00e9s et affaiblis.Les \u00e9cailles du cheveu sont ressoud\u00e9es, le c\u0153ur de la fibre est renforc\u00e9 . La chevelure retrouve force et vitalit\u00e9.<br \/>\nGr\u00e2ce \u00e0 son complexe exclusif, les cheveux sont r\u00e9par\u00e9s de l\u2019int\u00e9rieur pour des r\u00e9sultats visibles dans le temps. *<br \/>\nSa texture cr\u00e8me facilite l\u2019application sur les longueurs. Le parfum aux notes fraiches procure un moment de bien-\u00eatre \u00e0 l\u2019application.<br \/>\nB\u00e9n\u00e9fices<br \/>\n\u2022 R\u00e9pare les cheveux<br \/>\n\u2022 Revitalise le cheveu<br \/>\n\u2022 Reconstruit la mati\u00e8re<br \/>\n\u2022 Facilite le d\u00e9m\u00ealage<\/p>","protected":false},"excerpt":{"rendered":"<p>Ce masque soin r\u00e9pare les cheveux les plus ab\u00eem\u00e9s et affaiblis.Les \u00e9cailles du cheveu sont ressoud\u00e9es, le c\u0153ur de la fibre est renforc\u00e9 . La chevelure retrouve force et vitalit\u00e9.<br \/>\nGr\u00e2ce \u00e0 son complexe exclusif, les cheveux sont r\u00e9par\u00e9s de l\u2019int\u00e9rieur pour des r\u00e9sultats visibles dans le temps. *<br \/>\nSa texture cr\u00e8me facilite l\u2019application sur les longueurs. Le parfum aux notes fraiches procure un moment de bien-\u00eatre \u00e0 l\u2019application.<br \/>\nB\u00e9n\u00e9fices<br \/>\n\u2022 R\u00e9pare les cheveux<br \/>\n\u2022 Revitalise le cheveu<br \/>\n\u2022 Reconstruit la mati\u00e8re<br \/>\n\u2022 Facilite le d\u00e9m\u00ealage<\/p>","protected":false},"featured_media":1422,"comment_status":"open","ping_status":"closed","template":"","meta":[],"product_brand":[],"product_cat":[2918],"product_tag":[],"class_list":{"0":"post-1335","1":"product","2":"type-product","3":"status-publish","4":"has-post-thumbnail","6":"product_cat-masque","8":"first","9":"instock","10":"shipping-taxable","11":"purchasable","12":"product-type-simple"},"_links":{"self":[{"href":"https:\/\/parashopnarimel.com\/ar\/wp-json\/wp\/v2\/product\/1335","targetHints":{"allow":["GET"]}}],"collection":[{"href":"https:\/\/parashopnarimel.com\/ar\/wp-json\/wp\/v2\/product"}],"about":[{"href":"https:\/\/parashopnarimel.com\/ar\/wp-json\/wp\/v2\/types\/product"}],"replies":[{"embeddable":true,"href":"https:\/\/parashopnarimel.com\/ar\/wp-json\/wp\/v2\/comments?post=1335"}],"version-history":[{"count":2,"href":"https:\/\/parashopnarimel.com\/ar\/wp-json\/wp\/v2\/product\/1335\/revisions"}],"predecessor-version":[{"id":8235,"href":"https:\/\/parashopnarimel.com\/ar\/wp-json\/wp\/v2\/product\/1335\/revisions\/8235"}],"wp:featuredmedia":[{"embeddable":true,"href":"https:\/\/parashopnarimel.com\/ar\/wp-json\/wp\/v2\/media\/1422"}],"wp:attachment":[{"href":"https:\/\/parashopnarimel.com\/ar\/wp-json\/wp\/v2\/media?parent=1335"}],"wp:term":[{"taxonomy":"product_brand","embeddable":true,"href":"https:\/\/parashopnarimel.com\/ar\/wp-json\/wp\/v2\/product_brand?post=1335"},{"taxonomy":"product_cat","embeddable":true,"href":"https:\/\/parashopnarimel.com\/ar\/wp-json\/wp\/v2\/product_cat?post=1335"},{"taxonomy":"product_tag","embeddable":true,"href":"https:\/\/parashopnarimel.com\/ar\/wp-json\/wp\/v2\/product_tag?post=1335"}],"curies":[{"name":"wp","href":"https:\/\/api.w.org\/{rel}","templated":true}]}}