{"id":1350,"date":"2024-12-29T06:26:24","date_gmt":"2024-12-29T06:26:24","guid":{"rendered":"https:\/\/parashopnarimel.com\/?post_type=product&#038;p=1350"},"modified":"2025-01-19T11:09:18","modified_gmt":"2025-01-19T11:09:18","slug":"kerastase-resistance-bain-force-architecte-250ml","status":"publish","type":"product","link":"https:\/\/parashopnarimel.com\/ar\/product\/kerastase-resistance-bain-force-architecte-250ml\/","title":{"rendered":"K\u00e9rastase R\u00e9sistance Bain Force Architecte 250ML"},"content":{"rendered":"<p>Le Bain Force Architecte comble et renforce la fibre de l\u2019int\u00e9rieur, jour apr\u00e8s jour, pour une mati\u00e8re douce, renforc\u00e9e et soyeuse.<br \/>\nLes cheveux tr\u00e8s affaiblis retrouvent vitalit\u00e9 et souplesse.<br \/>\nLa s\u00e8ve de resurrection, reconnue pour ses vertus r\u00e9g\u00e9n\u00e9ratrices offre \u00e0 la fibre capillaire offre et r\u00e9sistance.<br \/>\nSa texture gel mousse g\u00e9n\u00e9reusement pour purifier en profondeur le cuir chevelu et les longueurs. Le parfum aux notes fraiches procure un moment de bien-\u00eatre \u00e0 l\u2019application.<br \/>\nB\u00e9n\u00e9fices<br \/>\n\u2022 Nettoie en douceur<br \/>\n\u2022 Reconstruit la fibre capillaire<br \/>\n\u2022 R\u00e9pare les cheveux<br \/>\n\u2022 Apporte vitalit\u00e9 et souplesse<br \/>\n\u2022 Apporte brillance et douceur<\/p>","protected":false},"excerpt":{"rendered":"<p>Le Bain Force Architecte comble et renforce la fibre de l\u2019int\u00e9rieur, jour apr\u00e8s jour, pour une mati\u00e8re douce, renforc\u00e9e et soyeuse.<br \/>\nLes cheveux tr\u00e8s affaiblis retrouvent vitalit\u00e9 et souplesse.<br \/>\nLa s\u00e8ve de resurrection, reconnue pour ses vertus r\u00e9g\u00e9n\u00e9ratrices offre \u00e0 la fibre capillaire offre et r\u00e9sistance.<br \/>\nSa texture gel mousse g\u00e9n\u00e9reusement pour purifier en profondeur le cuir chevelu et les longueurs. Le parfum aux notes fraiches procure un moment de bien-\u00eatre \u00e0 l\u2019application.<br \/>\nB\u00e9n\u00e9fices<br \/>\n\u2022 Nettoie en douceur<br \/>\n\u2022 Reconstruit la fibre capillaire<br \/>\n\u2022 R\u00e9pare les cheveux<br \/>\n\u2022 Apporte vitalit\u00e9 et souplesse<br \/>\n\u2022 Apporte brillance et douceur<\/p>","protected":false},"featured_media":1424,"comment_status":"open","ping_status":"closed","template":"","meta":[],"product_brand":[],"product_cat":[1361],"product_tag":[],"class_list":{"0":"post-1350","1":"product","2":"type-product","3":"status-publish","4":"has-post-thumbnail","6":"product_cat-shampoings-pellicules-anti-chute","8":"first","9":"instock","10":"shipping-taxable","11":"purchasable","12":"product-type-simple"},"_links":{"self":[{"href":"https:\/\/parashopnarimel.com\/ar\/wp-json\/wp\/v2\/product\/1350","targetHints":{"allow":["GET"]}}],"collection":[{"href":"https:\/\/parashopnarimel.com\/ar\/wp-json\/wp\/v2\/product"}],"about":[{"href":"https:\/\/parashopnarimel.com\/ar\/wp-json\/wp\/v2\/types\/product"}],"replies":[{"embeddable":true,"href":"https:\/\/parashopnarimel.com\/ar\/wp-json\/wp\/v2\/comments?post=1350"}],"version-history":[{"count":1,"href":"https:\/\/parashopnarimel.com\/ar\/wp-json\/wp\/v2\/product\/1350\/revisions"}],"predecessor-version":[{"id":1425,"href":"https:\/\/parashopnarimel.com\/ar\/wp-json\/wp\/v2\/product\/1350\/revisions\/1425"}],"wp:featuredmedia":[{"embeddable":true,"href":"https:\/\/parashopnarimel.com\/ar\/wp-json\/wp\/v2\/media\/1424"}],"wp:attachment":[{"href":"https:\/\/parashopnarimel.com\/ar\/wp-json\/wp\/v2\/media?parent=1350"}],"wp:term":[{"taxonomy":"product_brand","embeddable":true,"href":"https:\/\/parashopnarimel.com\/ar\/wp-json\/wp\/v2\/product_brand?post=1350"},{"taxonomy":"product_cat","embeddable":true,"href":"https:\/\/parashopnarimel.com\/ar\/wp-json\/wp\/v2\/product_cat?post=1350"},{"taxonomy":"product_tag","embeddable":true,"href":"https:\/\/parashopnarimel.com\/ar\/wp-json\/wp\/v2\/product_tag?post=1350"}],"curies":[{"name":"wp","href":"https:\/\/api.w.org\/{rel}","templated":true}]}}