{"id":1351,"date":"2024-12-29T06:26:24","date_gmt":"2024-12-29T06:26:24","guid":{"rendered":"https:\/\/parashopnarimel.com\/?post_type=product&#038;p=1351"},"modified":"2025-01-19T11:08:55","modified_gmt":"2025-01-19T11:08:55","slug":"kerastase-resistance-masque-therapiste","status":"publish","type":"product","link":"https:\/\/parashopnarimel.com\/ar\/product\/kerastase-resistance-masque-therapiste\/","title":{"rendered":"K\u00e9rastase R\u00e9sistance Masque Th\u00e9rapiste"},"content":{"rendered":"<p>Des cheveux \u00e9clatants de brillance et doux au toucher\u00a0? Et si ce n\u2019\u00e9tait pas qu\u2019une lubie\u00a0? Le masque r\u00e9g\u00e9n\u00e9rant K\u00e9rastase Resistance Masque Th\u00e9rapiste est sp\u00e9cialement con\u00e7u pour soigner les cheveux tr\u00e8s affaiblis et ab\u00eem\u00e9s. Sa composition efficace et riche en extraits naturels fortifie les cheveux, les rend nettement plus sains et agr\u00e9ablement doux au toucher.<br \/>\nCaract\u00e9ristiques\u00a0:<\/p>\n<p>r\u00e9g\u00e9n\u00e8re et nourrit en profondeur les cheveux fragilis\u00e9s<br \/>\nr\u00e9pare les zones ab\u00eem\u00e9es des fibres capillaires<br \/>\nlisse les cheveux et les rend brillants de sant\u00e9<br \/>\nrenforce les cheveux affaiblis et fragilis\u00e9s<\/p>","protected":false},"excerpt":{"rendered":"<p>Des cheveux \u00e9clatants de brillance et doux au toucher\u00a0? Et si ce n\u2019\u00e9tait pas qu\u2019une lubie\u00a0? Le masque r\u00e9g\u00e9n\u00e9rant K\u00e9rastase Resistance Masque Th\u00e9rapiste est sp\u00e9cialement con\u00e7u pour soigner les cheveux tr\u00e8s affaiblis et ab\u00eem\u00e9s. Sa composition efficace et riche en extraits naturels fortifie les cheveux, les rend nettement plus sains et agr\u00e9ablement doux au toucher.<br \/>\nCaract\u00e9ristiques\u00a0:<\/p>\n<p>r\u00e9g\u00e9n\u00e8re et nourrit en profondeur les cheveux fragilis\u00e9s<br \/>\nr\u00e9pare les zones ab\u00eem\u00e9es des fibres capillaires<br \/>\nlisse les cheveux et les rend brillants de sant\u00e9<br \/>\nrenforce les cheveux affaiblis et fragilis\u00e9s<\/p>","protected":false},"featured_media":1426,"comment_status":"open","ping_status":"closed","template":"","meta":[],"product_brand":[],"product_cat":[2918],"product_tag":[],"class_list":{"0":"post-1351","1":"product","2":"type-product","3":"status-publish","4":"has-post-thumbnail","6":"product_cat-masque","8":"first","9":"instock","10":"sale","11":"shipping-taxable","12":"purchasable","13":"product-type-simple"},"_links":{"self":[{"href":"https:\/\/parashopnarimel.com\/ar\/wp-json\/wp\/v2\/product\/1351","targetHints":{"allow":["GET"]}}],"collection":[{"href":"https:\/\/parashopnarimel.com\/ar\/wp-json\/wp\/v2\/product"}],"about":[{"href":"https:\/\/parashopnarimel.com\/ar\/wp-json\/wp\/v2\/types\/product"}],"replies":[{"embeddable":true,"href":"https:\/\/parashopnarimel.com\/ar\/wp-json\/wp\/v2\/comments?post=1351"}],"version-history":[{"count":1,"href":"https:\/\/parashopnarimel.com\/ar\/wp-json\/wp\/v2\/product\/1351\/revisions"}],"predecessor-version":[{"id":1427,"href":"https:\/\/parashopnarimel.com\/ar\/wp-json\/wp\/v2\/product\/1351\/revisions\/1427"}],"wp:featuredmedia":[{"embeddable":true,"href":"https:\/\/parashopnarimel.com\/ar\/wp-json\/wp\/v2\/media\/1426"}],"wp:attachment":[{"href":"https:\/\/parashopnarimel.com\/ar\/wp-json\/wp\/v2\/media?parent=1351"}],"wp:term":[{"taxonomy":"product_brand","embeddable":true,"href":"https:\/\/parashopnarimel.com\/ar\/wp-json\/wp\/v2\/product_brand?post=1351"},{"taxonomy":"product_cat","embeddable":true,"href":"https:\/\/parashopnarimel.com\/ar\/wp-json\/wp\/v2\/product_cat?post=1351"},{"taxonomy":"product_tag","embeddable":true,"href":"https:\/\/parashopnarimel.com\/ar\/wp-json\/wp\/v2\/product_tag?post=1351"}],"curies":[{"name":"wp","href":"https:\/\/api.w.org\/{rel}","templated":true}]}}