{"id":1352,"date":"2024-12-29T06:26:24","date_gmt":"2024-12-29T06:26:24","guid":{"rendered":"https:\/\/parashopnarimel.com\/?post_type=product&#038;p=1352"},"modified":"2025-01-19T11:08:30","modified_gmt":"2025-01-19T11:08:30","slug":"kerastase-resistance-bain-therapiste-shampoing-reparateur-250ml","status":"publish","type":"product","link":"https:\/\/parashopnarimel.com\/ar\/product\/kerastase-resistance-bain-therapiste-shampoing-reparateur-250ml\/","title":{"rendered":"Kerastase Resistance Bain Th\u00e9rapiste Shampoing R\u00e9parateur 250ml"},"content":{"rendered":"<p>Le Bain Th\u00e9rapiste de K\u00e9rastase est un shampoing r\u00e9parateur pour cheveux sur-sollicit\u00e9s et tr\u00e8s abim\u00e9s.<br \/>\nIl nettoie le cuir chevelu tout en reconstituant la fibre capillaire. Les cheveux sont soyeux, les fourches disparaissent et la casse est \u00e9vit\u00e9e.<br \/>\nGr\u00e2ce \u00e0 l\u2019association de la technologie FIBRA-KAP(TM)\u00a0et de la s\u00e8ve de r\u00e9surrection, le Bain Th\u00e9rapiste agit sur la composition m\u00eame de la fibre. Ce shampoing r\u00e9parateur reconstitue en effet les KAPs et stimule leur synth\u00e8se. Ces micro-prot\u00e9ines situ\u00e9es entre les fibres k\u00e9ratiniques jouent un r\u00f4le important dans la coh\u00e9sion cellulaire. Or, elles ont tendance \u00e0 diminuer sous l\u2019effet d\u2019agressions ext\u00e9rieures, comme la chaleur, ou internes, comme les carences ou le stress. Lorsqu\u2019elles sont en nombre insuffisant, le cheveu s\u2019affaiblit et devient cassant. Un apport en KAPs permet donc \u00e0 la fibre de retrouver force et vitalit\u00e9.<br \/>\nLe Bain Th\u00e9rapiste de K\u00e9rastase est un shampoing \u00e0 la texture in\u00e9dite. Une fois appliqu\u00e9e sur le cuir chevelu, la gel\u00e9e \u00e9vite les frictions et produit une mousse g\u00e9n\u00e9reuse qui enveloppe la chevelure. Pour b\u00e9n\u00e9ficier de l\u2019action r\u00e9g\u00e9n\u00e9rante de ce shampoing r\u00e9parateur, il est recommand\u00e9 d\u2019effectuer deux bains. Le premier permet de nettoyer le cuir chevelu, alors que le deuxi\u00e8me agit pour reconstruire les longueurs et les pointes.<br \/>\nLa routine Th\u00e9rapiste est constitu\u00e9e de produits de soins capillaires dont l\u2019association optimise les r\u00e9sultats. Vous pouvez par exemple utiliser r\u00e9guli\u00e8rement le Masque Th\u00e9rapiste apr\u00e8s vous \u00eatre lav\u00e9 les cheveux avec le shampoing r\u00e9parateur. Vos cheveux profitent ainsi d\u2019un soin r\u00e9g\u00e9n\u00e9rateur profond et sont visiblement plus forts.<\/p>","protected":false},"excerpt":{"rendered":"<p>Le Bain Th\u00e9rapiste de K\u00e9rastase est un shampoing r\u00e9parateur pour cheveux sur-sollicit\u00e9s et tr\u00e8s abim\u00e9s.<br \/>\nIl nettoie le cuir chevelu tout en reconstituant la fibre capillaire. Les cheveux sont soyeux, les fourches disparaissent et la casse est \u00e9vit\u00e9e.<br \/>\nGr\u00e2ce \u00e0 l\u2019association de la technologie FIBRA-KAP(TM)\u00a0et de la s\u00e8ve de r\u00e9surrection, le Bain Th\u00e9rapiste agit sur la composition m\u00eame de la fibre. Ce shampoing r\u00e9parateur reconstitue en effet les KAPs et stimule leur synth\u00e8se. Ces micro-prot\u00e9ines situ\u00e9es entre les fibres k\u00e9ratiniques jouent un r\u00f4le important dans la coh\u00e9sion cellulaire. Or, elles ont tendance \u00e0 diminuer sous l\u2019effet d\u2019agressions ext\u00e9rieures, comme la chaleur, ou internes, comme les carences ou le stress. Lorsqu\u2019elles sont en nombre insuffisant, le cheveu s\u2019affaiblit et devient cassant. Un apport en KAPs permet donc \u00e0 la fibre de retrouver force et vitalit\u00e9.<br \/>\nLe Bain Th\u00e9rapiste de K\u00e9rastase est un shampoing \u00e0 la texture in\u00e9dite. Une fois appliqu\u00e9e sur le cuir chevelu, la gel\u00e9e \u00e9vite les frictions et produit une mousse g\u00e9n\u00e9reuse qui enveloppe la chevelure. Pour b\u00e9n\u00e9ficier de l\u2019action r\u00e9g\u00e9n\u00e9rante de ce shampoing r\u00e9parateur, il est recommand\u00e9 d\u2019effectuer deux bains. Le premier permet de nettoyer le cuir chevelu, alors que le deuxi\u00e8me agit pour reconstruire les longueurs et les pointes.<br \/>\nLa routine Th\u00e9rapiste est constitu\u00e9e de produits de soins capillaires dont l\u2019association optimise les r\u00e9sultats. Vous pouvez par exemple utiliser r\u00e9guli\u00e8rement le Masque Th\u00e9rapiste apr\u00e8s vous \u00eatre lav\u00e9 les cheveux avec le shampoing r\u00e9parateur. Vos cheveux profitent ainsi d\u2019un soin r\u00e9g\u00e9n\u00e9rateur profond et sont visiblement plus forts.<br \/>\nLe Bain Th\u00e9rapiste de K\u00e9rastase est un shampoing r\u00e9parateur pour cheveux sur-sollicit\u00e9s et tr\u00e8s abim\u00e9s.<br \/>\nIl nettoie le cuir chevelu tout en reconstituant la fibre capillaire. Les cheveux sont soyeux, les fourches disparaissent et la casse est \u00e9vit\u00e9e.<br \/>\nGr\u00e2ce \u00e0 l\u2019association de la technologie FIBRA-KAP(TM)\u00a0et de la s\u00e8ve de r\u00e9surrection, le Bain Th\u00e9rapiste agit sur la composition m\u00eame de la fibre. Ce shampoing r\u00e9parateur reconstitue en effet les KAPs et stimule leur synth\u00e8se. Ces micro-prot\u00e9ines situ\u00e9es entre les fibres k\u00e9ratiniques jouent un r\u00f4le important dans la coh\u00e9sion cellulaire. Or, elles ont tendance \u00e0 diminuer sous l\u2019effet d\u2019agressions ext\u00e9rieures, comme la chaleur, ou internes, comme les carences ou le stress. Lorsqu\u2019elles sont en nombre insuffisant, le cheveu s\u2019affaiblit et devient cassant. Un apport en KAPs permet donc \u00e0 la fibre de retrouver force et vitalit\u00e9.<br \/>\nLe Bain Th\u00e9rapiste de K\u00e9rastase est un shampoing \u00e0 la texture in\u00e9dite. Une fois appliqu\u00e9e sur le cuir chevelu, la gel\u00e9e \u00e9vite les frictions et produit une mousse g\u00e9n\u00e9reuse qui enveloppe la chevelure. Pour b\u00e9n\u00e9ficier de l\u2019action r\u00e9g\u00e9n\u00e9rante de ce shampoing r\u00e9parateur, il est recommand\u00e9 d\u2019effectuer deux bains. Le premier permet de nettoyer le cuir chevelu, alors que le deuxi\u00e8me agit pour reconstruire les longueurs et les pointes.<br \/>\nLa routine Th\u00e9rapiste est constitu\u00e9e de produits de soins capillaires dont l\u2019association optimise les r\u00e9sultats. Vous pouvez par exemple utiliser r\u00e9guli\u00e8rement le Masque Th\u00e9rapiste apr\u00e8s vous \u00eatre lav\u00e9 les cheveux avec le shampoing r\u00e9parateur. Vos cheveux profitent ainsi d\u2019un soin r\u00e9g\u00e9n\u00e9rateur profond et sont visiblement plus forts.<\/p>","protected":false},"featured_media":1428,"comment_status":"open","ping_status":"closed","template":"","meta":[],"product_brand":[],"product_cat":[1361],"product_tag":[],"class_list":{"0":"post-1352","1":"product","2":"type-product","3":"status-publish","4":"has-post-thumbnail","6":"product_cat-shampoings-pellicules-anti-chute","8":"first","9":"outofstock","10":"shipping-taxable","11":"purchasable","12":"product-type-simple"},"_links":{"self":[{"href":"https:\/\/parashopnarimel.com\/ar\/wp-json\/wp\/v2\/product\/1352","targetHints":{"allow":["GET"]}}],"collection":[{"href":"https:\/\/parashopnarimel.com\/ar\/wp-json\/wp\/v2\/product"}],"about":[{"href":"https:\/\/parashopnarimel.com\/ar\/wp-json\/wp\/v2\/types\/product"}],"replies":[{"embeddable":true,"href":"https:\/\/parashopnarimel.com\/ar\/wp-json\/wp\/v2\/comments?post=1352"}],"version-history":[{"count":1,"href":"https:\/\/parashopnarimel.com\/ar\/wp-json\/wp\/v2\/product\/1352\/revisions"}],"predecessor-version":[{"id":1429,"href":"https:\/\/parashopnarimel.com\/ar\/wp-json\/wp\/v2\/product\/1352\/revisions\/1429"}],"wp:featuredmedia":[{"embeddable":true,"href":"https:\/\/parashopnarimel.com\/ar\/wp-json\/wp\/v2\/media\/1428"}],"wp:attachment":[{"href":"https:\/\/parashopnarimel.com\/ar\/wp-json\/wp\/v2\/media?parent=1352"}],"wp:term":[{"taxonomy":"product_brand","embeddable":true,"href":"https:\/\/parashopnarimel.com\/ar\/wp-json\/wp\/v2\/product_brand?post=1352"},{"taxonomy":"product_cat","embeddable":true,"href":"https:\/\/parashopnarimel.com\/ar\/wp-json\/wp\/v2\/product_cat?post=1352"},{"taxonomy":"product_tag","embeddable":true,"href":"https:\/\/parashopnarimel.com\/ar\/wp-json\/wp\/v2\/product_tag?post=1352"}],"curies":[{"name":"wp","href":"https:\/\/api.w.org\/{rel}","templated":true}]}}