{"id":1353,"date":"2024-12-29T06:26:24","date_gmt":"2024-12-29T06:26:24","guid":{"rendered":"https:\/\/parashopnarimel.com\/?post_type=product&#038;p=1353"},"modified":"2025-01-19T11:08:12","modified_gmt":"2025-01-19T11:08:12","slug":"bain-satin-riche-shampoing-riche-haute-nutrition-en-nutriments-essentiels","status":"publish","type":"product","link":"https:\/\/parashopnarimel.com\/ar\/product\/bain-satin-riche-shampoing-riche-haute-nutrition-en-nutriments-essentiels\/","title":{"rendered":"Bain Satin Riche Shampoing riche haute nutrition en nutriments essentiels"},"content":{"rendered":"<p>Le\u00a0Bain Satin Riche\u00a0de la gamme Nutritive de K\u00e9rastase est un\u00a0shampoing hautement nutritif pour les cheveux tr\u00e8s secs. Il contient des polym\u00e8res anti-s\u00e9cheresse qui apportent une nutrition et une force intense. Les nutriments essentiels qui le compose nourrissent et renforcent les cheveux secs, pour un r\u00e9sultat l\u00e9ger.<br \/>\nLa formule hautement nutritive nettoie en profondeur et restaure les cheveux secs pour plus de souplesse.<br \/>\nLe Bain Satin Riche a une texture gel cr\u00e9meuse enrobe le cheveu et le cuir chevelu, limitant ainsi les d\u00e9mangeaisons du cuir chevelu.<\/p>","protected":false},"excerpt":{"rendered":"<p>Le\u00a0Bain Satin Riche\u00a0de la gamme Nutritive de K\u00e9rastase est un\u00a0shampoing hautement nutritif pour les cheveux tr\u00e8s secs. Il contient des polym\u00e8res anti-s\u00e9cheresse qui apportent une nutrition et une force intense. Les nutriments essentiels qui le compose nourrissent et renforcent les cheveux secs, pour un r\u00e9sultat l\u00e9ger.<br \/>\nLa formule hautement nutritive nettoie en profondeur et restaure les cheveux secs pour plus de souplesse.<br \/>\nLe Bain Satin Riche a une texture gel cr\u00e9meuse enrobe le cheveu et le cuir chevelu, limitant ainsi les d\u00e9mangeaisons du cuir chevelu.<\/p>","protected":false},"featured_media":1430,"comment_status":"open","ping_status":"closed","template":"","meta":[],"product_brand":[],"product_cat":[1361],"product_tag":[],"class_list":{"0":"post-1353","1":"product","2":"type-product","3":"status-publish","4":"has-post-thumbnail","6":"product_cat-shampoings-pellicules-anti-chute","8":"first","9":"outofstock","10":"shipping-taxable","11":"purchasable","12":"product-type-simple"},"_links":{"self":[{"href":"https:\/\/parashopnarimel.com\/ar\/wp-json\/wp\/v2\/product\/1353","targetHints":{"allow":["GET"]}}],"collection":[{"href":"https:\/\/parashopnarimel.com\/ar\/wp-json\/wp\/v2\/product"}],"about":[{"href":"https:\/\/parashopnarimel.com\/ar\/wp-json\/wp\/v2\/types\/product"}],"replies":[{"embeddable":true,"href":"https:\/\/parashopnarimel.com\/ar\/wp-json\/wp\/v2\/comments?post=1353"}],"version-history":[{"count":1,"href":"https:\/\/parashopnarimel.com\/ar\/wp-json\/wp\/v2\/product\/1353\/revisions"}],"predecessor-version":[{"id":1431,"href":"https:\/\/parashopnarimel.com\/ar\/wp-json\/wp\/v2\/product\/1353\/revisions\/1431"}],"wp:featuredmedia":[{"embeddable":true,"href":"https:\/\/parashopnarimel.com\/ar\/wp-json\/wp\/v2\/media\/1430"}],"wp:attachment":[{"href":"https:\/\/parashopnarimel.com\/ar\/wp-json\/wp\/v2\/media?parent=1353"}],"wp:term":[{"taxonomy":"product_brand","embeddable":true,"href":"https:\/\/parashopnarimel.com\/ar\/wp-json\/wp\/v2\/product_brand?post=1353"},{"taxonomy":"product_cat","embeddable":true,"href":"https:\/\/parashopnarimel.com\/ar\/wp-json\/wp\/v2\/product_cat?post=1353"},{"taxonomy":"product_tag","embeddable":true,"href":"https:\/\/parashopnarimel.com\/ar\/wp-json\/wp\/v2\/product_tag?post=1353"}],"curies":[{"name":"wp","href":"https:\/\/api.w.org\/{rel}","templated":true}]}}