{"id":1354,"date":"2024-12-29T06:26:24","date_gmt":"2024-12-29T06:26:24","guid":{"rendered":"https:\/\/parashopnarimel.com\/?post_type=product&#038;p=1354"},"modified":"2025-01-19T11:07:49","modified_gmt":"2025-01-19T11:07:49","slug":"kerastase-nutritive-masque-masquintense-riche-200ml","status":"publish","type":"product","link":"https:\/\/parashopnarimel.com\/ar\/product\/kerastase-nutritive-masque-masquintense-riche-200ml\/","title":{"rendered":"K\u00c9RASTASE Nutritive Masque Masquintense Riche 200ml"},"content":{"rendered":"<p>Kerastase Nutritive Masque Intense 200ml \u2013 masque hydratant pour cheveux secs et fins<br \/>\nSoin pour les cheveux\u00a0secs et fins\u00a0qui ont besoin d\u2019\u00eatre nourris intens\u00e9ment.<br \/>\nLes cheveux sont\u00a0nourris en profondeur et durablement\u00a0et retrouvent\u00a0douceur et facilit\u00e9 de d\u00e9m\u00ealage.<\/p>","protected":false},"excerpt":{"rendered":"<p>Kerastase Nutritive Masque Intense 200ml \u2013 masque hydratant pour cheveux secs et fins<br \/>\nSoin pour les cheveux\u00a0secs et fins\u00a0qui ont besoin d\u2019\u00eatre nourris intens\u00e9ment.<br \/>\nLes cheveux sont\u00a0nourris en profondeur et durablement\u00a0et retrouvent\u00a0douceur et facilit\u00e9 de d\u00e9m\u00ealage.<\/p>","protected":false},"featured_media":1432,"comment_status":"open","ping_status":"closed","template":"","meta":[],"product_brand":[],"product_cat":[2918],"product_tag":[],"class_list":{"0":"post-1354","1":"product","2":"type-product","3":"status-publish","4":"has-post-thumbnail","6":"product_cat-masque","8":"first","9":"outofstock","10":"shipping-taxable","11":"purchasable","12":"product-type-simple"},"_links":{"self":[{"href":"https:\/\/parashopnarimel.com\/ar\/wp-json\/wp\/v2\/product\/1354","targetHints":{"allow":["GET"]}}],"collection":[{"href":"https:\/\/parashopnarimel.com\/ar\/wp-json\/wp\/v2\/product"}],"about":[{"href":"https:\/\/parashopnarimel.com\/ar\/wp-json\/wp\/v2\/types\/product"}],"replies":[{"embeddable":true,"href":"https:\/\/parashopnarimel.com\/ar\/wp-json\/wp\/v2\/comments?post=1354"}],"version-history":[{"count":1,"href":"https:\/\/parashopnarimel.com\/ar\/wp-json\/wp\/v2\/product\/1354\/revisions"}],"predecessor-version":[{"id":1433,"href":"https:\/\/parashopnarimel.com\/ar\/wp-json\/wp\/v2\/product\/1354\/revisions\/1433"}],"wp:featuredmedia":[{"embeddable":true,"href":"https:\/\/parashopnarimel.com\/ar\/wp-json\/wp\/v2\/media\/1432"}],"wp:attachment":[{"href":"https:\/\/parashopnarimel.com\/ar\/wp-json\/wp\/v2\/media?parent=1354"}],"wp:term":[{"taxonomy":"product_brand","embeddable":true,"href":"https:\/\/parashopnarimel.com\/ar\/wp-json\/wp\/v2\/product_brand?post=1354"},{"taxonomy":"product_cat","embeddable":true,"href":"https:\/\/parashopnarimel.com\/ar\/wp-json\/wp\/v2\/product_cat?post=1354"},{"taxonomy":"product_tag","embeddable":true,"href":"https:\/\/parashopnarimel.com\/ar\/wp-json\/wp\/v2\/product_tag?post=1354"}],"curies":[{"name":"wp","href":"https:\/\/api.w.org\/{rel}","templated":true}]}}