{"id":1355,"date":"2024-12-29T06:26:24","date_gmt":"2024-12-29T06:26:24","guid":{"rendered":"https:\/\/parashopnarimel.com\/?post_type=product&#038;p=1355"},"modified":"2025-01-19T11:07:25","modified_gmt":"2025-01-19T11:07:25","slug":"kerastase-bain-fluidealiste-kerastase-discipline","status":"publish","type":"product","link":"https:\/\/parashopnarimel.com\/ar\/product\/kerastase-bain-fluidealiste-kerastase-discipline\/","title":{"rendered":"K\u00e9rastase Bain Fluid\u00e9aliste \u2013 K\u00e9rastase Discipline"},"content":{"rendered":"<p>Shampooing lisse-en-mouvement<br \/>\nFluidit\u00e9 \u2013 Brillance \u2013 Anti-Frizz<br \/>\nLe Shampooing Bain Fluid\u00e9aliste nettoie d\u00e9licatement le cheveu et apporte la juste dose de soin sans l\u2019alourdir, pour des cheveux fluides, brillants, sans frisottis.<br \/>\nUn assemblage exclusif d\u2019Actifs Morpho-Constitutifs :<br \/>\n\u25aa 3 acides amin\u00e9s capables de combler les zones appauvries : l\u2019Acide Glutamique, la S\u00e9rine et l\u2019Arginine.<br \/>\n\u25aa Un d\u00e9riv\u00e9 de Prot\u00e9ine de Bl\u00e9 pour renforcer l\u2019action de soin et assouplir la fibre.<br \/>\n\u25aa Le C\u00e9ramide R pour consolider la fibre capillaire.<br \/>\nAssoci\u00e9 \u00e0 des Polym\u00e8res \u00ab Seconde peau \u00bb perfecteurs de surface.<\/p>","protected":false},"excerpt":{"rendered":"<p>Shampooing lisse-en-mouvement<br \/>\nFluidit\u00e9 \u2013 Brillance \u2013 Anti-Frizz<br \/>\nLe Shampooing Bain Fluid\u00e9aliste nettoie d\u00e9licatement le cheveu et apporte la juste dose de soin sans l\u2019alourdir, pour des cheveux fluides, brillants, sans frisottis.<br \/>\nUn assemblage exclusif d\u2019Actifs Morpho-Constitutifs :<br \/>\n\u25aa 3 acides amin\u00e9s capables de combler les zones appauvries : l\u2019Acide Glutamique, la S\u00e9rine et l\u2019Arginine.<br \/>\n\u25aa Un d\u00e9riv\u00e9 de Prot\u00e9ine de Bl\u00e9 pour renforcer l\u2019action de soin et assouplir la fibre.<br \/>\n\u25aa Le C\u00e9ramide R pour consolider la fibre capillaire.<br \/>\nAssoci\u00e9 \u00e0 des Polym\u00e8res \u00ab Seconde peau \u00bb perfecteurs de surface.Shampooing lisse-en-mouvement<br \/>\nFluidit\u00e9 \u2013 Brillance \u2013 Anti-Frizz<br \/>\nLe Shampooing Bain Fluid\u00e9aliste nettoie d\u00e9licatement le cheveu et apporte la juste dose de soin sans l\u2019alourdir, pour des cheveux fluides, brillants, sans frisottis.<br \/>\nUn assemblage exclusif d\u2019Actifs Morpho-Constitutifs :<br \/>\n\u25aa 3 acides amin\u00e9s capables de combler les zones appauvries : l\u2019Acide Glutamique, la S\u00e9rine et l\u2019Arginine.<br \/>\n\u25aa Un d\u00e9riv\u00e9 de Prot\u00e9ine de Bl\u00e9 pour renforcer l\u2019action de soin et assouplir la fibre.<br \/>\n\u25aa Le C\u00e9ramide R pour consolider la fibre capillaire.<br \/>\nAssoci\u00e9 \u00e0 des Polym\u00e8res \u00ab Seconde peau \u00bb perfecteurs de surface.<\/p>","protected":false},"featured_media":1441,"comment_status":"open","ping_status":"closed","template":"","meta":[],"product_brand":[],"product_cat":[1361],"product_tag":[],"class_list":{"0":"post-1355","1":"product","2":"type-product","3":"status-publish","4":"has-post-thumbnail","6":"product_cat-shampoings-pellicules-anti-chute","8":"first","9":"outofstock","10":"shipping-taxable","11":"purchasable","12":"product-type-simple"},"_links":{"self":[{"href":"https:\/\/parashopnarimel.com\/ar\/wp-json\/wp\/v2\/product\/1355","targetHints":{"allow":["GET"]}}],"collection":[{"href":"https:\/\/parashopnarimel.com\/ar\/wp-json\/wp\/v2\/product"}],"about":[{"href":"https:\/\/parashopnarimel.com\/ar\/wp-json\/wp\/v2\/types\/product"}],"replies":[{"embeddable":true,"href":"https:\/\/parashopnarimel.com\/ar\/wp-json\/wp\/v2\/comments?post=1355"}],"version-history":[{"count":3,"href":"https:\/\/parashopnarimel.com\/ar\/wp-json\/wp\/v2\/product\/1355\/revisions"}],"predecessor-version":[{"id":8246,"href":"https:\/\/parashopnarimel.com\/ar\/wp-json\/wp\/v2\/product\/1355\/revisions\/8246"}],"wp:featuredmedia":[{"embeddable":true,"href":"https:\/\/parashopnarimel.com\/ar\/wp-json\/wp\/v2\/media\/1441"}],"wp:attachment":[{"href":"https:\/\/parashopnarimel.com\/ar\/wp-json\/wp\/v2\/media?parent=1355"}],"wp:term":[{"taxonomy":"product_brand","embeddable":true,"href":"https:\/\/parashopnarimel.com\/ar\/wp-json\/wp\/v2\/product_brand?post=1355"},{"taxonomy":"product_cat","embeddable":true,"href":"https:\/\/parashopnarimel.com\/ar\/wp-json\/wp\/v2\/product_cat?post=1355"},{"taxonomy":"product_tag","embeddable":true,"href":"https:\/\/parashopnarimel.com\/ar\/wp-json\/wp\/v2\/product_tag?post=1355"}],"curies":[{"name":"wp","href":"https:\/\/api.w.org\/{rel}","templated":true}]}}