{"id":1356,"date":"2024-12-29T06:26:24","date_gmt":"2024-12-29T06:26:24","guid":{"rendered":"https:\/\/parashopnarimel.com\/?post_type=product&#038;p=1356"},"modified":"2025-01-19T11:06:51","modified_gmt":"2025-01-19T11:06:51","slug":"kerastase-discipline-masque-capillaire-maskeratine","status":"publish","type":"product","link":"https:\/\/parashopnarimel.com\/ar\/product\/kerastase-discipline-masque-capillaire-maskeratine\/","title":{"rendered":"KERASTASE Discipline Masque Capillaire Mask\u00e9ratine"},"content":{"rendered":"<p>Le protecteur thermique emp\u00eache les dommages caus\u00e9s par le brushing.\u00a0Cr\u00e9e des cheveux doux.\u00a0Lisse les cheveux cr\u00e9pus et rebelles.<\/p>\n<p>Protecteur thermique<\/p>\n<p>Lisse les cheveux<\/p>\n<p>Cheveux doux<\/p>","protected":false},"excerpt":{"rendered":"<p>Le protecteur thermique emp\u00eache les dommages caus\u00e9s par le brushing.\u00a0Cr\u00e9e des cheveux doux.\u00a0Lisse les cheveux cr\u00e9pus et rebelles.<\/p>\n<p>Protecteur thermique<\/p>\n<p>Lisse les cheveux<\/p>\n<p>Cheveux doux<\/p>","protected":false},"featured_media":1443,"comment_status":"open","ping_status":"closed","template":"","meta":[],"product_brand":[],"product_cat":[2918],"product_tag":[],"class_list":{"0":"post-1356","1":"product","2":"type-product","3":"status-publish","4":"has-post-thumbnail","6":"product_cat-masque","8":"first","9":"outofstock","10":"shipping-taxable","11":"purchasable","12":"product-type-simple"},"_links":{"self":[{"href":"https:\/\/parashopnarimel.com\/ar\/wp-json\/wp\/v2\/product\/1356","targetHints":{"allow":["GET"]}}],"collection":[{"href":"https:\/\/parashopnarimel.com\/ar\/wp-json\/wp\/v2\/product"}],"about":[{"href":"https:\/\/parashopnarimel.com\/ar\/wp-json\/wp\/v2\/types\/product"}],"replies":[{"embeddable":true,"href":"https:\/\/parashopnarimel.com\/ar\/wp-json\/wp\/v2\/comments?post=1356"}],"version-history":[{"count":2,"href":"https:\/\/parashopnarimel.com\/ar\/wp-json\/wp\/v2\/product\/1356\/revisions"}],"predecessor-version":[{"id":8241,"href":"https:\/\/parashopnarimel.com\/ar\/wp-json\/wp\/v2\/product\/1356\/revisions\/8241"}],"wp:featuredmedia":[{"embeddable":true,"href":"https:\/\/parashopnarimel.com\/ar\/wp-json\/wp\/v2\/media\/1443"}],"wp:attachment":[{"href":"https:\/\/parashopnarimel.com\/ar\/wp-json\/wp\/v2\/media?parent=1356"}],"wp:term":[{"taxonomy":"product_brand","embeddable":true,"href":"https:\/\/parashopnarimel.com\/ar\/wp-json\/wp\/v2\/product_brand?post=1356"},{"taxonomy":"product_cat","embeddable":true,"href":"https:\/\/parashopnarimel.com\/ar\/wp-json\/wp\/v2\/product_cat?post=1356"},{"taxonomy":"product_tag","embeddable":true,"href":"https:\/\/parashopnarimel.com\/ar\/wp-json\/wp\/v2\/product_tag?post=1356"}],"curies":[{"name":"wp","href":"https:\/\/api.w.org\/{rel}","templated":true}]}}