{"id":1371,"date":"2024-12-29T06:26:46","date_gmt":"2024-12-29T06:26:46","guid":{"rendered":"https:\/\/parashopnarimel.com\/?post_type=product&#038;p=1371"},"modified":"2025-01-19T11:10:56","modified_gmt":"2025-01-19T11:10:56","slug":"kerastase-discipline-spray-fluidissime-150-ml","status":"publish","type":"product","link":"https:\/\/parashopnarimel.com\/ar\/product\/kerastase-discipline-spray-fluidissime-150-ml\/","title":{"rendered":"K\u00e9rastase Discipline \u2013 Spray Fluidissime, 150 ml"},"content":{"rendered":"<p>Discipline Fluidissime de K\u00e9rastase\u00a0est un spray pour dompter et lisser vos cheveux ab\u00eem\u00e9s d\u2019une simple pression.<br \/>\nSans rin\u00e7age, il donne \u00e0 vos cheveux une brillance et une douceur instantan\u00e9es pour faciliter le brushing et la routine cheveux. La protection thermique rend vos cheveux r\u00e9sistants \u00e0 la chaleur et \u00e0 l\u2019humidit\u00e9 jusqu\u2019\u00e0 72 heures.<br \/>\nVos cheveux vous remercieront en \u00e9tant plus faciles \u00e0 coiffer et plus brillants.<\/p>","protected":false},"excerpt":{"rendered":"<p>Discipline Fluidissime de K\u00e9rastase\u00a0est un spray pour dompter et lisser vos cheveux ab\u00eem\u00e9s d\u2019une simple pression.<br \/>\nSans rin\u00e7age, il donne \u00e0 vos cheveux une brillance et une douceur instantan\u00e9es pour faciliter le brushing et la routine cheveux. La protection thermique rend vos cheveux r\u00e9sistants \u00e0 la chaleur et \u00e0 l\u2019humidit\u00e9 jusqu\u2019\u00e0 72 heures.<br \/>\nVos cheveux vous remercieront en \u00e9tant plus faciles \u00e0 coiffer et plus brillants.<\/p>","protected":false},"featured_media":1445,"comment_status":"open","ping_status":"closed","template":"","meta":[],"product_brand":[],"product_cat":[2920,2919],"product_tag":[],"class_list":{"0":"post-1371","1":"product","2":"type-product","3":"status-publish","4":"has-post-thumbnail","6":"product_cat-huiles-et-spray","7":"product_cat-serum-et-soins","9":"first","10":"outofstock","11":"shipping-taxable","12":"purchasable","13":"product-type-simple"},"_links":{"self":[{"href":"https:\/\/parashopnarimel.com\/ar\/wp-json\/wp\/v2\/product\/1371","targetHints":{"allow":["GET"]}}],"collection":[{"href":"https:\/\/parashopnarimel.com\/ar\/wp-json\/wp\/v2\/product"}],"about":[{"href":"https:\/\/parashopnarimel.com\/ar\/wp-json\/wp\/v2\/types\/product"}],"replies":[{"embeddable":true,"href":"https:\/\/parashopnarimel.com\/ar\/wp-json\/wp\/v2\/comments?post=1371"}],"version-history":[{"count":2,"href":"https:\/\/parashopnarimel.com\/ar\/wp-json\/wp\/v2\/product\/1371\/revisions"}],"predecessor-version":[{"id":8311,"href":"https:\/\/parashopnarimel.com\/ar\/wp-json\/wp\/v2\/product\/1371\/revisions\/8311"}],"wp:featuredmedia":[{"embeddable":true,"href":"https:\/\/parashopnarimel.com\/ar\/wp-json\/wp\/v2\/media\/1445"}],"wp:attachment":[{"href":"https:\/\/parashopnarimel.com\/ar\/wp-json\/wp\/v2\/media?parent=1371"}],"wp:term":[{"taxonomy":"product_brand","embeddable":true,"href":"https:\/\/parashopnarimel.com\/ar\/wp-json\/wp\/v2\/product_brand?post=1371"},{"taxonomy":"product_cat","embeddable":true,"href":"https:\/\/parashopnarimel.com\/ar\/wp-json\/wp\/v2\/product_cat?post=1371"},{"taxonomy":"product_tag","embeddable":true,"href":"https:\/\/parashopnarimel.com\/ar\/wp-json\/wp\/v2\/product_tag?post=1371"}],"curies":[{"name":"wp","href":"https:\/\/api.w.org\/{rel}","templated":true}]}}