{"id":1372,"date":"2024-12-29T06:26:46","date_gmt":"2024-12-29T06:26:46","guid":{"rendered":"https:\/\/parashopnarimel.com\/?post_type=product&#038;p=1372"},"modified":"2026-03-05T07:12:54","modified_gmt":"2026-03-05T07:12:54","slug":"kerastase-genesis-serum-anti-chute-fortifiant-90-ml","status":"publish","type":"product","link":"https:\/\/parashopnarimel.com\/ar\/product\/kerastase-genesis-serum-anti-chute-fortifiant-90-ml\/","title":{"rendered":"K\u00e9rastase Genesis S\u00e9rum Anti-Chute Fortifiant, 90 ml"},"content":{"rendered":"<p>Le S\u00e9rum Anti-Chute Fortifiant de K\u00e9rastase\u00a0offre \u00e0 tous les types de cheveux une protection efficace contre la chute des cheveux.<br \/>\nCe s\u00e9rum sans rin\u00e7age est une formule pr\u00e9cieuse d\u2019ingr\u00e9dients actifs tels que l\u2019Aminexil (1,5 %), l\u2019arginine, le gingembre et la caf\u00e9ine. Il renforce et nourrit intens\u00e9ment votre cuir chevelu, car un cuir chevelu sain est la base d\u2019une bonne croissance des cheveux.<\/p>","protected":false},"excerpt":{"rendered":"<p>Le S\u00e9rum Anti-Chute Fortifiant de K\u00e9rastase\u00a0offre \u00e0 tous les types de cheveux une protection efficace contre la chute des cheveux.<br \/>\nCe s\u00e9rum sans rin\u00e7age est une formule pr\u00e9cieuse d\u2019ingr\u00e9dients actifs tels que l\u2019Aminexil (1,5 %), l\u2019arginine, le gingembre et la caf\u00e9ine. Il renforce et nourrit intens\u00e9ment votre cuir chevelu, car un cuir chevelu sain est la base d\u2019une bonne croissance des cheveux.<\/p>","protected":false},"featured_media":1447,"comment_status":"open","ping_status":"closed","template":"","meta":[],"product_brand":[],"product_cat":[2919],"product_tag":[],"class_list":{"0":"post-1372","1":"product","2":"type-product","3":"status-publish","4":"has-post-thumbnail","6":"product_cat-serum-et-soins","8":"first","9":"outofstock","10":"shipping-taxable","11":"purchasable","12":"product-type-simple"},"_links":{"self":[{"href":"https:\/\/parashopnarimel.com\/ar\/wp-json\/wp\/v2\/product\/1372","targetHints":{"allow":["GET"]}}],"collection":[{"href":"https:\/\/parashopnarimel.com\/ar\/wp-json\/wp\/v2\/product"}],"about":[{"href":"https:\/\/parashopnarimel.com\/ar\/wp-json\/wp\/v2\/types\/product"}],"replies":[{"embeddable":true,"href":"https:\/\/parashopnarimel.com\/ar\/wp-json\/wp\/v2\/comments?post=1372"}],"version-history":[{"count":2,"href":"https:\/\/parashopnarimel.com\/ar\/wp-json\/wp\/v2\/product\/1372\/revisions"}],"predecessor-version":[{"id":8310,"href":"https:\/\/parashopnarimel.com\/ar\/wp-json\/wp\/v2\/product\/1372\/revisions\/8310"}],"wp:featuredmedia":[{"embeddable":true,"href":"https:\/\/parashopnarimel.com\/ar\/wp-json\/wp\/v2\/media\/1447"}],"wp:attachment":[{"href":"https:\/\/parashopnarimel.com\/ar\/wp-json\/wp\/v2\/media?parent=1372"}],"wp:term":[{"taxonomy":"product_brand","embeddable":true,"href":"https:\/\/parashopnarimel.com\/ar\/wp-json\/wp\/v2\/product_brand?post=1372"},{"taxonomy":"product_cat","embeddable":true,"href":"https:\/\/parashopnarimel.com\/ar\/wp-json\/wp\/v2\/product_cat?post=1372"},{"taxonomy":"product_tag","embeddable":true,"href":"https:\/\/parashopnarimel.com\/ar\/wp-json\/wp\/v2\/product_tag?post=1372"}],"curies":[{"name":"wp","href":"https:\/\/api.w.org\/{rel}","templated":true}]}}