{"id":1373,"date":"2024-12-29T06:26:46","date_gmt":"2024-12-29T06:26:46","guid":{"rendered":"https:\/\/parashopnarimel.com\/?post_type=product&#038;p=1373"},"modified":"2025-01-19T11:09:38","modified_gmt":"2025-01-19T11:09:38","slug":"kerastase-genesis-masque-reconstituant","status":"publish","type":"product","link":"https:\/\/parashopnarimel.com\/ar\/product\/kerastase-genesis-masque-reconstituant\/","title":{"rendered":"K\u00c9RASTASE Genesis Masque Reconstituant"},"content":{"rendered":"<p>Masque fortifiant intense anti-chute pour cheveux fragilis\u00e9s, sujets \u00e0 la chute \u00e0 cause de la casse. Enrichi en cellules natives d\u2019Edelweiss, racine de gingembre et Aquaxyl, ce masque capillaire nourrit, d\u00e9m\u00eale et renforce intens\u00e9ment les cheveux pour r\u00e9duire le risque de chute due \u00e0 la casse. Restaure une douceur intense pour de beaux cheveux d\u2019apparence saine.<\/p>","protected":false},"excerpt":{"rendered":"<p>Masque fortifiant intense anti-chute pour cheveux fragilis\u00e9s, sujets \u00e0 la chute \u00e0 cause de la casse. Enrichi en cellules natives d\u2019Edelweiss, racine de gingembre et Aquaxyl, ce masque capillaire nourrit, d\u00e9m\u00eale et renforce intens\u00e9ment les cheveux pour r\u00e9duire le risque de chute due \u00e0 la casse. Restaure une douceur intense pour de beaux cheveux d\u2019apparence saine.<\/p>","protected":false},"featured_media":1449,"comment_status":"open","ping_status":"closed","template":"","meta":[],"product_brand":[],"product_cat":[2918],"product_tag":[],"class_list":{"0":"post-1373","1":"product","2":"type-product","3":"status-publish","4":"has-post-thumbnail","6":"product_cat-masque","8":"first","9":"outofstock","10":"shipping-taxable","11":"purchasable","12":"product-type-simple"},"_links":{"self":[{"href":"https:\/\/parashopnarimel.com\/ar\/wp-json\/wp\/v2\/product\/1373","targetHints":{"allow":["GET"]}}],"collection":[{"href":"https:\/\/parashopnarimel.com\/ar\/wp-json\/wp\/v2\/product"}],"about":[{"href":"https:\/\/parashopnarimel.com\/ar\/wp-json\/wp\/v2\/types\/product"}],"replies":[{"embeddable":true,"href":"https:\/\/parashopnarimel.com\/ar\/wp-json\/wp\/v2\/comments?post=1373"}],"version-history":[{"count":1,"href":"https:\/\/parashopnarimel.com\/ar\/wp-json\/wp\/v2\/product\/1373\/revisions"}],"predecessor-version":[{"id":1450,"href":"https:\/\/parashopnarimel.com\/ar\/wp-json\/wp\/v2\/product\/1373\/revisions\/1450"}],"wp:featuredmedia":[{"embeddable":true,"href":"https:\/\/parashopnarimel.com\/ar\/wp-json\/wp\/v2\/media\/1449"}],"wp:attachment":[{"href":"https:\/\/parashopnarimel.com\/ar\/wp-json\/wp\/v2\/media?parent=1373"}],"wp:term":[{"taxonomy":"product_brand","embeddable":true,"href":"https:\/\/parashopnarimel.com\/ar\/wp-json\/wp\/v2\/product_brand?post=1373"},{"taxonomy":"product_cat","embeddable":true,"href":"https:\/\/parashopnarimel.com\/ar\/wp-json\/wp\/v2\/product_cat?post=1373"},{"taxonomy":"product_tag","embeddable":true,"href":"https:\/\/parashopnarimel.com\/ar\/wp-json\/wp\/v2\/product_tag?post=1373"}],"curies":[{"name":"wp","href":"https:\/\/api.w.org\/{rel}","templated":true}]}}