{"id":1416,"date":"2024-12-29T06:27:30","date_gmt":"2024-12-29T06:27:30","guid":{"rendered":"https:\/\/parashopnarimel.com\/?post_type=product&#038;p=1416"},"modified":"2025-01-19T11:11:19","modified_gmt":"2025-01-19T11:11:19","slug":"kerastase-genesis-defense-thermique-fluide-de-brushing-fortifiant-anti-chute","status":"publish","type":"product","link":"https:\/\/parashopnarimel.com\/ar\/product\/kerastase-genesis-defense-thermique-fluide-de-brushing-fortifiant-anti-chute\/","title":{"rendered":"K\u00c9RASTASE Genesis D\u00e9fense Thermique \u2013 Fluide de brushing fortifiant anti-chute"},"content":{"rendered":"<p>Les cheveux affaiblis et sujets \u00e0 la casse ont d\u00e9sormais un produit protecteur de chaleur d\u00e9di\u00e9 : le fluide D\u00e9fense Thermique de K\u00e9rastase est con\u00e7u pour renforcer la fibre et former un film protecteur autour du cheveu afin de permettre un brushing sans risques.<br \/>\nIl r\u00e9unit 2 principes actifs, qui aident \u00e0 diminuer la chute de cheveux due \u00e0 la casse. Les cellules natives d\u2019edelweiss, r\u00e9put\u00e9es pour leurs propri\u00e9t\u00e9s antioxydantes, apportent \u00e0 ce soin multiactions leur pouvoir de pr\u00e9servation du collag\u00e8ne. Ce dernier est essentiel pour r\u00e9parer la fibre fragilis\u00e9e et \u00e9paissir la mati\u00e8re pour la rendre plus r\u00e9sistante. La racine de gingembre permet, quant \u00e0 elle, de prot\u00e9ger vos cheveux contre les agressions ext\u00e9rieures. Le spray thermoprotecteur D\u00e9fense Thermique de K\u00e9rastase est \u00e9galement enrichi en xylose, un ingr\u00e9dient phare pour prot\u00e9ger vos cheveux de la chaleur.<br \/>\nCette composition sp\u00e9cifique permet de r\u00e9duire le risque de chute tout en pr\u00e9venant les pointes fourchues et l\u2019alt\u00e9ration de la fibre. Vous pouvez utiliser des appareils de styling capillaire jusqu\u2019\u00e0 220 \u00b0C sans fragiliser le cheveu. Votre chevelure est non seulement fortifi\u00e9e de l\u2019int\u00e9rieur, mais elle affiche aussi une brillance \u00e9clatante.<br \/>\nLa gamme Genesis de K\u00e9rastase aide \u00e0 renforcer les cheveux affaiblis en profondeur afin de leur donner du corps. L\u2019arme fatale contre la chute ponctuelle de cheveux? Le S\u00e9rum Anti-Chute Fortifiant \u00e0 utiliser quotidiennement pour assurer la pousse d\u2019un cheveu renforc\u00e9 d\u00e8s la racine.<\/p>","protected":false},"excerpt":{"rendered":"<p>Les cheveux affaiblis et sujets \u00e0 la casse ont d\u00e9sormais un produit protecteur de chaleur d\u00e9di\u00e9 : le fluide D\u00e9fense Thermique de K\u00e9rastase est con\u00e7u pour renforcer la fibre et former un film protecteur autour du cheveu afin de permettre un brushing sans risques.<\/p>","protected":false},"featured_media":1493,"comment_status":"open","ping_status":"closed","template":"","meta":[],"product_brand":[],"product_cat":[2920,2919],"product_tag":[],"class_list":{"0":"post-1416","1":"product","2":"type-product","3":"status-publish","4":"has-post-thumbnail","6":"product_cat-huiles-et-spray","7":"product_cat-serum-et-soins","9":"first","10":"outofstock","11":"shipping-taxable","12":"purchasable","13":"product-type-simple"},"_links":{"self":[{"href":"https:\/\/parashopnarimel.com\/ar\/wp-json\/wp\/v2\/product\/1416","targetHints":{"allow":["GET"]}}],"collection":[{"href":"https:\/\/parashopnarimel.com\/ar\/wp-json\/wp\/v2\/product"}],"about":[{"href":"https:\/\/parashopnarimel.com\/ar\/wp-json\/wp\/v2\/types\/product"}],"replies":[{"embeddable":true,"href":"https:\/\/parashopnarimel.com\/ar\/wp-json\/wp\/v2\/comments?post=1416"}],"version-history":[{"count":3,"href":"https:\/\/parashopnarimel.com\/ar\/wp-json\/wp\/v2\/product\/1416\/revisions"}],"predecessor-version":[{"id":8309,"href":"https:\/\/parashopnarimel.com\/ar\/wp-json\/wp\/v2\/product\/1416\/revisions\/8309"}],"wp:featuredmedia":[{"embeddable":true,"href":"https:\/\/parashopnarimel.com\/ar\/wp-json\/wp\/v2\/media\/1493"}],"wp:attachment":[{"href":"https:\/\/parashopnarimel.com\/ar\/wp-json\/wp\/v2\/media?parent=1416"}],"wp:term":[{"taxonomy":"product_brand","embeddable":true,"href":"https:\/\/parashopnarimel.com\/ar\/wp-json\/wp\/v2\/product_brand?post=1416"},{"taxonomy":"product_cat","embeddable":true,"href":"https:\/\/parashopnarimel.com\/ar\/wp-json\/wp\/v2\/product_cat?post=1416"},{"taxonomy":"product_tag","embeddable":true,"href":"https:\/\/parashopnarimel.com\/ar\/wp-json\/wp\/v2\/product_tag?post=1416"}],"curies":[{"name":"wp","href":"https:\/\/api.w.org\/{rel}","templated":true}]}}