{"id":1419,"date":"2024-12-29T06:27:30","date_gmt":"2024-12-29T06:27:30","guid":{"rendered":"https:\/\/parashopnarimel.com\/?post_type=product&#038;p=1419"},"modified":"2025-01-19T11:11:55","modified_gmt":"2025-01-19T11:11:55","slug":"kerastase-elixir-ultime-huile-originale-huile-de-soin-multi-usages-sublimatrice","status":"publish","type":"product","link":"https:\/\/parashopnarimel.com\/ar\/product\/kerastase-elixir-ultime-huile-originale-huile-de-soin-multi-usages-sublimatrice\/","title":{"rendered":"K\u00c9RASTASE Elixir Ultime Huile Originale \u2013 Huile de soin multi-usages sublimatrice"},"content":{"rendered":"<p>Gr\u00e2ce \u00e0 cette huile pour cheveux de K\u00e9rastase, votre chevelure est mieux prot\u00e9g\u00e9e contre les agressions quotidiennes. Avec son effet thermo-protecteur jusqu\u2019\u00e0 230 degr\u00e9s, vos cheveux n\u2019ont plus \u00e0 craindre la chaleur du s\u00e8che-cheveu ou du fer \u00e0 lisser. Le brossage est simplifi\u00e9 et les pointes sont sublim\u00e9es. Vous pouvez appliquer l\u2019Huile Originale Elixir Ultime sur vos cheveux humides afin de faciliter le brushing, ou sur cheveux secs pour une finition parfaite.<br \/>\nL\u2019Huile Originale Elixir Ultime est un m\u00e9lange unique d\u2019huiles venues du monde entier. L\u2019huile d\u2019argan, originaire du Maroc, prot\u00e8ge vos cheveux et leur redonne toute leur souplesse, tandis que l\u2019huile de germe de ma\u00efs, d\u2019Am\u00e9rique Centrale, les rend brillants et doux. L\u2019huile sacr\u00e9e de marula est une huile \u00e9coresponsable qui provient de Namibie, o\u00f9 les femmes de la coop\u00e9rative Eudafano la r\u00e9coltent et la pressent selon un rituel immuable.<br \/>\nL\u2019huile pr\u00e9cieuse de cam\u00e9lia, d\u2019Asie centrale et orientale, apporte nutrition et hydratation durable \u00e0 vos cheveux.<br \/>\nElixir Ultime est une gamme compl\u00e8te de produits pour sublimer vos cheveux. En compl\u00e9ment de cette huile pour cheveux secs, vous pouvez vous optez pour le Bain Elixir Ultime.<\/p>","protected":false},"excerpt":{"rendered":"<p>Gr\u00e2ce \u00e0 cette huile pour cheveux de K\u00e9rastase, votre chevelure est mieux prot\u00e9g\u00e9e contre les agressions quotidiennes. Avec son effet thermo-protecteur jusqu\u2019\u00e0 230 degr\u00e9s, vos cheveux n\u2019ont plus \u00e0 craindre la chaleur du s\u00e8che-cheveu ou du fer \u00e0 lisser. Le brossage est simplifi\u00e9 et les pointes sont sublim\u00e9es. Vous pouvez appliquer l\u2019Huile Originale Elixir Ultime sur vos cheveux humides afin de faciliter le brushing, ou sur cheveux secs pour une finition parfaite.<br \/>\nL\u2019Huile Originale Elixir Ultime est un m\u00e9lange unique d\u2019huiles venues du monde entier. L\u2019huile d\u2019argan, originaire du Maroc, prot\u00e8ge vos cheveux et leur redonne toute leur souplesse, tandis que l\u2019huile de germe de ma\u00efs, d\u2019Am\u00e9rique Centrale, les rend brillants et doux. L\u2019huile sacr\u00e9e de marula est une huile \u00e9coresponsable qui provient de Namibie, o\u00f9 les femmes de la coop\u00e9rative Eudafano la r\u00e9coltent et la pressent selon un rituel immuable.<br \/>\nL\u2019huile pr\u00e9cieuse de cam\u00e9lia, d\u2019Asie centrale et orientale, apporte nutrition et hydratation durable \u00e0 vos cheveux.<br \/>\nElixir Ultime est une gamme compl\u00e8te de produits pour sublimer vos cheveux. En compl\u00e9ment de cette huile pour cheveux secs, vous pouvez vous optez pour le Bain Elixir Ultime.<\/p>","protected":false},"featured_media":1506,"comment_status":"open","ping_status":"closed","template":"","meta":[],"product_brand":[],"product_cat":[2920,2919],"product_tag":[],"class_list":{"0":"post-1419","1":"product","2":"type-product","3":"status-publish","4":"has-post-thumbnail","6":"product_cat-huiles-et-spray","7":"product_cat-serum-et-soins","9":"first","10":"instock","11":"sale","12":"shipping-taxable","13":"purchasable","14":"product-type-simple"},"_links":{"self":[{"href":"https:\/\/parashopnarimel.com\/ar\/wp-json\/wp\/v2\/product\/1419","targetHints":{"allow":["GET"]}}],"collection":[{"href":"https:\/\/parashopnarimel.com\/ar\/wp-json\/wp\/v2\/product"}],"about":[{"href":"https:\/\/parashopnarimel.com\/ar\/wp-json\/wp\/v2\/types\/product"}],"replies":[{"embeddable":true,"href":"https:\/\/parashopnarimel.com\/ar\/wp-json\/wp\/v2\/comments?post=1419"}],"version-history":[{"count":2,"href":"https:\/\/parashopnarimel.com\/ar\/wp-json\/wp\/v2\/product\/1419\/revisions"}],"predecessor-version":[{"id":8236,"href":"https:\/\/parashopnarimel.com\/ar\/wp-json\/wp\/v2\/product\/1419\/revisions\/8236"}],"wp:featuredmedia":[{"embeddable":true,"href":"https:\/\/parashopnarimel.com\/ar\/wp-json\/wp\/v2\/media\/1506"}],"wp:attachment":[{"href":"https:\/\/parashopnarimel.com\/ar\/wp-json\/wp\/v2\/media?parent=1419"}],"wp:term":[{"taxonomy":"product_brand","embeddable":true,"href":"https:\/\/parashopnarimel.com\/ar\/wp-json\/wp\/v2\/product_brand?post=1419"},{"taxonomy":"product_cat","embeddable":true,"href":"https:\/\/parashopnarimel.com\/ar\/wp-json\/wp\/v2\/product_cat?post=1419"},{"taxonomy":"product_tag","embeddable":true,"href":"https:\/\/parashopnarimel.com\/ar\/wp-json\/wp\/v2\/product_tag?post=1419"}],"curies":[{"name":"wp","href":"https:\/\/api.w.org\/{rel}","templated":true}]}}