{"id":1434,"date":"2024-12-29T06:27:52","date_gmt":"2024-12-29T06:27:52","guid":{"rendered":"https:\/\/parashopnarimel.com\/?post_type=product&#038;p=1434"},"modified":"2025-01-19T11:14:01","modified_gmt":"2025-01-19T11:14:01","slug":"kerastase-fondant-densite","status":"publish","type":"product","link":"https:\/\/parashopnarimel.com\/ar\/product\/kerastase-fondant-densite\/","title":{"rendered":"kerastase Fondant Densit\u00e9"},"content":{"rendered":"<p>Am\u00e9liore la texture des cheveux. Cheveux plus \u00e9pais. Facilite le d\u00e9m\u00ealage des cheveux.<br \/>\nD\u00e9m\u00eale les cheveux<\/p>\n<p>Am\u00e9liore la texture<\/p>\n<p>Cheveux plus \u00e9pais<\/p>","protected":false},"excerpt":{"rendered":"<p>Am\u00e9liore la texture des cheveux. Cheveux plus \u00e9pais. Facilite le d\u00e9m\u00ealage des cheveux.<br \/>\nD\u00e9m\u00eale les cheveux<\/p>\n<p>Am\u00e9liore la texture<\/p>\n<p>Cheveux plus \u00e9pais<\/p>","protected":false},"featured_media":1508,"comment_status":"open","ping_status":"closed","template":"","meta":[],"product_brand":[],"product_cat":[2919],"product_tag":[],"class_list":{"0":"post-1434","1":"product","2":"type-product","3":"status-publish","4":"has-post-thumbnail","6":"product_cat-serum-et-soins","8":"first","9":"outofstock","10":"shipping-taxable","11":"purchasable","12":"product-type-simple"},"_links":{"self":[{"href":"https:\/\/parashopnarimel.com\/ar\/wp-json\/wp\/v2\/product\/1434","targetHints":{"allow":["GET"]}}],"collection":[{"href":"https:\/\/parashopnarimel.com\/ar\/wp-json\/wp\/v2\/product"}],"about":[{"href":"https:\/\/parashopnarimel.com\/ar\/wp-json\/wp\/v2\/types\/product"}],"replies":[{"embeddable":true,"href":"https:\/\/parashopnarimel.com\/ar\/wp-json\/wp\/v2\/comments?post=1434"}],"version-history":[{"count":1,"href":"https:\/\/parashopnarimel.com\/ar\/wp-json\/wp\/v2\/product\/1434\/revisions"}],"predecessor-version":[{"id":1509,"href":"https:\/\/parashopnarimel.com\/ar\/wp-json\/wp\/v2\/product\/1434\/revisions\/1509"}],"wp:featuredmedia":[{"embeddable":true,"href":"https:\/\/parashopnarimel.com\/ar\/wp-json\/wp\/v2\/media\/1508"}],"wp:attachment":[{"href":"https:\/\/parashopnarimel.com\/ar\/wp-json\/wp\/v2\/media?parent=1434"}],"wp:term":[{"taxonomy":"product_brand","embeddable":true,"href":"https:\/\/parashopnarimel.com\/ar\/wp-json\/wp\/v2\/product_brand?post=1434"},{"taxonomy":"product_cat","embeddable":true,"href":"https:\/\/parashopnarimel.com\/ar\/wp-json\/wp\/v2\/product_cat?post=1434"},{"taxonomy":"product_tag","embeddable":true,"href":"https:\/\/parashopnarimel.com\/ar\/wp-json\/wp\/v2\/product_tag?post=1434"}],"curies":[{"name":"wp","href":"https:\/\/api.w.org\/{rel}","templated":true}]}}