{"id":1435,"date":"2024-12-29T06:27:52","date_gmt":"2024-12-29T06:27:52","guid":{"rendered":"https:\/\/parashopnarimel.com\/?post_type=product&#038;p=1435"},"modified":"2025-01-19T11:13:43","modified_gmt":"2025-01-19T11:13:43","slug":"kerastase-kerastase-densifique-femme-30-x-6-ml","status":"publish","type":"product","link":"https:\/\/parashopnarimel.com\/ar\/product\/kerastase-kerastase-densifique-femme-30-x-6-ml\/","title":{"rendered":"KERASTASE Kerastase Densifique Femme 30 x 6 ml"},"content":{"rendered":"<p>K\u00e9rastase Densifique femme est un traitement tr\u00e8s performant d\u2019activateur de densit\u00e9 capillaire<br \/>\nIls cr\u00e9\u00e9 de\u00a0nouveaux cheveux,\u00a0les texturise\u00a0et leur apporte du volume<br \/>\nLes + :\u00a0Action densifiante imm\u00e9diate, Facile \u00e0 appliquer, Sans rin\u00e7age<br \/>\nConvient aux cheveux affin\u00e9s, en perte de densit\u00e9<br \/>\nLa fibre est imm\u00e9diatement\u00a0texturis\u00e9e<br \/>\nFavorise et augmente la\u00a0pousse d\u2019un cheveu plus fort<br \/>\nApporte du volume<br \/>\nApplication facile<br \/>\nLe cuir chevelu ne graisse pas<br \/>\nIl reste l\u00e9ger<br \/>\nD\u00e8s 10 jours, les cheveux ont plus de corps<br \/>\nD\u00e8s 30 jours, plus de densit\u00e9<br \/>\nD\u00e8s 90 jours, plus d\u2019un millier de nouveaux cheveux sont r\u00e9v\u00e9l\u00e9s<\/p>\n<p>Stemoxydine, Glycan &amp; yang complexe :\u00a0 Densifie\u00a0le cheveu et favorise la pousse<br \/>\nVitamines b3, b5 et b6 :\u00a0Augmente l\u2019activit\u00e9 folliculaire pour une repousse plus rapide<br \/>\nPolym\u00e8re texturisant :\u00a0\u00c9paissit instantan\u00e9ment la fibre\u00a0et apporte du volume<\/p>","protected":false},"excerpt":{"rendered":"<p>K\u00e9rastase Densifique femme est un traitement tr\u00e8s performant d\u2019activateur de densit\u00e9 capillaire<br \/>\nIls cr\u00e9\u00e9 de\u00a0nouveaux cheveux,\u00a0les texturise\u00a0et leur apporte du volume<br \/>\nLes + :\u00a0Action densifiante imm\u00e9diate, Facile \u00e0 appliquer, Sans rin\u00e7age<br \/>\nConvient aux cheveux affin\u00e9s, en perte de densit\u00e9<\/p>","protected":false},"featured_media":1510,"comment_status":"open","ping_status":"closed","template":"","meta":[],"product_brand":[],"product_cat":[2919],"product_tag":[],"class_list":{"0":"post-1435","1":"product","2":"type-product","3":"status-publish","4":"has-post-thumbnail","6":"product_cat-serum-et-soins","8":"first","9":"outofstock","10":"shipping-taxable","11":"purchasable","12":"product-type-simple"},"_links":{"self":[{"href":"https:\/\/parashopnarimel.com\/ar\/wp-json\/wp\/v2\/product\/1435","targetHints":{"allow":["GET"]}}],"collection":[{"href":"https:\/\/parashopnarimel.com\/ar\/wp-json\/wp\/v2\/product"}],"about":[{"href":"https:\/\/parashopnarimel.com\/ar\/wp-json\/wp\/v2\/types\/product"}],"replies":[{"embeddable":true,"href":"https:\/\/parashopnarimel.com\/ar\/wp-json\/wp\/v2\/comments?post=1435"}],"version-history":[{"count":2,"href":"https:\/\/parashopnarimel.com\/ar\/wp-json\/wp\/v2\/product\/1435\/revisions"}],"predecessor-version":[{"id":8242,"href":"https:\/\/parashopnarimel.com\/ar\/wp-json\/wp\/v2\/product\/1435\/revisions\/8242"}],"wp:featuredmedia":[{"embeddable":true,"href":"https:\/\/parashopnarimel.com\/ar\/wp-json\/wp\/v2\/media\/1510"}],"wp:attachment":[{"href":"https:\/\/parashopnarimel.com\/ar\/wp-json\/wp\/v2\/media?parent=1435"}],"wp:term":[{"taxonomy":"product_brand","embeddable":true,"href":"https:\/\/parashopnarimel.com\/ar\/wp-json\/wp\/v2\/product_brand?post=1435"},{"taxonomy":"product_cat","embeddable":true,"href":"https:\/\/parashopnarimel.com\/ar\/wp-json\/wp\/v2\/product_cat?post=1435"},{"taxonomy":"product_tag","embeddable":true,"href":"https:\/\/parashopnarimel.com\/ar\/wp-json\/wp\/v2\/product_tag?post=1435"}],"curies":[{"name":"wp","href":"https:\/\/api.w.org\/{rel}","templated":true}]}}