{"id":1436,"date":"2024-12-29T06:27:52","date_gmt":"2024-12-29T06:27:52","guid":{"rendered":"https:\/\/parashopnarimel.com\/?post_type=product&#038;p=1436"},"modified":"2025-01-19T11:13:22","modified_gmt":"2025-01-19T11:13:22","slug":"kerastase-densifique-masque-densite","status":"publish","type":"product","link":"https:\/\/parashopnarimel.com\/ar\/product\/kerastase-densifique-masque-densite\/","title":{"rendered":"kerastase densifique masque densite"},"content":{"rendered":"<p>Masque Densit\u00e9 est notre masque hydratant pour cheveux et masque \u00e9paississant pour les cheveux moyens \u00e0 \u00e9pais en perte de densit\u00e9. Ce masque pour cheveux fins contient de l\u2019acide Hyaluronique, qui apporte hydratation et r\u00e9silience pour des cheveux repulp\u00e9s. Gr\u00e2ce aux c\u00e9ramides, la fibre capillaire est restaur\u00e9e et renforc\u00e9e, donnant aux cheveux fins une apparence plus \u00e9paisse. Le masque pour cheveux fins contient le Complexe Gluco-Peptide, qui restaure la surface lisse et uniforme de la cuticule capillaire pour lui donner brillance et r\u00e9silience. Gr\u00e2ce \u00e0 sa texture l\u00e9g\u00e8re en gel, ce masque hydratant pour cheveux laisse la chevelure r\u00e9g\u00e9n\u00e9r\u00e9e des racines jusqu\u2019aux pointes, sans l\u2019alourdir.<\/p>\n<p>Hydrate, et procure r\u00e9silience et densit\u00e9 aux cheveux<br \/>\nComble les irr\u00e9gularit\u00e9s \u00e0 la surface de la fibre capillaire et restaure son uniformit\u00e9<br \/>\nTexturise et procure de la substance et de la r\u00e9silience aux cheveux<br \/>\nR\u00e9g\u00e9n\u00e8re les cheveux des racines aux pointes<\/p>","protected":false},"excerpt":{"rendered":"<p>Masque Densit\u00e9 est notre masque hydratant pour cheveux et masque \u00e9paississant pour les cheveux moyens \u00e0 \u00e9pais en perte de densit\u00e9. Ce masque pour cheveux fins contient de l\u2019acide Hyaluronique, qui apporte hydratation et r\u00e9silience pour des cheveux repulp\u00e9s. Gr\u00e2ce aux c\u00e9ramides, la fibre capillaire est restaur\u00e9e et renforc\u00e9e, donnant aux cheveux fins une apparence plus \u00e9paisse. Le masque pour cheveux fins contient le Complexe Gluco-Peptide, qui restaure la surface lisse et uniforme de la cuticule capillaire pour lui donner brillance et r\u00e9silience. Gr\u00e2ce \u00e0 sa texture l\u00e9g\u00e8re en gel, ce masque hydratant pour cheveux laisse la chevelure r\u00e9g\u00e9n\u00e9r\u00e9e des racines jusqu\u2019aux pointes, sans l\u2019alourdir.<\/p>\n<p>Hydrate, et procure r\u00e9silience et densit\u00e9 aux cheveux<br \/>\nComble les irr\u00e9gularit\u00e9s \u00e0 la surface de la fibre capillaire et restaure son uniformit\u00e9<br \/>\nTexturise et procure de la substance et de la r\u00e9silience aux cheveux<br \/>\nR\u00e9g\u00e9n\u00e8re les cheveux des racines aux pointes<\/p>","protected":false},"featured_media":1512,"comment_status":"open","ping_status":"closed","template":"","meta":[],"product_brand":[],"product_cat":[2918],"product_tag":[],"class_list":{"0":"post-1436","1":"product","2":"type-product","3":"status-publish","4":"has-post-thumbnail","6":"product_cat-masque","8":"first","9":"outofstock","10":"shipping-taxable","11":"purchasable","12":"product-type-simple"},"_links":{"self":[{"href":"https:\/\/parashopnarimel.com\/ar\/wp-json\/wp\/v2\/product\/1436","targetHints":{"allow":["GET"]}}],"collection":[{"href":"https:\/\/parashopnarimel.com\/ar\/wp-json\/wp\/v2\/product"}],"about":[{"href":"https:\/\/parashopnarimel.com\/ar\/wp-json\/wp\/v2\/types\/product"}],"replies":[{"embeddable":true,"href":"https:\/\/parashopnarimel.com\/ar\/wp-json\/wp\/v2\/comments?post=1436"}],"version-history":[{"count":1,"href":"https:\/\/parashopnarimel.com\/ar\/wp-json\/wp\/v2\/product\/1436\/revisions"}],"predecessor-version":[{"id":1513,"href":"https:\/\/parashopnarimel.com\/ar\/wp-json\/wp\/v2\/product\/1436\/revisions\/1513"}],"wp:featuredmedia":[{"embeddable":true,"href":"https:\/\/parashopnarimel.com\/ar\/wp-json\/wp\/v2\/media\/1512"}],"wp:attachment":[{"href":"https:\/\/parashopnarimel.com\/ar\/wp-json\/wp\/v2\/media?parent=1436"}],"wp:term":[{"taxonomy":"product_brand","embeddable":true,"href":"https:\/\/parashopnarimel.com\/ar\/wp-json\/wp\/v2\/product_brand?post=1436"},{"taxonomy":"product_cat","embeddable":true,"href":"https:\/\/parashopnarimel.com\/ar\/wp-json\/wp\/v2\/product_cat?post=1436"},{"taxonomy":"product_tag","embeddable":true,"href":"https:\/\/parashopnarimel.com\/ar\/wp-json\/wp\/v2\/product_tag?post=1436"}],"curies":[{"name":"wp","href":"https:\/\/api.w.org\/{rel}","templated":true}]}}