{"id":1437,"date":"2024-12-29T06:27:52","date_gmt":"2024-12-29T06:27:52","guid":{"rendered":"https:\/\/parashopnarimel.com\/?post_type=product&#038;p=1437"},"modified":"2025-01-19T11:13:08","modified_gmt":"2025-01-19T11:13:08","slug":"kerastase-chroma-absolu-masque-chroma-filler","status":"publish","type":"product","link":"https:\/\/parashopnarimel.com\/ar\/product\/kerastase-chroma-absolu-masque-chroma-filler\/","title":{"rendered":"K\u00c9RASTASE Chroma Absolu \u2013 Masque Chroma Filler"},"content":{"rendered":"<p>Le Masque Chroma Filler est un masque anti-porosit\u00e9, d\u00e9velopp\u00e9 pour les cheveux color\u00e9s sensibilis\u00e9s ou ab\u00eem\u00e9s. Sa cr\u00e8me riche rose p\u00e2le p\u00e9n\u00e8tre en profondeur dans la fibre capillaire pour combler la porosit\u00e9 et renforcer les cheveux normaux \u00e0 \u00e9pais pour une couleur plus intense et plus brillante. Ce soin est enrichi d\u2019une combinaison puissante d\u2019acides amin\u00e9s et de Centella Asiatica offre aux cheveux un soin puissant. Les m\u00e8ches sont 92% plus fortes(1), plus r\u00e9sistantes et 93% plus nourries(1)\u00a0avec une porosit\u00e9 r\u00e9duite pour une couleur plus durable.<br \/>\nUtilisation apr\u00e8s utilisation, les cheveux deviennent 62% plus brillants(2)\u00a0et plus \u00e9clatants et 92% de l\u2019intensit\u00e9 de la couleur est pr\u00e9serv\u00e9e apr\u00e8s 6 semaines(3).<br \/>\n9\/10 femmes affirment que les cheveux sont nourris, hydrat\u00e9s et renforc\u00e9s\u00a0(4).<\/p>","protected":false},"excerpt":{"rendered":"<p>Le Masque Chroma Filler est un masque anti-porosit\u00e9, d\u00e9velopp\u00e9 pour les cheveux color\u00e9s sensibilis\u00e9s ou ab\u00eem\u00e9s. Sa cr\u00e8me riche rose p\u00e2le p\u00e9n\u00e8tre en profondeur dans la fibre capillaire pour combler la porosit\u00e9 et renforcer les cheveux normaux \u00e0 \u00e9pais pour une couleur plus intense et plus brillante. Ce soin est enrichi d\u2019une combinaison puissante d\u2019acides amin\u00e9s et de Centella Asiatica offre aux cheveux un soin puissant. Les m\u00e8ches sont 92% plus fortes(1), plus r\u00e9sistantes et 93% plus nourries(1)\u00a0avec une porosit\u00e9 r\u00e9duite pour une couleur plus durable.<br \/>\nUtilisation apr\u00e8s utilisation, les cheveux deviennent 62% plus brillants(2)\u00a0et plus \u00e9clatants et 92% de l\u2019intensit\u00e9 de la couleur est pr\u00e9serv\u00e9e apr\u00e8s 6 semaines(3).<br \/>\n9\/10 femmes affirment que les cheveux sont nourris, hydrat\u00e9s et renforc\u00e9s\u00a0(4).<\/p>","protected":false},"featured_media":1514,"comment_status":"open","ping_status":"closed","template":"","meta":[],"product_brand":[],"product_cat":[2918],"product_tag":[],"class_list":{"0":"post-1437","1":"product","2":"type-product","3":"status-publish","4":"has-post-thumbnail","6":"product_cat-masque","8":"first","9":"outofstock","10":"shipping-taxable","11":"purchasable","12":"product-type-simple"},"_links":{"self":[{"href":"https:\/\/parashopnarimel.com\/ar\/wp-json\/wp\/v2\/product\/1437","targetHints":{"allow":["GET"]}}],"collection":[{"href":"https:\/\/parashopnarimel.com\/ar\/wp-json\/wp\/v2\/product"}],"about":[{"href":"https:\/\/parashopnarimel.com\/ar\/wp-json\/wp\/v2\/types\/product"}],"replies":[{"embeddable":true,"href":"https:\/\/parashopnarimel.com\/ar\/wp-json\/wp\/v2\/comments?post=1437"}],"version-history":[{"count":2,"href":"https:\/\/parashopnarimel.com\/ar\/wp-json\/wp\/v2\/product\/1437\/revisions"}],"predecessor-version":[{"id":8243,"href":"https:\/\/parashopnarimel.com\/ar\/wp-json\/wp\/v2\/product\/1437\/revisions\/8243"}],"wp:featuredmedia":[{"embeddable":true,"href":"https:\/\/parashopnarimel.com\/ar\/wp-json\/wp\/v2\/media\/1514"}],"wp:attachment":[{"href":"https:\/\/parashopnarimel.com\/ar\/wp-json\/wp\/v2\/media?parent=1437"}],"wp:term":[{"taxonomy":"product_brand","embeddable":true,"href":"https:\/\/parashopnarimel.com\/ar\/wp-json\/wp\/v2\/product_brand?post=1437"},{"taxonomy":"product_cat","embeddable":true,"href":"https:\/\/parashopnarimel.com\/ar\/wp-json\/wp\/v2\/product_cat?post=1437"},{"taxonomy":"product_tag","embeddable":true,"href":"https:\/\/parashopnarimel.com\/ar\/wp-json\/wp\/v2\/product_tag?post=1437"}],"curies":[{"name":"wp","href":"https:\/\/api.w.org\/{rel}","templated":true}]}}