{"id":1438,"date":"2024-12-29T06:27:52","date_gmt":"2024-12-29T06:27:52","guid":{"rendered":"https:\/\/parashopnarimel.com\/?post_type=product&#038;p=1438"},"modified":"2025-01-19T11:12:50","modified_gmt":"2025-01-19T11:12:50","slug":"kerastase-chroma-absolu-bain-chroma-respect","status":"publish","type":"product","link":"https:\/\/parashopnarimel.com\/ar\/product\/kerastase-chroma-absolu-bain-chroma-respect\/","title":{"rendered":"kerastase Chroma Absolu Bain Chroma Respect"},"content":{"rendered":"<p>Bain Chroma Respect est un shampoing protecteur qui hydrate en douceur et convient \u00e0 tous les types de cheveux color\u00e9s fragilis\u00e9s ou ab\u00eem\u00e9s, particuli\u00e8rement les cheveux fins \u00e0 moyens. \u00c0 texture de gel cr\u00e9meux rose p\u00e2le, il hydrate en profondeur et traite la chevelure, tout en prot\u00e9geant la coloration des cheveux et en l\u2019emp\u00eachant de ternir. Enrichi d\u2019une puissante combinaison d\u2019acides amin\u00e9s et de Centella Asiatica, ce shampooing avanc\u00e9 p\u00e9n\u00e8tre dans la fibre capillaire pour la fortifier et la rendre plus r\u00e9sistante. Les cheveux sont rehauss\u00e9s, avec 74\u00a0% plus d\u2019\u00e9clat et de brillance*, une hydratation accrue et une diminution de la porosit\u00e9 afin de mieux conserver le traitement des cheveux.<br \/>\nUne chevelure en sant\u00e9 permet de pr\u00e9server 92\u00a0% de l\u2019intensit\u00e9 de la couleur m\u00eame apr\u00e8s 6\u00a0semaines**. Cette formule contient des acides lactique, tartrique, et amin\u00e9s, et elle exclue les sulfates, les silicones et les parab\u00e8nes. 9\u00a0femmes sur 10 affirment que Bain Chroma Respect est doux pour les cheveux***. Ce produit est exempt de sulfates.<\/p>","protected":false},"excerpt":{"rendered":"<p>Bain Chroma Respect est un shampoing protecteur qui hydrate en douceur et convient \u00e0 tous les types de cheveux color\u00e9s fragilis\u00e9s ou ab\u00eem\u00e9s, particuli\u00e8rement les cheveux fins \u00e0 moyens. \u00c0 texture de gel cr\u00e9meux rose p\u00e2le, il hydrate en profondeur et traite la chevelure, tout en prot\u00e9geant la coloration des cheveux et en l\u2019emp\u00eachant de ternir. Enrichi d\u2019une puissante combinaison d\u2019acides amin\u00e9s et de Centella Asiatica, ce shampooing avanc\u00e9 p\u00e9n\u00e8tre dans la fibre capillaire pour la fortifier et la rendre plus r\u00e9sistante. Les cheveux sont rehauss\u00e9s, avec 74\u00a0% plus d\u2019\u00e9clat et de brillance*, une hydratation accrue et une diminution de la porosit\u00e9 afin de mieux conserver le traitement des cheveux.<br \/>\nUne chevelure en sant\u00e9 permet de pr\u00e9server 92\u00a0% de l\u2019intensit\u00e9 de la couleur m\u00eame apr\u00e8s 6\u00a0semaines**. Cette formule contient des acides lactique, tartrique, et amin\u00e9s, et elle exclue les sulfates, les silicones et les parab\u00e8nes. 9\u00a0femmes sur 10 affirment que Bain Chroma Respect est doux pour les cheveux***. Ce produit est exempt de sulfates.<\/p>","protected":false},"featured_media":1516,"comment_status":"open","ping_status":"closed","template":"","meta":[],"product_brand":[],"product_cat":[1361],"product_tag":[],"class_list":{"0":"post-1438","1":"product","2":"type-product","3":"status-publish","4":"has-post-thumbnail","6":"product_cat-shampoings-pellicules-anti-chute","8":"first","9":"outofstock","10":"shipping-taxable","11":"purchasable","12":"product-type-simple"},"_links":{"self":[{"href":"https:\/\/parashopnarimel.com\/ar\/wp-json\/wp\/v2\/product\/1438","targetHints":{"allow":["GET"]}}],"collection":[{"href":"https:\/\/parashopnarimel.com\/ar\/wp-json\/wp\/v2\/product"}],"about":[{"href":"https:\/\/parashopnarimel.com\/ar\/wp-json\/wp\/v2\/types\/product"}],"replies":[{"embeddable":true,"href":"https:\/\/parashopnarimel.com\/ar\/wp-json\/wp\/v2\/comments?post=1438"}],"version-history":[{"count":1,"href":"https:\/\/parashopnarimel.com\/ar\/wp-json\/wp\/v2\/product\/1438\/revisions"}],"predecessor-version":[{"id":1517,"href":"https:\/\/parashopnarimel.com\/ar\/wp-json\/wp\/v2\/product\/1438\/revisions\/1517"}],"wp:featuredmedia":[{"embeddable":true,"href":"https:\/\/parashopnarimel.com\/ar\/wp-json\/wp\/v2\/media\/1516"}],"wp:attachment":[{"href":"https:\/\/parashopnarimel.com\/ar\/wp-json\/wp\/v2\/media?parent=1438"}],"wp:term":[{"taxonomy":"product_brand","embeddable":true,"href":"https:\/\/parashopnarimel.com\/ar\/wp-json\/wp\/v2\/product_brand?post=1438"},{"taxonomy":"product_cat","embeddable":true,"href":"https:\/\/parashopnarimel.com\/ar\/wp-json\/wp\/v2\/product_cat?post=1438"},{"taxonomy":"product_tag","embeddable":true,"href":"https:\/\/parashopnarimel.com\/ar\/wp-json\/wp\/v2\/product_tag?post=1438"}],"curies":[{"name":"wp","href":"https:\/\/api.w.org\/{rel}","templated":true}]}}