{"id":1439,"date":"2024-12-29T06:27:52","date_gmt":"2024-12-29T06:27:52","guid":{"rendered":"https:\/\/parashopnarimel.com\/?post_type=product&#038;p=1439"},"modified":"2025-01-19T11:12:34","modified_gmt":"2025-01-19T11:12:34","slug":"kerastase-chronologiste-masque-intense-regenerant-200ml","status":"publish","type":"product","link":"https:\/\/parashopnarimel.com\/ar\/product\/kerastase-chronologiste-masque-intense-regenerant-200ml\/","title":{"rendered":"K\u00e9rastase Chronologiste Masque Intense R\u00e9g\u00e9n\u00e9rant 200ML"},"content":{"rendered":"<p>Masque r\u00e9g\u00e9n\u00e9rant et tonifiant qui aide \u00e0 combattre les signes de l\u2019\u00e2ge du cuir chevelu et de la fibre capillaire.<br \/>\nSa formule enrichie en acide hyaluronique, abyssine et vitamine E revitalise le cuir chevelu et les longueurs.<br \/>\nIl offre +87% d\u2019hydratation au cuir chevelu et \u00e0 la fibre capillaire, un contr\u00f4le durable des frisottis et 6 fois plus de brillance.<br \/>\nSa texture cr\u00e8me l\u00e9g\u00e8re, infus\u00e9e de la signature olfactive Chronologiste aux notes de rose, de c\u00e8dre et de musc, procure une sensation de bien-\u00eatre \u00e0 l\u2019application.<br \/>\nB\u00e9n\u00e9fices<br \/>\n\u2022 Aide \u00e0 combattre les signes de l\u2019\u00e2ge<br \/>\n\u2022 Tonifie le cuir chevelu<br \/>\n\u2022 Renforce la fibre capillaire<br \/>\n\u2022 Offre brillance et douceur<\/p>","protected":false},"excerpt":{"rendered":"<p>Masque r\u00e9g\u00e9n\u00e9rant et tonifiant qui aide \u00e0 combattre les signes de l\u2019\u00e2ge du cuir chevelu et de la fibre capillaire.<br \/>\nSa formule enrichie en acide hyaluronique, abyssine et vitamine E revitalise le cuir chevelu et les longueurs.<br \/>\nIl offre +87% d\u2019hydratation au cuir chevelu et \u00e0 la fibre capillaire, un contr\u00f4le durable des frisottis et 6 fois plus de brillance.<br \/>\nSa texture cr\u00e8me l\u00e9g\u00e8re, infus\u00e9e de la signature olfactive Chronologiste aux notes de rose, de c\u00e8dre et de musc, procure une sensation de bien-\u00eatre \u00e0 l\u2019application.<br \/>\nB\u00e9n\u00e9fices<br \/>\n\u2022 Aide \u00e0 combattre les signes de l\u2019\u00e2ge<br \/>\n\u2022 Tonifie le cuir chevelu<br \/>\n\u2022 Renforce la fibre capillaire<br \/>\n\u2022 Offre brillance et douceur<\/p>","protected":false},"featured_media":1525,"comment_status":"open","ping_status":"closed","template":"","meta":[],"product_brand":[],"product_cat":[2918],"product_tag":[],"class_list":{"0":"post-1439","1":"product","2":"type-product","3":"status-publish","4":"has-post-thumbnail","6":"product_cat-masque","8":"first","9":"outofstock","10":"shipping-taxable","11":"purchasable","12":"product-type-simple"},"_links":{"self":[{"href":"https:\/\/parashopnarimel.com\/ar\/wp-json\/wp\/v2\/product\/1439","targetHints":{"allow":["GET"]}}],"collection":[{"href":"https:\/\/parashopnarimel.com\/ar\/wp-json\/wp\/v2\/product"}],"about":[{"href":"https:\/\/parashopnarimel.com\/ar\/wp-json\/wp\/v2\/types\/product"}],"replies":[{"embeddable":true,"href":"https:\/\/parashopnarimel.com\/ar\/wp-json\/wp\/v2\/comments?post=1439"}],"version-history":[{"count":1,"href":"https:\/\/parashopnarimel.com\/ar\/wp-json\/wp\/v2\/product\/1439\/revisions"}],"predecessor-version":[{"id":1526,"href":"https:\/\/parashopnarimel.com\/ar\/wp-json\/wp\/v2\/product\/1439\/revisions\/1526"}],"wp:featuredmedia":[{"embeddable":true,"href":"https:\/\/parashopnarimel.com\/ar\/wp-json\/wp\/v2\/media\/1525"}],"wp:attachment":[{"href":"https:\/\/parashopnarimel.com\/ar\/wp-json\/wp\/v2\/media?parent=1439"}],"wp:term":[{"taxonomy":"product_brand","embeddable":true,"href":"https:\/\/parashopnarimel.com\/ar\/wp-json\/wp\/v2\/product_brand?post=1439"},{"taxonomy":"product_cat","embeddable":true,"href":"https:\/\/parashopnarimel.com\/ar\/wp-json\/wp\/v2\/product_cat?post=1439"},{"taxonomy":"product_tag","embeddable":true,"href":"https:\/\/parashopnarimel.com\/ar\/wp-json\/wp\/v2\/product_tag?post=1439"}],"curies":[{"name":"wp","href":"https:\/\/api.w.org\/{rel}","templated":true}]}}