{"id":1440,"date":"2024-12-29T06:27:52","date_gmt":"2024-12-29T06:27:52","guid":{"rendered":"https:\/\/parashopnarimel.com\/?post_type=product&#038;p=1440"},"modified":"2025-01-19T11:12:14","modified_gmt":"2025-01-19T11:12:14","slug":"kerastase-chronologiste-huile-de-parfum-100-ml","status":"publish","type":"product","link":"https:\/\/parashopnarimel.com\/ar\/product\/kerastase-chronologiste-huile-de-parfum-100-ml\/","title":{"rendered":"K\u00e9rastase Chronologiste \u2013 Huile de Parfum, 100 ml"},"content":{"rendered":"<p>L\u2019huile de parfum Chronologiste de K\u00e9rastase\u00a0est une huile de parfum exceptionnelle qui enveloppe vos cheveux d\u2019un parfum sur la dur\u00e9e.<br \/>\nAvec le complexe Ol\u00e9o, elle procure \u00e0 vos cheveux d\u2019agr\u00e9ables et d\u00e9licates notes de rose th\u00e9, de myrrhe, de musc et d\u2019accords l\u00e9g\u00e8rement bois\u00e9s. Ce parfum unique a \u00e9t\u00e9 imagin\u00e9 par l\u2019un des parfumeurs les plus respect\u00e9s au monde, Alberto Morillas.<br \/>\nLe parfum s\u2019accompagne bien entendu d\u2019une brillance exceptionnelle.<\/p>","protected":false},"excerpt":{"rendered":"<p>L\u2019huile de parfum Chronologiste de K\u00e9rastase\u00a0est une huile de parfum exceptionnelle qui enveloppe vos cheveux d\u2019un parfum sur la dur\u00e9e.<br \/>\nAvec le complexe Ol\u00e9o, elle procure \u00e0 vos cheveux d\u2019agr\u00e9ables et d\u00e9licates notes de rose th\u00e9, de myrrhe, de musc et d\u2019accords l\u00e9g\u00e8rement bois\u00e9s. Ce parfum unique a \u00e9t\u00e9 imagin\u00e9 par l\u2019un des parfumeurs les plus respect\u00e9s au monde, Alberto Morillas.<br \/>\nLe parfum s\u2019accompagne bien entendu d\u2019une brillance exceptionnelle.<\/p>","protected":false},"featured_media":1527,"comment_status":"open","ping_status":"closed","template":"","meta":[],"product_brand":[],"product_cat":[2920,2919],"product_tag":[],"class_list":{"0":"post-1440","1":"product","2":"type-product","3":"status-publish","4":"has-post-thumbnail","6":"product_cat-huiles-et-spray","7":"product_cat-serum-et-soins","9":"first","10":"outofstock","11":"shipping-taxable","12":"purchasable","13":"product-type-simple"},"_links":{"self":[{"href":"https:\/\/parashopnarimel.com\/ar\/wp-json\/wp\/v2\/product\/1440","targetHints":{"allow":["GET"]}}],"collection":[{"href":"https:\/\/parashopnarimel.com\/ar\/wp-json\/wp\/v2\/product"}],"about":[{"href":"https:\/\/parashopnarimel.com\/ar\/wp-json\/wp\/v2\/types\/product"}],"replies":[{"embeddable":true,"href":"https:\/\/parashopnarimel.com\/ar\/wp-json\/wp\/v2\/comments?post=1440"}],"version-history":[{"count":2,"href":"https:\/\/parashopnarimel.com\/ar\/wp-json\/wp\/v2\/product\/1440\/revisions"}],"predecessor-version":[{"id":8240,"href":"https:\/\/parashopnarimel.com\/ar\/wp-json\/wp\/v2\/product\/1440\/revisions\/8240"}],"wp:featuredmedia":[{"embeddable":true,"href":"https:\/\/parashopnarimel.com\/ar\/wp-json\/wp\/v2\/media\/1527"}],"wp:attachment":[{"href":"https:\/\/parashopnarimel.com\/ar\/wp-json\/wp\/v2\/media?parent=1440"}],"wp:term":[{"taxonomy":"product_brand","embeddable":true,"href":"https:\/\/parashopnarimel.com\/ar\/wp-json\/wp\/v2\/product_brand?post=1440"},{"taxonomy":"product_cat","embeddable":true,"href":"https:\/\/parashopnarimel.com\/ar\/wp-json\/wp\/v2\/product_cat?post=1440"},{"taxonomy":"product_tag","embeddable":true,"href":"https:\/\/parashopnarimel.com\/ar\/wp-json\/wp\/v2\/product_tag?post=1440"}],"curies":[{"name":"wp","href":"https:\/\/api.w.org\/{rel}","templated":true}]}}