{"id":1456,"date":"2024-12-29T06:28:15","date_gmt":"2024-12-29T06:28:15","guid":{"rendered":"https:\/\/parashopnarimel.com\/?post_type=product&#038;p=1456"},"modified":"2025-01-19T11:14:21","modified_gmt":"2025-01-19T11:14:21","slug":"bain-regenerant-chronologiste-pour-tous-types-de-cheveux","status":"publish","type":"product","link":"https:\/\/parashopnarimel.com\/ar\/product\/bain-regenerant-chronologiste-pour-tous-types-de-cheveux\/","title":{"rendered":"Bain r\u00e9g\u00e9n\u00e9rant Chronologiste \u2013 Pour tous types de cheveux"},"content":{"rendered":"<p>Shampoing Bain R\u00e9g\u00e9n\u00e9rant Chronologiste<br \/>\nVoici la gamme de produits \u00ab\u00a0Chronologiste\u00a0\u00bb de K\u00e9rastase, offre des soins revitalisants jeunesse pour le cuir chevelu et les cheveux. K\u00e9rastase pr\u00e9sente une combinaison puissante de trois ingr\u00e9dients dans des formules r\u00e9volutionnaires qui ciblent directement les six signes du vieillissement. Redonne une apparence de jeunesse au cuir chevelu et aux cheveux, procurant une chevelure qui semble \u00e9pargn\u00e9e par le temps.<br \/>\nTypes de cheveux<br \/>\nPour tous les types de cheveux<br \/>\nAvantages<\/p>\n<p>Sa formule enrichie en acide hyaluronique, abyssine et vitamine E revitalise le cuir chevelu et les longueurs.<br \/>\nIl nettoie en douceur les particules de pollution et hydrate durablement les cheveux (+44% d\u2019hydratation apr\u00e8s 48 heures).<br \/>\nLa fibre capillaire est alors fortifi\u00e9e et la chevelure retrouve brillance, force et vitalit\u00e9.<br \/>\nSa mousse fine et l\u00e9g\u00e8re, infus\u00e9e de la signature olfactive Chronologiste aux notes de rose, de c\u00e8dre et de musc, procure une sensation de bien-\u00eatre \u00e0 l\u2019application.<br \/>\nIl aide \u00e0 combattre les signes de l\u2019\u00e2ge.<\/p>","protected":false},"excerpt":{"rendered":"<p>Shampoing Bain R\u00e9g\u00e9n\u00e9rant Chronologiste<br \/>\nVoici la gamme de produits \u00ab\u00a0Chronologiste\u00a0\u00bb de K\u00e9rastase, offre des soins revitalisants jeunesse pour le cuir chevelu et les cheveux. K\u00e9rastase pr\u00e9sente une combinaison puissante de trois ingr\u00e9dients dans des formules r\u00e9volutionnaires qui ciblent directement les six signes du vieillissement. Redonne une apparence de jeunesse au cuir chevelu et aux cheveux, procurant une chevelure qui semble \u00e9pargn\u00e9e par le temps.<br \/>\nTypes de cheveux<br \/>\nPour tous les types de cheveux<br \/>\nAvantages<\/p>\n<p>Sa formule enrichie en acide hyaluronique, abyssine et vitamine E revitalise le cuir chevelu et les longueurs.<br \/>\nIl nettoie en douceur les particules de pollution et hydrate durablement les cheveux (+44% d\u2019hydratation apr\u00e8s 48 heures).<br \/>\nLa fibre capillaire est alors fortifi\u00e9e et la chevelure retrouve brillance, force et vitalit\u00e9.<br \/>\nSa mousse fine et l\u00e9g\u00e8re, infus\u00e9e de la signature olfactive Chronologiste aux notes de rose, de c\u00e8dre et de musc, procure une sensation de bien-\u00eatre \u00e0 l\u2019application.<br \/>\nIl aide \u00e0 combattre les signes de l\u2019\u00e2ge.<\/p>","protected":false},"featured_media":1529,"comment_status":"open","ping_status":"closed","template":"","meta":[],"product_brand":[],"product_cat":[1361],"product_tag":[],"class_list":{"0":"post-1456","1":"product","2":"type-product","3":"status-publish","4":"has-post-thumbnail","6":"product_cat-shampoings-pellicules-anti-chute","8":"first","9":"outofstock","10":"shipping-taxable","11":"purchasable","12":"product-type-simple"},"_links":{"self":[{"href":"https:\/\/parashopnarimel.com\/ar\/wp-json\/wp\/v2\/product\/1456","targetHints":{"allow":["GET"]}}],"collection":[{"href":"https:\/\/parashopnarimel.com\/ar\/wp-json\/wp\/v2\/product"}],"about":[{"href":"https:\/\/parashopnarimel.com\/ar\/wp-json\/wp\/v2\/types\/product"}],"replies":[{"embeddable":true,"href":"https:\/\/parashopnarimel.com\/ar\/wp-json\/wp\/v2\/comments?post=1456"}],"version-history":[{"count":2,"href":"https:\/\/parashopnarimel.com\/ar\/wp-json\/wp\/v2\/product\/1456\/revisions"}],"predecessor-version":[{"id":8239,"href":"https:\/\/parashopnarimel.com\/ar\/wp-json\/wp\/v2\/product\/1456\/revisions\/8239"}],"wp:featuredmedia":[{"embeddable":true,"href":"https:\/\/parashopnarimel.com\/ar\/wp-json\/wp\/v2\/media\/1529"}],"wp:attachment":[{"href":"https:\/\/parashopnarimel.com\/ar\/wp-json\/wp\/v2\/media?parent=1456"}],"wp:term":[{"taxonomy":"product_brand","embeddable":true,"href":"https:\/\/parashopnarimel.com\/ar\/wp-json\/wp\/v2\/product_brand?post=1456"},{"taxonomy":"product_cat","embeddable":true,"href":"https:\/\/parashopnarimel.com\/ar\/wp-json\/wp\/v2\/product_cat?post=1456"},{"taxonomy":"product_tag","embeddable":true,"href":"https:\/\/parashopnarimel.com\/ar\/wp-json\/wp\/v2\/product_tag?post=1456"}],"curies":[{"name":"wp","href":"https:\/\/api.w.org\/{rel}","templated":true}]}}