{"id":1584,"date":"2024-12-29T06:30:33","date_gmt":"2024-12-29T06:30:33","guid":{"rendered":"https:\/\/parashopnarimel.com\/?post_type=product&#038;p=1584"},"modified":"2025-01-19T11:03:09","modified_gmt":"2025-01-19T11:03:09","slug":"cosrx-centella-water-alcohol-free-toner","status":"publish","type":"product","link":"https:\/\/parashopnarimel.com\/ar\/product\/cosrx-centella-water-alcohol-free-toner\/","title":{"rendered":"cosrx Centella Water Alcohol Free Toner"},"content":{"rendered":"<p>The COSRX Centella Water Alcohol Free Toner est un toner apaisant. Ce toner est enrichi en extrait de Centella, cet ingr\u00e9dient adoucit et apaise votre peau. Le tonique convient \u00e0 tous les types de peau. Le toner est \u00e9galement sans parab\u00e8nes ni alcool et convient donc \u00e9galement aux peaux sensibles !<br \/>\nCe toner contient \u00e9galement de l\u2019allanto\u00efne et du panth\u00e9nol, ces ingr\u00e9dients garantissent que votre peau reste bien hydrat\u00e9e et se sente agr\u00e9able et douce. Apaisez et prenez soin de votre peau avec ce toner fin !<br \/>\nCe toner:<\/p>\n<p>apaisant pour la peau<br \/>\nadoucir votre peau<br \/>\nconvient \u00e0 tous les types de peau<br \/>\nsans paraben ni alcool<br \/>\ncontient de l\u2019allanto\u00efne et du panth\u00e9nol<br \/>\nhydratant<br \/>\nsans cruaut\u00e9<\/p>","protected":false},"excerpt":{"rendered":"<p>The COSRX Centella Water Alcohol Free Toner est un toner apaisant. Ce toner est enrichi en extrait de Centella, cet ingr\u00e9dient adoucit et apaise votre peau. Le tonique convient \u00e0 tous les types de peau. Le toner est \u00e9galement sans parab\u00e8nes ni alcool et convient donc \u00e9galement aux peaux sensibles !<br \/>\nCe toner contient \u00e9galement de l\u2019allanto\u00efne et du panth\u00e9nol, ces ingr\u00e9dients garantissent que votre peau reste bien hydrat\u00e9e et se sente agr\u00e9able et douce. Apaisez et prenez soin de votre peau avec ce toner fin !<br \/>\nCe toner:<\/p>\n<p>apaisant pour la peau<br \/>\nadoucir votre peau<br \/>\nconvient \u00e0 tous les types de peau<br \/>\nsans paraben ni alcool<br \/>\ncontient de l\u2019allanto\u00efne et du panth\u00e9nol<br \/>\nhydratant<br \/>\nsans cruaut\u00e9<\/p>","protected":false},"featured_media":1658,"comment_status":"open","ping_status":"closed","template":"","meta":[],"product_brand":[],"product_cat":[96,2905],"product_tag":[],"class_list":{"0":"post-1584","1":"product","2":"type-product","3":"status-publish","4":"has-post-thumbnail","6":"product_cat-non-classe","7":"product_cat-lotion","9":"first","10":"instock","11":"shipping-taxable","12":"purchasable","13":"product-type-simple"},"_links":{"self":[{"href":"https:\/\/parashopnarimel.com\/ar\/wp-json\/wp\/v2\/product\/1584","targetHints":{"allow":["GET"]}}],"collection":[{"href":"https:\/\/parashopnarimel.com\/ar\/wp-json\/wp\/v2\/product"}],"about":[{"href":"https:\/\/parashopnarimel.com\/ar\/wp-json\/wp\/v2\/types\/product"}],"replies":[{"embeddable":true,"href":"https:\/\/parashopnarimel.com\/ar\/wp-json\/wp\/v2\/comments?post=1584"}],"version-history":[{"count":2,"href":"https:\/\/parashopnarimel.com\/ar\/wp-json\/wp\/v2\/product\/1584\/revisions"}],"predecessor-version":[{"id":11930,"href":"https:\/\/parashopnarimel.com\/ar\/wp-json\/wp\/v2\/product\/1584\/revisions\/11930"}],"wp:featuredmedia":[{"embeddable":true,"href":"https:\/\/parashopnarimel.com\/ar\/wp-json\/wp\/v2\/media\/1658"}],"wp:attachment":[{"href":"https:\/\/parashopnarimel.com\/ar\/wp-json\/wp\/v2\/media?parent=1584"}],"wp:term":[{"taxonomy":"product_brand","embeddable":true,"href":"https:\/\/parashopnarimel.com\/ar\/wp-json\/wp\/v2\/product_brand?post=1584"},{"taxonomy":"product_cat","embeddable":true,"href":"https:\/\/parashopnarimel.com\/ar\/wp-json\/wp\/v2\/product_cat?post=1584"},{"taxonomy":"product_tag","embeddable":true,"href":"https:\/\/parashopnarimel.com\/ar\/wp-json\/wp\/v2\/product_tag?post=1584"}],"curies":[{"name":"wp","href":"https:\/\/api.w.org\/{rel}","templated":true}]}}