{"id":1610,"date":"2024-12-29T06:30:55","date_gmt":"2024-12-29T06:30:55","guid":{"rendered":"https:\/\/parashopnarimel.com\/?post_type=product&#038;p=1610"},"modified":"2026-04-11T10:25:19","modified_gmt":"2026-04-11T10:25:19","slug":"nuxe-men-deodorant-protection-24h","status":"publish","type":"product","link":"https:\/\/parashopnarimel.com\/ar\/product\/nuxe-men-deodorant-protection-24h\/","title":{"rendered":"Nuxe Men D\u00e9odorant Protection 24h"},"content":{"rendered":"<p>Ce d\u00e9odorant assure une protection 24H. Anti-traces,\u00a0anti-taches. Parfum masculin bois\u00e9 et \u00e9pic\u00e9.<\/p>","protected":false},"excerpt":{"rendered":"<p>Ce d\u00e9odorant assure une protection 24H. Anti-traces,\u00a0anti-taches. Parfum masculin bois\u00e9 et \u00e9pic\u00e9.<\/p>","protected":false},"featured_media":1690,"comment_status":"open","ping_status":"closed","template":"","meta":[],"product_brand":[],"product_cat":[96,2917,2923],"product_tag":[],"class_list":{"0":"post-1610","1":"product","2":"type-product","3":"status-publish","4":"has-post-thumbnail","6":"product_cat-non-classe","7":"product_cat-deodorant-et-stick","8":"product_cat-homme","10":"first","11":"instock","12":"shipping-taxable","13":"purchasable","14":"product-type-simple"},"_links":{"self":[{"href":"https:\/\/parashopnarimel.com\/ar\/wp-json\/wp\/v2\/product\/1610","targetHints":{"allow":["GET"]}}],"collection":[{"href":"https:\/\/parashopnarimel.com\/ar\/wp-json\/wp\/v2\/product"}],"about":[{"href":"https:\/\/parashopnarimel.com\/ar\/wp-json\/wp\/v2\/types\/product"}],"replies":[{"embeddable":true,"href":"https:\/\/parashopnarimel.com\/ar\/wp-json\/wp\/v2\/comments?post=1610"}],"version-history":[{"count":1,"href":"https:\/\/parashopnarimel.com\/ar\/wp-json\/wp\/v2\/product\/1610\/revisions"}],"predecessor-version":[{"id":1691,"href":"https:\/\/parashopnarimel.com\/ar\/wp-json\/wp\/v2\/product\/1610\/revisions\/1691"}],"wp:featuredmedia":[{"embeddable":true,"href":"https:\/\/parashopnarimel.com\/ar\/wp-json\/wp\/v2\/media\/1690"}],"wp:attachment":[{"href":"https:\/\/parashopnarimel.com\/ar\/wp-json\/wp\/v2\/media?parent=1610"}],"wp:term":[{"taxonomy":"product_brand","embeddable":true,"href":"https:\/\/parashopnarimel.com\/ar\/wp-json\/wp\/v2\/product_brand?post=1610"},{"taxonomy":"product_cat","embeddable":true,"href":"https:\/\/parashopnarimel.com\/ar\/wp-json\/wp\/v2\/product_cat?post=1610"},{"taxonomy":"product_tag","embeddable":true,"href":"https:\/\/parashopnarimel.com\/ar\/wp-json\/wp\/v2\/product_tag?post=1610"}],"curies":[{"name":"wp","href":"https:\/\/api.w.org\/{rel}","templated":true}]}}