{"id":1629,"date":"2024-12-29T06:31:17","date_gmt":"2024-12-29T06:31:17","guid":{"rendered":"https:\/\/parashopnarimel.com\/?post_type=product&#038;p=1629"},"modified":"2025-04-10T15:26:35","modified_gmt":"2025-04-10T15:26:35","slug":"bioxcin-forte-herbal-serum-anti-chute-de-cheveux-3-x-50-ml","status":"publish","type":"product","link":"https:\/\/parashopnarimel.com\/ar\/product\/bioxcin-forte-herbal-serum-anti-chute-de-cheveux-3-x-50-ml\/","title":{"rendered":"Bioxcin Forte Herbal S\u00e9rum anti-chute de cheveux 3 x 50 ml"},"content":{"rendered":"<p>Le s\u00e9rum Bioxsine Dermagen Fort Spray contient du BioComplexe \u00e0 base de plantes B11, test\u00e9 cliniquement et sp\u00e9cialement formul\u00e9 pour aider \u00e0 lutter contre l\u2019amincissement des cheveux ab\u00eem\u00e9s et comprend des extraits de plantes contenant des min\u00e9raux naturels et des acides gras essentiels qui nourrissent, renforcent et favorisent des cheveux plus \u00e9pais et plus volumineux. Id\u00e9ale pour une utilisation d\u00e8s les premiers stades de la perte de cheveux, cette huile de repousse rapide des cheveux est sp\u00e9cialement formul\u00e9e et cliniquement prouv\u00e9e pour repousser jusqu\u2019\u00e0 25 % de cheveux en plus.<br \/>\nCette huile p\u00e9n\u00e8tre dans le cuir chevelu pour r\u00e9activer les follicules pileux r\u00e9tr\u00e9cis, permettant ainsi la repousse des cheveux. Il agit en stimulant l\u2019activit\u00e9 des follicules pileux et la production de prot\u00e9ines capillaires et en cr\u00e9ant un environnement optimal pour la repousse des cheveux. Le traitement pour cheveux clairsem\u00e9s contient \u00e9galement des extraits botaniques et des \u00e9mollients pour aider \u00e0 maintenir un cuir chevelu sain et conditionn\u00e9, et favorise l\u2019exfoliation naturelle de la peau pour aider \u00e0 garder les follicules ouverts.<br \/>\nAvantages :<br \/>\nCliniquement prouv\u00e9 pour la chute des cheveux h\u00e9r\u00e9ditaire, l\u2019alop\u00e9cie androg\u00e9n\u00e9tique, les coins secrets des cheveux, les cheveux fins, les cheveux \u00e0 croissance lente, les cheveux gras, les pointes fourchues, les antipelliculaires, la chute extr\u00eame des cheveux, les d\u00e9mangeaisons, le cuir chevelu sec et inflammatoire, la chute des cheveux apr\u00e8s grossesse ou allaitement, M\u00e9nopause.<br \/>\nR\u00e9gule la circulation sanguine dans les follicules pileux, am\u00e9liore l\u2019apport de nutriments \u00e0 la racine des cheveux.<br \/>\nMoins de cheveux cassants et pointes fourchues | convient \u00e0 tous les types de cuir chevelu | donne de la brillance aux cheveux courts et longs<\/p>","protected":false},"excerpt":{"rendered":"<p>Bioxsine S\u00e9rum Forte est un produit naturel fait \u00e0 base de plantes, et recommand\u00e9 pour tonifier la texture des cheveux. Le\u00a0s\u00e9rum Forte\u00a0spray Bioxsine permet de lutter contre les chutes de cheveux, et renforce par ses nutriments la r\u00e9sistance des racines des cheveux.<\/p>","protected":false},"featured_media":1703,"comment_status":"open","ping_status":"closed","template":"","meta":[],"product_brand":[],"product_cat":[96,2919],"product_tag":[],"class_list":{"0":"post-1629","1":"product","2":"type-product","3":"status-publish","4":"has-post-thumbnail","6":"product_cat-non-classe","7":"product_cat-serum-et-soins","9":"first","10":"instock","11":"shipping-taxable","12":"purchasable","13":"product-type-simple"},"_links":{"self":[{"href":"https:\/\/parashopnarimel.com\/ar\/wp-json\/wp\/v2\/product\/1629","targetHints":{"allow":["GET"]}}],"collection":[{"href":"https:\/\/parashopnarimel.com\/ar\/wp-json\/wp\/v2\/product"}],"about":[{"href":"https:\/\/parashopnarimel.com\/ar\/wp-json\/wp\/v2\/types\/product"}],"replies":[{"embeddable":true,"href":"https:\/\/parashopnarimel.com\/ar\/wp-json\/wp\/v2\/comments?post=1629"}],"version-history":[{"count":2,"href":"https:\/\/parashopnarimel.com\/ar\/wp-json\/wp\/v2\/product\/1629\/revisions"}],"predecessor-version":[{"id":11944,"href":"https:\/\/parashopnarimel.com\/ar\/wp-json\/wp\/v2\/product\/1629\/revisions\/11944"}],"wp:featuredmedia":[{"embeddable":true,"href":"https:\/\/parashopnarimel.com\/ar\/wp-json\/wp\/v2\/media\/1703"}],"wp:attachment":[{"href":"https:\/\/parashopnarimel.com\/ar\/wp-json\/wp\/v2\/media?parent=1629"}],"wp:term":[{"taxonomy":"product_brand","embeddable":true,"href":"https:\/\/parashopnarimel.com\/ar\/wp-json\/wp\/v2\/product_brand?post=1629"},{"taxonomy":"product_cat","embeddable":true,"href":"https:\/\/parashopnarimel.com\/ar\/wp-json\/wp\/v2\/product_cat?post=1629"},{"taxonomy":"product_tag","embeddable":true,"href":"https:\/\/parashopnarimel.com\/ar\/wp-json\/wp\/v2\/product_tag?post=1629"}],"curies":[{"name":"wp","href":"https:\/\/api.w.org\/{rel}","templated":true}]}}