{"id":1632,"date":"2024-12-29T06:31:18","date_gmt":"2024-12-29T06:31:18","guid":{"rendered":"https:\/\/parashopnarimel.com\/?post_type=product&#038;p=1632"},"modified":"2025-01-20T17:37:54","modified_gmt":"2025-01-20T17:37:54","slug":"bioxcin-forte-shampooingaux-herbes-300-ml","status":"publish","type":"product","link":"https:\/\/parashopnarimel.com\/ar\/product\/bioxcin-forte-shampooingaux-herbes-300-ml\/","title":{"rendered":"Bioxcin Forte Shampooingaux herbes  300 ml"},"content":{"rendered":"<p>L\u2019extrait de plantes Biocomplex B11 pr\u00e9vient la chute des cheveux et donne de la sant\u00e9 aux cheveux. Les principes actifs contre la chute des cheveux sont renforc\u00e9s par la Technologie Liposome.<br \/>\nIl agit plus rapidement contre la chute des cheveux gr\u00e2ce \u00e0 sa formule fortifi\u00e9e et sa technologie liposome. Test\u00e9 dermatologiquement. Il ne contient aucun allerg\u00e8ne de parfum, il est hypoallerg\u00e9nique. Il convient \u00e0 une utilisation sur un cuir chevelu sensible. Le pH est compatible avec le pH des cheveux et de la peau. Sans parabens. Il convient \u00e0 une utilisation apr\u00e8s la greffe de cheveux.<br \/>\nMode d\u2019emploi<br \/>\nAppliquer le shampooing sur cheveux mouill\u00e9s en massant doucement. Laissez-le sur les cheveux pendant 1 \u00e0 2 minutes, puis rincez-le abondamment.<br \/>\nIl convient \u00e0 un usage quotidien. En cas de contact avec les yeux, rincer abondamment \u00e0 l\u2019eau. Pour des r\u00e9sultats plus efficaces, il est recommand\u00e9 de l\u2019utiliser avec Bioxcin Forte Serum.<br \/>\nContenu<br \/>\nBIOCOMPLEX B11 Les plantes qui composent l\u2019extrait v\u00e9g\u00e9tal brevet\u00e9 Biocomplex B11 sont : la camomille allemande, l\u2019ortie, l\u2019achill\u00e9e millefeuille, la pr\u00eale et la caroube. Ces plantes sont tr\u00e8s riches en vitamines, min\u00e9raux et acides amin\u00e9s.<br \/>\n\u2022 Vitamines (A, B1, B2, B5, B9) : aide \u00e0 renforcer les m\u00e8ches de cheveux<br \/>\n\u2022 Min\u00e9raux (cuivre, zinc, fer, calcium) : nourrissent les cheveux<br \/>\n\u2022 Flavono\u00efdes (Kemferol, Apig\u00e9nine, Myric\u00e9tine) : prot\u00e8ge les m\u00e8ches de cheveux des dommages<br \/>\n\u2022 Acides gras insatur\u00e9s (Omega-6, Omega-9) : efficaces contre la chute des cheveux<\/p>\n<p>PROCYANIDINE : nourrit les cheveux et les rend plus vivants et plus sains. Il aide \u00e0 pr\u00e9venir la chute des cheveux<br \/>\nMIEL<\/p>\n<p>Gr\u00e2ce \u00e0 son contenu, il nourrit la peau et l\u2019hydrate.<\/p>","protected":false},"excerpt":{"rendered":"<p>L\u2019extrait de plantes Biocomplex B11 pr\u00e9vient la chute des cheveux et donne de la sant\u00e9 aux cheveux. Les principes actifs contre la chute des cheveux sont renforc\u00e9s par la Technologie Liposome.<br \/>\nIl agit plus rapidement contre la chute des cheveux gr\u00e2ce \u00e0 sa formule fortifi\u00e9e et sa technologie liposome. Test\u00e9 dermatologiquement. Il ne contient aucun allerg\u00e8ne de parfum, il est hypoallerg\u00e9nique. Il convient \u00e0 une utilisation sur un cuir chevelu sensible. Le pH est compatible avec le pH des cheveux et de la peau. Sans parabens. Il convient \u00e0 une utilisation apr\u00e8s la greffe de cheveux.<br \/>\nMode d\u2019emploi<br \/>\nAppliquer le shampooing sur cheveux mouill\u00e9s en massant doucement. Laissez-le sur les cheveux pendant 1 \u00e0 2 minutes, puis rincez-le abondamment.<br \/>\nIl convient \u00e0 un usage quotidien. En cas de contact avec les yeux, rincer abondamment \u00e0 l\u2019eau. Pour des r\u00e9sultats plus efficaces, il est recommand\u00e9 de l\u2019utiliser avec Bioxcin Forte Serum.<br \/>\nContenu<br \/>\nBIOCOMPLEX B11 Les plantes qui composent l\u2019extrait v\u00e9g\u00e9tal brevet\u00e9 Biocomplex B11 sont : la camomille allemande, l\u2019ortie, l\u2019achill\u00e9e millefeuille, la pr\u00eale et la caroube. Ces plantes sont tr\u00e8s riches en vitamines, min\u00e9raux et acides amin\u00e9s.<br \/>\n\u2022 Vitamines (A, B1, B2, B5, B9) : aide \u00e0 renforcer les m\u00e8ches de cheveux<br \/>\n\u2022 Min\u00e9raux (cuivre, zinc, fer, calcium) : nourrissent les cheveux<br \/>\n\u2022 Flavono\u00efdes (Kemferol, Apig\u00e9nine, Myric\u00e9tine) : prot\u00e8ge les m\u00e8ches de cheveux des dommages<br \/>\n\u2022 Acides gras insatur\u00e9s (Omega-6, Omega-9) : efficaces contre la chute des cheveux<\/p>\n<p>PROCYANIDINE : nourrit les cheveux et les rend plus vivants et plus sains. Il aide \u00e0 pr\u00e9venir la chute des cheveux<br \/>\nMIEL<\/p>\n<p>Gr\u00e2ce \u00e0 son contenu, il nourrit la peau et l\u2019hydrate.<\/p>","protected":false},"featured_media":1709,"comment_status":"open","ping_status":"closed","template":"","meta":[],"product_brand":[],"product_cat":[33,1361],"product_tag":[],"class_list":{"0":"post-1632","1":"product","2":"type-product","3":"status-publish","4":"has-post-thumbnail","6":"product_cat-cheveux","7":"product_cat-shampoings-pellicules-anti-chute","9":"first","10":"instock","11":"shipping-taxable","12":"purchasable","13":"product-type-simple"},"_links":{"self":[{"href":"https:\/\/parashopnarimel.com\/ar\/wp-json\/wp\/v2\/product\/1632","targetHints":{"allow":["GET"]}}],"collection":[{"href":"https:\/\/parashopnarimel.com\/ar\/wp-json\/wp\/v2\/product"}],"about":[{"href":"https:\/\/parashopnarimel.com\/ar\/wp-json\/wp\/v2\/types\/product"}],"replies":[{"embeddable":true,"href":"https:\/\/parashopnarimel.com\/ar\/wp-json\/wp\/v2\/comments?post=1632"}],"version-history":[{"count":2,"href":"https:\/\/parashopnarimel.com\/ar\/wp-json\/wp\/v2\/product\/1632\/revisions"}],"predecessor-version":[{"id":11935,"href":"https:\/\/parashopnarimel.com\/ar\/wp-json\/wp\/v2\/product\/1632\/revisions\/11935"}],"wp:featuredmedia":[{"embeddable":true,"href":"https:\/\/parashopnarimel.com\/ar\/wp-json\/wp\/v2\/media\/1709"}],"wp:attachment":[{"href":"https:\/\/parashopnarimel.com\/ar\/wp-json\/wp\/v2\/media?parent=1632"}],"wp:term":[{"taxonomy":"product_brand","embeddable":true,"href":"https:\/\/parashopnarimel.com\/ar\/wp-json\/wp\/v2\/product_brand?post=1632"},{"taxonomy":"product_cat","embeddable":true,"href":"https:\/\/parashopnarimel.com\/ar\/wp-json\/wp\/v2\/product_cat?post=1632"},{"taxonomy":"product_tag","embeddable":true,"href":"https:\/\/parashopnarimel.com\/ar\/wp-json\/wp\/v2\/product_tag?post=1632"}],"curies":[{"name":"wp","href":"https:\/\/api.w.org\/{rel}","templated":true}]}}