{"id":1671,"date":"2024-12-29T06:32:04","date_gmt":"2024-12-29T06:32:04","guid":{"rendered":"https:\/\/parashopnarimel.com\/?post_type=product&#038;p=1671"},"modified":"2025-01-19T11:01:44","modified_gmt":"2025-01-19T11:01:44","slug":"la-roche-posay-creme-solaire-visage-uvmune-400-hydratante-tres-haute-protection-spf50-50ml","status":"publish","type":"product","link":"https:\/\/parashopnarimel.com\/ar\/product\/la-roche-posay-creme-solaire-visage-uvmune-400-hydratante-tres-haute-protection-spf50-50ml\/","title":{"rendered":"La Roche Posay Cr\u00e8me solaire visage uvmune 400 hydratante tr\u00e8s haute protection SPF50+ 50ml"},"content":{"rendered":"<p>Le nouveau filtre UV Mexoryl 400 est notre innovation scientifique : le filtre ultime contre les UV les plus insidieux<br \/>\n[380-400NM] UVA ULTRA-LONGS** : Ils sont imperceptibles et dommageables, et repr\u00e9sentent 30% des rayons UV impactant notre peau toute l\u2019ann\u00e9e.<br \/>\nNotre protection ultime avec la technologie Netlock protection UVB+UVA+UVA ultra-longs, ultra r\u00e9sistance (eau, transpiration, sable), ultra invisible, haute tol\u00e9rance<br \/>\nEfficacit\u00e9 cliniquement prouv\u00e9e, test\u00e9 sur peaux sensible, r\u00e9actives et intol\u00e9rantes au soleil<br \/>\nProt\u00e8ge des dommages cellulaires profonds<br \/>\nR\u00e9sistant \u00e0 l\u2019eau + transpiration<br \/>\nAnti-picotement oculaire<br \/>\nPeau sensible<br \/>\n** [340-400nm] = UVA-longs \/ [380-400nm] = fin du spectre que l\u2019on appelle UVA ultra-longs.<br \/>\nConseils d\u2019utilisation<br \/>\nQuand appliquer la cr\u00e8me solaire visage hydratante SPF50+ sans parfum Anthelios UVMUNE 400 de La Roche-Posay ? Appliquer 30 minutes avant l\u2019exposition solaire. Renouveler l\u2019application toutes les 2 heures et apr\u00e8s chaque baignade. Comment appliquer la cr\u00e8me solaire visage hydratante tr\u00e8s haute protection SPF50+ Anthelios UVMUNE 400 de La Roche-Posay ? Appliquer sur tout le visage, du haut du front jusqu\u2019au bas du menton. Ne pas appliquer sur les yeux. Etaler jusqu\u2019\u00e0 ce qu\u2019il n\u2019y ait plus de traces blanches. Ne pas exposer les enfants de moins de 3 ans. Eviter les heures d\u2019ensoleillement les plus chaudes, entre 12h et 16h<\/p>","protected":false},"excerpt":{"rendered":"<p>Le nouveau filtre UV Mexoryl 400 est notre innovation scientifique : le filtre ultime contre les UV les plus insidieux<\/p>","protected":false},"featured_media":9675,"comment_status":"open","ping_status":"closed","template":"","meta":[],"product_brand":[],"product_cat":[96,147],"product_tag":[],"class_list":{"0":"post-1671","1":"product","2":"type-product","3":"status-publish","4":"has-post-thumbnail","6":"product_cat-non-classe","7":"product_cat-protection-solaire-visage","9":"first","10":"instock","11":"sale","12":"shipping-taxable","13":"purchasable","14":"product-type-simple"},"_links":{"self":[{"href":"https:\/\/parashopnarimel.com\/ar\/wp-json\/wp\/v2\/product\/1671","targetHints":{"allow":["GET"]}}],"collection":[{"href":"https:\/\/parashopnarimel.com\/ar\/wp-json\/wp\/v2\/product"}],"about":[{"href":"https:\/\/parashopnarimel.com\/ar\/wp-json\/wp\/v2\/types\/product"}],"replies":[{"embeddable":true,"href":"https:\/\/parashopnarimel.com\/ar\/wp-json\/wp\/v2\/comments?post=1671"}],"version-history":[{"count":2,"href":"https:\/\/parashopnarimel.com\/ar\/wp-json\/wp\/v2\/product\/1671\/revisions"}],"predecessor-version":[{"id":11942,"href":"https:\/\/parashopnarimel.com\/ar\/wp-json\/wp\/v2\/product\/1671\/revisions\/11942"}],"wp:featuredmedia":[{"embeddable":true,"href":"https:\/\/parashopnarimel.com\/ar\/wp-json\/wp\/v2\/media\/9675"}],"wp:attachment":[{"href":"https:\/\/parashopnarimel.com\/ar\/wp-json\/wp\/v2\/media?parent=1671"}],"wp:term":[{"taxonomy":"product_brand","embeddable":true,"href":"https:\/\/parashopnarimel.com\/ar\/wp-json\/wp\/v2\/product_brand?post=1671"},{"taxonomy":"product_cat","embeddable":true,"href":"https:\/\/parashopnarimel.com\/ar\/wp-json\/wp\/v2\/product_cat?post=1671"},{"taxonomy":"product_tag","embeddable":true,"href":"https:\/\/parashopnarimel.com\/ar\/wp-json\/wp\/v2\/product_tag?post=1671"}],"curies":[{"name":"wp","href":"https:\/\/api.w.org\/{rel}","templated":true}]}}