{"id":1768,"date":"2024-12-29T06:33:55","date_gmt":"2024-12-29T06:33:55","guid":{"rendered":"https:\/\/parashopnarimel.com\/?post_type=product&#038;p=1768"},"modified":"2025-01-19T11:00:42","modified_gmt":"2025-01-19T11:00:42","slug":"beauty-of-joseon-dynasty-cream-50ml","status":"publish","type":"product","link":"https:\/\/parashopnarimel.com\/ar\/product\/beauty-of-joseon-dynasty-cream-50ml\/","title":{"rendered":"BEAUTY OF JOSEON \u2013 Dynasty Cream 50ml"},"content":{"rendered":"<p>Beauty of Joseon Dynasty Cream\u00a0est une cr\u00e8me anti-\u00e2ge et \u00e9claircissante \u00e0 base d\u2019ingr\u00e9dients hautement concentr\u00e9s tels que le miel, l\u2019extrait de ginseng rouge et les c\u00e9ramides.<br \/>\nPrincipaux avantages :<br \/>\n\u2013 Raffermit la peau en la laissant d\u00e9tendue.<br \/>\n\u2013 Hydrate intens\u00e9ment.<br \/>\n\u2013 Unifie le teint de la peau.<br \/>\n\u2013 Donne fra\u00eecheur et luminosit\u00e9 \u00e0 la peau.<br \/>\nLa cr\u00e8me Dynasty de Beauty of Joseon est remplie d\u2019ingr\u00e9dients doux et doux pour la peau.\u00a0Sa formule exceptionnelle a \u00e9t\u00e9 sp\u00e9cialement con\u00e7ue pour \u00eatre absorb\u00e9e rapidement par la peau et la laisser fra\u00eeche et hydrat\u00e9e.<br \/>\nCette cr\u00e8me hydratante tr\u00e8s d\u00e9licate contient \u00e9galement des ingr\u00e9dients traditionnels cor\u00e9ens \u00e0 base de plantes tels que l\u2019eau de riz<br \/>\net le ginseng.\u00a0Ces ingr\u00e9dients agissent en synergie avec des extraits de\u00a0miel\u00a0,\u00a0de c\u00e9ramides\u00a0et\u00a0de squal\u00e8ne\u00a0, pour hydrater, \u00e9claircir et \u00e9claircir la peau et, en m\u00eame temps, r\u00e9duire l\u2019apparition des signes du vieillissement pr\u00e9matur\u00e9.<br \/>\nIngr\u00e9dients principaux :<br \/>\n\u2013 Eau de riz\u00a0\u2013 minimise les imperfections et illumine la peau, tout en prot\u00e9geant la barri\u00e8re cutan\u00e9e et en r\u00e9duisant les signes du vieillissement pr\u00e9matur\u00e9.<br \/>\n\u2013 Ginseng\u00a0\u2013 une substance anti-inflammatoire qui apaise la peau, stimule la production de collag\u00e8ne et prot\u00e8ge la peau du vieillissement pr\u00e9matur\u00e9.<br \/>\nLa texture unique p\u00e9n\u00e8tre rapidement et laisse la peau avec un effet ros\u00e9 et lumineux.<br \/>\nSans danger pour les peaux sensibles \u2013 ne contient pas de parab\u00e8nes, de sulfates et d\u2019autres allerg\u00e8nes.<\/p>","protected":false},"excerpt":{"rendered":"<p>Cr\u00e8me visage cor\u00e9enne anti-\u00e2ge et illuminatrice au miel, extraits de ginseng rouge et c\u00e9ramides<\/p>\n<p>Raffermit la peau en la laissant d\u00e9tendue<br \/>\nHydrate intens\u00e9ment<br \/>\nUnifie le teint<br \/>\nApporte fra\u00eecheur et luminosit\u00e9 \u00e0 la peau<\/p>","protected":false},"featured_media":1833,"comment_status":"open","ping_status":"closed","template":"","meta":[],"product_brand":[],"product_cat":[96,29],"product_tag":[],"class_list":{"0":"post-1768","1":"product","2":"type-product","3":"status-publish","4":"has-post-thumbnail","6":"product_cat-non-classe","7":"product_cat-creme","9":"first","10":"outofstock","11":"shipping-taxable","12":"purchasable","13":"product-type-simple"},"_links":{"self":[{"href":"https:\/\/parashopnarimel.com\/ar\/wp-json\/wp\/v2\/product\/1768","targetHints":{"allow":["GET"]}}],"collection":[{"href":"https:\/\/parashopnarimel.com\/ar\/wp-json\/wp\/v2\/product"}],"about":[{"href":"https:\/\/parashopnarimel.com\/ar\/wp-json\/wp\/v2\/types\/product"}],"replies":[{"embeddable":true,"href":"https:\/\/parashopnarimel.com\/ar\/wp-json\/wp\/v2\/comments?post=1768"}],"version-history":[{"count":1,"href":"https:\/\/parashopnarimel.com\/ar\/wp-json\/wp\/v2\/product\/1768\/revisions"}],"predecessor-version":[{"id":1834,"href":"https:\/\/parashopnarimel.com\/ar\/wp-json\/wp\/v2\/product\/1768\/revisions\/1834"}],"wp:featuredmedia":[{"embeddable":true,"href":"https:\/\/parashopnarimel.com\/ar\/wp-json\/wp\/v2\/media\/1833"}],"wp:attachment":[{"href":"https:\/\/parashopnarimel.com\/ar\/wp-json\/wp\/v2\/media?parent=1768"}],"wp:term":[{"taxonomy":"product_brand","embeddable":true,"href":"https:\/\/parashopnarimel.com\/ar\/wp-json\/wp\/v2\/product_brand?post=1768"},{"taxonomy":"product_cat","embeddable":true,"href":"https:\/\/parashopnarimel.com\/ar\/wp-json\/wp\/v2\/product_cat?post=1768"},{"taxonomy":"product_tag","embeddable":true,"href":"https:\/\/parashopnarimel.com\/ar\/wp-json\/wp\/v2\/product_tag?post=1768"}],"curies":[{"name":"wp","href":"https:\/\/api.w.org\/{rel}","templated":true}]}}