{"id":1769,"date":"2024-12-29T06:33:55","date_gmt":"2024-12-29T06:33:55","guid":{"rendered":"https:\/\/parashopnarimel.com\/?post_type=product&#038;p=1769"},"modified":"2025-01-19T11:00:57","modified_gmt":"2025-01-19T11:00:57","slug":"beauty-of-joseon-ginseng-essence-water","status":"publish","type":"product","link":"https:\/\/parashopnarimel.com\/ar\/product\/beauty-of-joseon-ginseng-essence-water\/","title":{"rendered":"Beauty of Joseon Ginseng Essence Water"},"content":{"rendered":"<p>Un r\u00e9sultat de soin \u00e9clatant.<br \/>\nGinseng Essence Water de Beauty of Joseon\u00a0est une essence intens\u00e9ment nourrissante qui aide \u00e0 obtenir une peau plus lisse et revitalis\u00e9e. Il pr\u00e9pare la peau aux \u00e9tapes de soins qui suivent. L\u2019extrait de ginseng aide le renouvellement cellulaire et prot\u00e8ge. Il stimule \u00e9galement la formation de collag\u00e8ne et a un effet antioxydant et apaisant sur la peau. L\u2019ad\u00e9nosine est un ingr\u00e9dient anti-\u00e2ge qui p\u00e9n\u00e8tre profond\u00e9ment la peau et stimule la production de collag\u00e8ne et d\u2019\u00e9lastine. La glyc\u00e9rine aide la peau \u00e0 retenir l\u2019hydratation. L\u2019essence r\u00e9duit \u00e9galement la production de s\u00e9bum, a un effet \u00e9claircissant et r\u00e9duit les probl\u00e8mes de pigmentation et les rides. La peau para\u00eetra plus lisse et rayonnera.<\/p>","protected":false},"excerpt":{"rendered":"<p>Un r\u00e9sultat de soin \u00e9clatant.<br \/>\nGinseng Essence Water de Beauty of Joseon\u00a0est une essence intens\u00e9ment nourrissante qui aide \u00e0 obtenir une peau plus lisse et revitalis\u00e9e. Il pr\u00e9pare la peau aux \u00e9tapes de soins qui suivent. L\u2019extrait de ginseng aide le renouvellement cellulaire et prot\u00e8ge. Il stimule \u00e9galement la formation de collag\u00e8ne et a un effet antioxydant et apaisant sur la peau. L\u2019ad\u00e9nosine est un ingr\u00e9dient anti-\u00e2ge qui p\u00e9n\u00e8tre profond\u00e9ment la peau et stimule la production de collag\u00e8ne et d\u2019\u00e9lastine. La glyc\u00e9rine aide la peau \u00e0 retenir l\u2019hydratation. L\u2019essence r\u00e9duit \u00e9galement la production de s\u00e9bum, a un effet \u00e9claircissant et r\u00e9duit les probl\u00e8mes de pigmentation et les rides. La peau para\u00eetra plus lisse et rayonnera.<\/p>","protected":false},"featured_media":1835,"comment_status":"open","ping_status":"closed","template":"","meta":[],"product_brand":[],"product_cat":[96,2905],"product_tag":[],"class_list":{"0":"post-1769","1":"product","2":"type-product","3":"status-publish","4":"has-post-thumbnail","6":"product_cat-non-classe","7":"product_cat-lotion","9":"first","10":"outofstock","11":"shipping-taxable","12":"purchasable","13":"product-type-simple"},"_links":{"self":[{"href":"https:\/\/parashopnarimel.com\/ar\/wp-json\/wp\/v2\/product\/1769","targetHints":{"allow":["GET"]}}],"collection":[{"href":"https:\/\/parashopnarimel.com\/ar\/wp-json\/wp\/v2\/product"}],"about":[{"href":"https:\/\/parashopnarimel.com\/ar\/wp-json\/wp\/v2\/types\/product"}],"replies":[{"embeddable":true,"href":"https:\/\/parashopnarimel.com\/ar\/wp-json\/wp\/v2\/comments?post=1769"}],"version-history":[{"count":2,"href":"https:\/\/parashopnarimel.com\/ar\/wp-json\/wp\/v2\/product\/1769\/revisions"}],"predecessor-version":[{"id":11945,"href":"https:\/\/parashopnarimel.com\/ar\/wp-json\/wp\/v2\/product\/1769\/revisions\/11945"}],"wp:featuredmedia":[{"embeddable":true,"href":"https:\/\/parashopnarimel.com\/ar\/wp-json\/wp\/v2\/media\/1835"}],"wp:attachment":[{"href":"https:\/\/parashopnarimel.com\/ar\/wp-json\/wp\/v2\/media?parent=1769"}],"wp:term":[{"taxonomy":"product_brand","embeddable":true,"href":"https:\/\/parashopnarimel.com\/ar\/wp-json\/wp\/v2\/product_brand?post=1769"},{"taxonomy":"product_cat","embeddable":true,"href":"https:\/\/parashopnarimel.com\/ar\/wp-json\/wp\/v2\/product_cat?post=1769"},{"taxonomy":"product_tag","embeddable":true,"href":"https:\/\/parashopnarimel.com\/ar\/wp-json\/wp\/v2\/product_tag?post=1769"}],"curies":[{"name":"wp","href":"https:\/\/api.w.org\/{rel}","templated":true}]}}