{"id":1770,"date":"2024-12-29T06:33:55","date_gmt":"2024-12-29T06:33:55","guid":{"rendered":"https:\/\/parashopnarimel.com\/?post_type=product&#038;p=1770"},"modified":"2025-01-19T11:01:12","modified_gmt":"2025-01-19T11:01:12","slug":"beauty-of-joseon-serum-light-on-centella-vita-c-20ml","status":"publish","type":"product","link":"https:\/\/parashopnarimel.com\/ar\/product\/beauty-of-joseon-serum-light-on-centella-vita-c-20ml\/","title":{"rendered":"Beauty of Joseon S\u00e9rum Light On : Centella + Vita C 20ML"},"content":{"rendered":"<p>C\u2019est un s\u00e9rum \u00e9claircissant qui contient de l\u2019extrait de Centella Asiatica et de la vitamine C comme ingr\u00e9dients principaux.<\/p>\n<p>Les inconv\u00e9nients des produits \u00e0 base de vitamine C pure existants sur le march\u00e9, tels que le caract\u00e8re collant, gras et sec, ont \u00e9t\u00e9 am\u00e9lior\u00e9s. De plus, le niveau d\u2019irritation du produit a \u00e9galement \u00e9t\u00e9 r\u00e9duit gr\u00e2ce \u00e0 l\u2019utilisation de d\u00e9riv\u00e9s de vitamine C hautement stables. L\u2019extrait biologique de Centella asiatica \u00e0 haute teneur en ingr\u00e9dients actifs est utilis\u00e9 et m\u00e9lang\u00e9 pour am\u00e9liorer encore l\u2019apaisement et l\u2019hydratation de la peau.<\/p>\n<p>Ingr\u00e9dients cl\u00e9s<\/p>\n<p>Extrait de Centella Asiatica 68%<\/p>\n<p>La Centella asiatica, utilis\u00e9e depuis longtemps \u00e0 des fins m\u00e9dicinales en Asie, est \u00e9galement appel\u00e9e herbe du tigre, car les tigres bless\u00e9s gu\u00e9rissaient leurs blessures en se roulant dans la centella asiatica.<br \/>\nLe mad\u00e9cassoside, l\u2019asiaticoside, l\u2019acide mad\u00e9cassique et l\u2019acide asiatique de centella asiatica sont efficaces pour apaiser et r\u00e9g\u00e9n\u00e9rer la peau et aident \u00e9galement \u00e0 g\u00e9rer l\u2019humidit\u00e9 et \u00e0 am\u00e9liorer le teint.<\/p>\n<p>Acide 3-O-\u00e9thyl ascorbique 10 %<br \/>\nIl s\u2019agit d\u2019un d\u00e9riv\u00e9 de la vitamine C avec une stabilit\u00e9 am\u00e9lior\u00e9e par rapport \u00e0 la vitamine C pure, capable de maintenir un \u00e9tat stable pendant 90 jours m\u00eame \u00e0 40\u00b0C. Compar\u00e9 \u00e0 d\u2019autres d\u00e9riv\u00e9s de la vitamine C, il a une grande affinit\u00e9 avec la peau, il offre donc une excellente absorption et est moins irritant, agissant confortablement sur la peau.<\/p>","protected":false},"excerpt":{"rendered":"<p>C\u2019est un s\u00e9rum \u00e9claircissant qui contient de l\u2019extrait de Centella Asiatica et de la vitamine C comme ingr\u00e9dients principaux.<\/p>\n<p>Les inconv\u00e9nients des produits \u00e0 base de vitamine C pure existants sur le march\u00e9, tels que le caract\u00e8re collant, gras et sec, ont \u00e9t\u00e9 am\u00e9lior\u00e9s. De plus, le niveau d\u2019irritation du produit a \u00e9galement \u00e9t\u00e9 r\u00e9duit gr\u00e2ce \u00e0 l\u2019utilisation de d\u00e9riv\u00e9s de vitamine C hautement stables. L\u2019extrait biologique de Centella asiatica \u00e0 haute teneur en ingr\u00e9dients actifs est utilis\u00e9 et m\u00e9lang\u00e9 pour am\u00e9liorer encore l\u2019apaisement et l\u2019hydratation de la peau.<\/p>\n<p>Ingr\u00e9dients cl\u00e9s<\/p>\n<p>Extrait de Centella Asiatica 68%<\/p>\n<p>La Centella asiatica, utilis\u00e9e depuis longtemps \u00e0 des fins m\u00e9dicinales en Asie, est \u00e9galement appel\u00e9e herbe du tigre, car les tigres bless\u00e9s gu\u00e9rissaient leurs blessures en se roulant dans la centella asiatica.<br \/>\nLe mad\u00e9cassoside, l\u2019asiaticoside, l\u2019acide mad\u00e9cassique et l\u2019acide asiatique de centella asiatica sont efficaces pour apaiser et r\u00e9g\u00e9n\u00e9rer la peau et aident \u00e9galement \u00e0 g\u00e9rer l\u2019humidit\u00e9 et \u00e0 am\u00e9liorer le teint.<\/p>\n<p>Acide 3-O-\u00e9thyl ascorbique 10 %<br \/>\nIl s\u2019agit d\u2019un d\u00e9riv\u00e9 de la vitamine C avec une stabilit\u00e9 am\u00e9lior\u00e9e par rapport \u00e0 la vitamine C pure, capable de maintenir un \u00e9tat stable pendant 90 jours m\u00eame \u00e0 40\u00b0C. Compar\u00e9 \u00e0 d\u2019autres d\u00e9riv\u00e9s de la vitamine C, il a une grande affinit\u00e9 avec la peau, il offre donc une excellente absorption et est moins irritant, agissant confortablement sur la peau.<\/p>","protected":false},"featured_media":1837,"comment_status":"open","ping_status":"closed","template":"","meta":[],"product_brand":[],"product_cat":[96,1110,2906],"product_tag":[],"class_list":{"0":"post-1770","1":"product","2":"type-product","3":"status-publish","4":"has-post-thumbnail","6":"product_cat-non-classe","7":"product_cat-anti-taches","8":"product_cat-serums","10":"first","11":"outofstock","12":"shipping-taxable","13":"purchasable","14":"product-type-simple"},"_links":{"self":[{"href":"https:\/\/parashopnarimel.com\/ar\/wp-json\/wp\/v2\/product\/1770","targetHints":{"allow":["GET"]}}],"collection":[{"href":"https:\/\/parashopnarimel.com\/ar\/wp-json\/wp\/v2\/product"}],"about":[{"href":"https:\/\/parashopnarimel.com\/ar\/wp-json\/wp\/v2\/types\/product"}],"replies":[{"embeddable":true,"href":"https:\/\/parashopnarimel.com\/ar\/wp-json\/wp\/v2\/comments?post=1770"}],"version-history":[{"count":1,"href":"https:\/\/parashopnarimel.com\/ar\/wp-json\/wp\/v2\/product\/1770\/revisions"}],"predecessor-version":[{"id":1838,"href":"https:\/\/parashopnarimel.com\/ar\/wp-json\/wp\/v2\/product\/1770\/revisions\/1838"}],"wp:featuredmedia":[{"embeddable":true,"href":"https:\/\/parashopnarimel.com\/ar\/wp-json\/wp\/v2\/media\/1837"}],"wp:attachment":[{"href":"https:\/\/parashopnarimel.com\/ar\/wp-json\/wp\/v2\/media?parent=1770"}],"wp:term":[{"taxonomy":"product_brand","embeddable":true,"href":"https:\/\/parashopnarimel.com\/ar\/wp-json\/wp\/v2\/product_brand?post=1770"},{"taxonomy":"product_cat","embeddable":true,"href":"https:\/\/parashopnarimel.com\/ar\/wp-json\/wp\/v2\/product_cat?post=1770"},{"taxonomy":"product_tag","embeddable":true,"href":"https:\/\/parashopnarimel.com\/ar\/wp-json\/wp\/v2\/product_tag?post=1770"}],"curies":[{"name":"wp","href":"https:\/\/api.w.org\/{rel}","templated":true}]}}