{"id":1771,"date":"2024-12-29T06:33:55","date_gmt":"2024-12-29T06:33:55","guid":{"rendered":"https:\/\/parashopnarimel.com\/?post_type=product&#038;p=1771"},"modified":"2025-01-12T18:16:02","modified_gmt":"2025-01-12T18:16:02","slug":"red-bean-refreshing-pore-mask-distributeur-beauty-of-joseon","status":"publish","type":"product","link":"https:\/\/parashopnarimel.com\/ar\/product\/red-bean-refreshing-pore-mask-distributeur-beauty-of-joseon\/","title":{"rendered":"Red Bean Refreshing Pore Mask Distributeur Beauty of Joseon"},"content":{"rendered":"<p>Dis au revoir au s\u00e9bum\u00a0et aux pores dilat\u00e9s en 15 minutes seulement !<br \/>\nSp\u00e9cialement con\u00e7u pour les peaux grasses, le\u00a0Red Bean Refreshing Pore Mask\u00a0de\u00a0Beauty of Joseon\u00a0d\u00e9barrasse la peau des impuret\u00e9s, des cellules mortes et de l\u2019exc\u00e8s de s\u00e9bum qui peut boucher les pores et cr\u00e9er des imperfections.<br \/>\nL\u2019extrait de haricot rouge est r\u00e9put\u00e9 pour r\u00e9guler le s\u00e9bum sur la peau car il est riche en saponine, agent nettoyant naturel.<br \/>\nSa formule douce ne dess\u00e8che pas la peau et laisse un teint frais et lumineux.<\/p>","protected":false},"excerpt":{"rendered":"<p>Dis au revoir au s\u00e9bum\u00a0et aux pores dilat\u00e9s en 15 minutes seulement !<br \/>\nSp\u00e9cialement con\u00e7u pour les peaux grasses, le\u00a0Red Bean Refreshing Pore Mask\u00a0de\u00a0Beauty of Joseon\u00a0d\u00e9barrasse la peau des impuret\u00e9s, des cellules mortes et de l\u2019exc\u00e8s de s\u00e9bum qui peut boucher les pores et cr\u00e9er des imperfections.<br \/>\nL\u2019extrait de haricot rouge est r\u00e9put\u00e9 pour r\u00e9guler le s\u00e9bum sur la peau car il est riche en saponine, agent nettoyant naturel.<br \/>\nSa formule douce ne dess\u00e8che pas la peau et laisse un teint frais et lumineux.<\/p>","protected":false},"featured_media":1839,"comment_status":"open","ping_status":"closed","template":"","meta":[],"product_brand":[],"product_cat":[96],"product_tag":[],"class_list":{"0":"post-1771","1":"product","2":"type-product","3":"status-publish","4":"has-post-thumbnail","6":"product_cat-non-classe","8":"first","9":"outofstock","10":"shipping-taxable","11":"purchasable","12":"product-type-simple"},"_links":{"self":[{"href":"https:\/\/parashopnarimel.com\/ar\/wp-json\/wp\/v2\/product\/1771","targetHints":{"allow":["GET"]}}],"collection":[{"href":"https:\/\/parashopnarimel.com\/ar\/wp-json\/wp\/v2\/product"}],"about":[{"href":"https:\/\/parashopnarimel.com\/ar\/wp-json\/wp\/v2\/types\/product"}],"replies":[{"embeddable":true,"href":"https:\/\/parashopnarimel.com\/ar\/wp-json\/wp\/v2\/comments?post=1771"}],"version-history":[{"count":2,"href":"https:\/\/parashopnarimel.com\/ar\/wp-json\/wp\/v2\/product\/1771\/revisions"}],"predecessor-version":[{"id":11946,"href":"https:\/\/parashopnarimel.com\/ar\/wp-json\/wp\/v2\/product\/1771\/revisions\/11946"}],"wp:featuredmedia":[{"embeddable":true,"href":"https:\/\/parashopnarimel.com\/ar\/wp-json\/wp\/v2\/media\/1839"}],"wp:attachment":[{"href":"https:\/\/parashopnarimel.com\/ar\/wp-json\/wp\/v2\/media?parent=1771"}],"wp:term":[{"taxonomy":"product_brand","embeddable":true,"href":"https:\/\/parashopnarimel.com\/ar\/wp-json\/wp\/v2\/product_brand?post=1771"},{"taxonomy":"product_cat","embeddable":true,"href":"https:\/\/parashopnarimel.com\/ar\/wp-json\/wp\/v2\/product_cat?post=1771"},{"taxonomy":"product_tag","embeddable":true,"href":"https:\/\/parashopnarimel.com\/ar\/wp-json\/wp\/v2\/product_tag?post=1771"}],"curies":[{"name":"wp","href":"https:\/\/api.w.org\/{rel}","templated":true}]}}