{"id":1776,"date":"2024-12-29T06:34:18","date_gmt":"2024-12-29T06:34:18","guid":{"rendered":"https:\/\/parashopnarimel.com\/?post_type=product&#038;p=1776"},"modified":"2025-01-19T10:58:57","modified_gmt":"2025-01-19T10:58:57","slug":"beauty-of-joseon-ginseng-moist-sun-serum-spf-50","status":"publish","type":"product","link":"https:\/\/parashopnarimel.com\/ar\/product\/beauty-of-joseon-ginseng-moist-sun-serum-spf-50\/","title":{"rendered":"Beauty of Joseon Ginseng Moist Sun Serum SPF 50+"},"content":{"rendered":"<p>The Beauty of Joseon Ginseng Moist Sun Serum SPF 50+ est un s\u00e9rum incontournable qui forme la combinaison id\u00e9ale entre les coups de soleil et les soins de la peau. La cr\u00e8me solaire a la texture d\u2019un s\u00e9rum, qui procure un fini rafra\u00eechissant et hydratant.<br \/>\nCe s\u00e9rum est enrichi en Ginseng, l\u2019ingr\u00e9dient pr\u00e9f\u00e9r\u00e9 de Beauty of Joseon. Le ginseng a un effet anti-\u00e2ge important sur la peau, r\u00e9duisant visiblement les rides et ridules. En m\u00eame temps, il nourrit intens\u00e9ment votre peau pour \u00e9viter qu\u2019elle ne se dess\u00e8che. Avec l\u2019ajout de SPF50+, ce s\u00e9rum prot\u00e9gera votre peau des rayons UV nocifs.<br \/>\nDe plus, ce s\u00e9rum p\u00e9n\u00e8tre rapidement dans votre peau, sans laisser de couche collante et blanche. Id\u00e9al \u00e0 porter sous ou par-dessus votre maquillage !<br \/>\nCe s\u00e9rum :<\/p>\n<p>cr\u00eame solaire<br \/>\ncombinaison de cr\u00e8me solaire et de soins de la peau<br \/>\ntexture d\u2019un s\u00e9rum<br \/>\nrafra\u00eechissant et hydratant<br \/>\nenrichi en Ginseng<br \/>\neffet anti-\u00e2ge<br \/>\nr\u00e9duit les rides et ridules<br \/>\ncontient SPF50+<br \/>\nprot\u00e8ge contre les rayons UV nocifs<br \/>\nid\u00e9al sous et sur maquillage<br \/>\nabsorbe rapidement<br \/>\nsans couche blanche collante<br \/>\nne convient pas aux peaux sensibles<br \/>\nv\u00e9g\u00e9talien<br \/>\nsans cruaut\u00e9<\/p>","protected":false},"excerpt":{"rendered":"<p>The Beauty of Joseon Ginseng Moist Sun Serum SPF 50+ est un s\u00e9rum incontournable qui forme la combinaison id\u00e9ale entre les coups de soleil et les soins de la peau. La cr\u00e8me solaire a la texture d\u2019un s\u00e9rum, qui procure un fini rafra\u00eechissant et hydratant.<br \/>\nCe s\u00e9rum est enrichi en Ginseng, l\u2019ingr\u00e9dient pr\u00e9f\u00e9r\u00e9 de Beauty of Joseon. Le ginseng a un effet anti-\u00e2ge important sur la peau, r\u00e9duisant visiblement les rides et ridules. En m\u00eame temps, il nourrit intens\u00e9ment votre peau pour \u00e9viter qu\u2019elle ne se dess\u00e8che. Avec l\u2019ajout de SPF50+, ce s\u00e9rum prot\u00e9gera votre peau des rayons UV nocifs.<br \/>\nDe plus, ce s\u00e9rum p\u00e9n\u00e8tre rapidement dans votre peau, sans laisser de couche collante et blanche. Id\u00e9al \u00e0 porter sous ou par-dessus votre maquillage !<br \/>\nCe s\u00e9rum :<\/p>\n<p>cr\u00eame solaire<br \/>\ncombinaison de cr\u00e8me solaire et de soins de la peau<br \/>\ntexture d\u2019un s\u00e9rum<br \/>\nrafra\u00eechissant et hydratant<br \/>\nenrichi en Ginseng<br \/>\neffet anti-\u00e2ge<br \/>\nr\u00e9duit les rides et ridules<br \/>\ncontient SPF50+<br \/>\nprot\u00e8ge contre les rayons UV nocifs<br \/>\nid\u00e9al sous et sur maquillage<br \/>\nabsorbe rapidement<br \/>\nsans couche blanche collante<br \/>\nne convient pas aux peaux sensibles<br \/>\nv\u00e9g\u00e9talien<br \/>\nsans cruaut\u00e9<\/p>","protected":false},"featured_media":1841,"comment_status":"open","ping_status":"closed","template":"","meta":[],"product_brand":[],"product_cat":[96,147],"product_tag":[],"class_list":{"0":"post-1776","1":"product","2":"type-product","3":"status-publish","4":"has-post-thumbnail","6":"product_cat-non-classe","7":"product_cat-protection-solaire-visage","9":"first","10":"outofstock","11":"shipping-taxable","12":"purchasable","13":"product-type-simple"},"_links":{"self":[{"href":"https:\/\/parashopnarimel.com\/ar\/wp-json\/wp\/v2\/product\/1776","targetHints":{"allow":["GET"]}}],"collection":[{"href":"https:\/\/parashopnarimel.com\/ar\/wp-json\/wp\/v2\/product"}],"about":[{"href":"https:\/\/parashopnarimel.com\/ar\/wp-json\/wp\/v2\/types\/product"}],"replies":[{"embeddable":true,"href":"https:\/\/parashopnarimel.com\/ar\/wp-json\/wp\/v2\/comments?post=1776"}],"version-history":[{"count":2,"href":"https:\/\/parashopnarimel.com\/ar\/wp-json\/wp\/v2\/product\/1776\/revisions"}],"predecessor-version":[{"id":11970,"href":"https:\/\/parashopnarimel.com\/ar\/wp-json\/wp\/v2\/product\/1776\/revisions\/11970"}],"wp:featuredmedia":[{"embeddable":true,"href":"https:\/\/parashopnarimel.com\/ar\/wp-json\/wp\/v2\/media\/1841"}],"wp:attachment":[{"href":"https:\/\/parashopnarimel.com\/ar\/wp-json\/wp\/v2\/media?parent=1776"}],"wp:term":[{"taxonomy":"product_brand","embeddable":true,"href":"https:\/\/parashopnarimel.com\/ar\/wp-json\/wp\/v2\/product_brand?post=1776"},{"taxonomy":"product_cat","embeddable":true,"href":"https:\/\/parashopnarimel.com\/ar\/wp-json\/wp\/v2\/product_cat?post=1776"},{"taxonomy":"product_tag","embeddable":true,"href":"https:\/\/parashopnarimel.com\/ar\/wp-json\/wp\/v2\/product_tag?post=1776"}],"curies":[{"name":"wp","href":"https:\/\/api.w.org\/{rel}","templated":true}]}}