{"id":1777,"date":"2024-12-29T06:34:18","date_gmt":"2024-12-29T06:34:18","guid":{"rendered":"https:\/\/parashopnarimel.com\/?post_type=product&#038;p=1777"},"modified":"2025-01-20T16:58:34","modified_gmt":"2025-01-20T16:58:34","slug":"beauty-of-joseon-relief-sun-rice-probiotics-spf50-pa","status":"publish","type":"product","link":"https:\/\/parashopnarimel.com\/ar\/product\/beauty-of-joseon-relief-sun-rice-probiotics-spf50-pa\/","title":{"rendered":"Beauty of Joseon Relief Sun Rice + Probiotics SPF50+ PA++++"},"content":{"rendered":"<p>Protection solaire hypoallerg\u00e9nique pour vos journ\u00e9es ensoleill\u00e9es.<br \/>\nCette cr\u00e8me solaire vegan et l\u00e9g\u00e8re prot\u00e8ge non seulement de mani\u00e8re optimale du soleil avec un SPF 50, mais elle nourrit \u00e9galement la peau avec des Ingr\u00e9dients actifs nourrissants.<br \/>\nRelief Sun Rice + Probiotics SPF50+ PA++++\u00a0est enrichie en extrait de ginseng, en th\u00e9 vert et en niacinamide. Ces ingr\u00e9dients garantissent un grain de peau clair, sont riches en antioxydants et prot\u00e8gent ainsi la peau contre les influences nocives de l\u2019environnement. La cr\u00e8me solaire p\u00e9n\u00e8tre particuli\u00e8rement rapidement sans laisser de traces blanches.<\/p>","protected":false},"excerpt":{"rendered":"<p>Protection solaire hypoallerg\u00e9nique pour vos journ\u00e9es ensoleill\u00e9es.<br \/>\nCette cr\u00e8me solaire vegan et l\u00e9g\u00e8re prot\u00e8ge non seulement de mani\u00e8re optimale du soleil avec un SPF 50, mais elle nourrit \u00e9galement la peau avec des Ingr\u00e9dients actifs nourrissants.<br \/>\nRelief Sun Rice + Probiotics SPF50+ PA++++\u00a0est enrichie en extrait de ginseng, en th\u00e9 vert et en niacinamide. Ces ingr\u00e9dients garantissent un grain de peau clair, sont riches en antioxydants et prot\u00e8gent ainsi la peau contre les influences nocives de l\u2019environnement. La cr\u00e8me solaire p\u00e9n\u00e8tre particuli\u00e8rement rapidement sans laisser de traces blanches.<\/p>","protected":false},"featured_media":1843,"comment_status":"open","ping_status":"closed","template":"","meta":[],"product_brand":[],"product_cat":[96,147],"product_tag":[],"class_list":{"0":"post-1777","1":"product","2":"type-product","3":"status-publish","4":"has-post-thumbnail","6":"product_cat-non-classe","7":"product_cat-protection-solaire-visage","9":"first","10":"instock","11":"shipping-taxable","12":"purchasable","13":"product-type-simple"},"_links":{"self":[{"href":"https:\/\/parashopnarimel.com\/ar\/wp-json\/wp\/v2\/product\/1777","targetHints":{"allow":["GET"]}}],"collection":[{"href":"https:\/\/parashopnarimel.com\/ar\/wp-json\/wp\/v2\/product"}],"about":[{"href":"https:\/\/parashopnarimel.com\/ar\/wp-json\/wp\/v2\/types\/product"}],"replies":[{"embeddable":true,"href":"https:\/\/parashopnarimel.com\/ar\/wp-json\/wp\/v2\/comments?post=1777"}],"version-history":[{"count":1,"href":"https:\/\/parashopnarimel.com\/ar\/wp-json\/wp\/v2\/product\/1777\/revisions"}],"predecessor-version":[{"id":1844,"href":"https:\/\/parashopnarimel.com\/ar\/wp-json\/wp\/v2\/product\/1777\/revisions\/1844"}],"wp:featuredmedia":[{"embeddable":true,"href":"https:\/\/parashopnarimel.com\/ar\/wp-json\/wp\/v2\/media\/1843"}],"wp:attachment":[{"href":"https:\/\/parashopnarimel.com\/ar\/wp-json\/wp\/v2\/media?parent=1777"}],"wp:term":[{"taxonomy":"product_brand","embeddable":true,"href":"https:\/\/parashopnarimel.com\/ar\/wp-json\/wp\/v2\/product_brand?post=1777"},{"taxonomy":"product_cat","embeddable":true,"href":"https:\/\/parashopnarimel.com\/ar\/wp-json\/wp\/v2\/product_cat?post=1777"},{"taxonomy":"product_tag","embeddable":true,"href":"https:\/\/parashopnarimel.com\/ar\/wp-json\/wp\/v2\/product_tag?post=1777"}],"curies":[{"name":"wp","href":"https:\/\/api.w.org\/{rel}","templated":true}]}}