{"id":1778,"date":"2024-12-29T06:34:18","date_gmt":"2024-12-29T06:34:18","guid":{"rendered":"https:\/\/parashopnarimel.com\/?post_type=product&#038;p=1778"},"modified":"2025-01-20T18:04:15","modified_gmt":"2025-01-20T18:04:15","slug":"beauty-of-joseon-glow-serum-propolis-niacinamide-30m","status":"publish","type":"product","link":"https:\/\/parashopnarimel.com\/ar\/product\/beauty-of-joseon-glow-serum-propolis-niacinamide-30m\/","title":{"rendered":"BEAUTY OF JOSEON \u2013 Glow Serum: Propolis + Niacinamide 30m"},"content":{"rendered":"<p>Ce s\u00e9rum sera votre secret pour une peau \u00e9clatante et \u00e9clatante.\u00a0Beauty of Joseon, connue pour ses formulations \u00e0 base de plantes cor\u00e9ennes propres, a cr\u00e9\u00e9 ce s\u00e9rum pour aider \u00e0 calmer et \u00e0 gu\u00e9rir les irritations.<br \/>\nLa propolis est naturellement antiseptique et anti-inflammatoire et aide non seulement \u00e0 calmer et \u00e0 apaiser, mais \u00e9galement \u00e0 am\u00e9liorer le renouvellement cellulaire pour gu\u00e9rir la peau irrit\u00e9e.<br \/>\nLe niacinamide illumine et ravive le teint, tandis que le curcuma riche en antioxydants combat les dommages des radicaux libres pour garder la peau saine, tonique et \u00e9clatante.<br \/>\nBeauty of Joseon Glow Serum est id\u00e9al pour les peaux s\u00e8ches, normales, mixtes et \u00e0 tendance acn\u00e9ique.<br \/>\nAvec un pH de 6,3, ce s\u00e9rum est formul\u00e9 sans parfums artificiels, parab\u00e8nes, sulfates, colorants artificiels, alcool, silicones, huiles min\u00e9rales et huiles essentielles.<\/p>","protected":false},"excerpt":{"rendered":"<p>Glow Serum Propolis + Niacinamide de Beauty of Joseon\u00a0est un s\u00e9rum semblable au miel qui rendra votre peau plus \u00e9clatante. Avec son effet antibact\u00e9rien, il aide \u00e9galement en particulier les peaux impures. L\u2019extrait de propolis, la gel\u00e9e royale, a un fort effet d\u00e9sinfectant et antibact\u00e9rien, tout en ayant un effet calmant et favorisant la r\u00e9g\u00e9n\u00e9ration de la peau. La niacinamide (vitamine B3) aide \u00e0 r\u00e9duire les probl\u00e8mes de pigmentation et les rides et \u00e0 affiner les pores dilat\u00e9s. L\u2019acide salicylique est un acide doux qui aide \u00e0 lutter contre l\u2019acn\u00e9, les boutons, les points noirs, la peau impure et grasse. L\u2019extrait d\u2019arbre \u00e0 th\u00e9 est \u00e9galement apaisant et antibact\u00e9rien tout en \u00e9liminant l\u2019exc\u00e8s de s\u00e9bum des pores. Il favorise \u00e9galement la r\u00e9g\u00e9n\u00e9ration rapide des peaux impures et ab\u00eem\u00e9es. Ce s\u00e9rum hydratant illumine le teint.<\/p>","protected":false},"featured_media":1852,"comment_status":"open","ping_status":"closed","template":"","meta":[],"product_brand":[],"product_cat":[96,2906],"product_tag":[],"class_list":{"0":"post-1778","1":"product","2":"type-product","3":"status-publish","4":"has-post-thumbnail","6":"product_cat-non-classe","7":"product_cat-serums","9":"first","10":"outofstock","11":"shipping-taxable","12":"purchasable","13":"product-type-simple"},"_links":{"self":[{"href":"https:\/\/parashopnarimel.com\/ar\/wp-json\/wp\/v2\/product\/1778","targetHints":{"allow":["GET"]}}],"collection":[{"href":"https:\/\/parashopnarimel.com\/ar\/wp-json\/wp\/v2\/product"}],"about":[{"href":"https:\/\/parashopnarimel.com\/ar\/wp-json\/wp\/v2\/types\/product"}],"replies":[{"embeddable":true,"href":"https:\/\/parashopnarimel.com\/ar\/wp-json\/wp\/v2\/comments?post=1778"}],"version-history":[{"count":2,"href":"https:\/\/parashopnarimel.com\/ar\/wp-json\/wp\/v2\/product\/1778\/revisions"}],"predecessor-version":[{"id":11974,"href":"https:\/\/parashopnarimel.com\/ar\/wp-json\/wp\/v2\/product\/1778\/revisions\/11974"}],"wp:featuredmedia":[{"embeddable":true,"href":"https:\/\/parashopnarimel.com\/ar\/wp-json\/wp\/v2\/media\/1852"}],"wp:attachment":[{"href":"https:\/\/parashopnarimel.com\/ar\/wp-json\/wp\/v2\/media?parent=1778"}],"wp:term":[{"taxonomy":"product_brand","embeddable":true,"href":"https:\/\/parashopnarimel.com\/ar\/wp-json\/wp\/v2\/product_brand?post=1778"},{"taxonomy":"product_cat","embeddable":true,"href":"https:\/\/parashopnarimel.com\/ar\/wp-json\/wp\/v2\/product_cat?post=1778"},{"taxonomy":"product_tag","embeddable":true,"href":"https:\/\/parashopnarimel.com\/ar\/wp-json\/wp\/v2\/product_tag?post=1778"}],"curies":[{"name":"wp","href":"https:\/\/api.w.org\/{rel}","templated":true}]}}