{"id":1779,"date":"2024-12-29T06:34:18","date_gmt":"2024-12-29T06:34:18","guid":{"rendered":"https:\/\/parashopnarimel.com\/?post_type=product&#038;p=1779"},"modified":"2025-01-20T16:59:14","modified_gmt":"2025-01-20T16:59:14","slug":"kerastase-densifique-serum-jeunesse-100ml","status":"publish","type":"product","link":"https:\/\/parashopnarimel.com\/ar\/product\/kerastase-densifique-serum-jeunesse-100ml\/","title":{"rendered":"K\u00e9rastase Densifique S\u00e9rum Jeunesse 100ML"},"content":{"rendered":"<p>Avec le temps, le cheveu s\u2019affine, devient r\u00eache, moins facile \u00e0 discipliner et terne. Le S\u00e9rum Jeunesse est l\u2019atout indispensable pour lutter contre ces signes de vieillissement du cheveu. D\u00e8s la premi\u00e8re application, la fibre est plus douce et plus gain\u00e9e des racines jusqu\u2019aux pointes. La fibre irradie par sa brillance, sa souplesse et son volume \u00e9clatant. D\u00e8s 3 mois, une nouvelle densit\u00e9 est r\u00e9v\u00e9l\u00e9e. Sa texture l\u00e9g\u00e8re et sensorielle p\u00e9n\u00e8tre instantan\u00e9ment et ne laisse sur les cheveux qu\u2019un sillage subtil fleuri et bois\u00e9, signature de la ligne Densifique.<br \/>\nLe S\u00e9rum Jeunesse s\u2019adresse \u00e0 toutes les femmes et hommes constatant une d\u00e9gradation de la mati\u00e8re capillaire souvent due \u00e0 l\u2019apparition des premiers cheveux blancs. Il permet de redonner du volume en racines, les cheveux sont plus faciles \u00e0 coiffer, plus soyeux au toucher.<br \/>\nB\u00e9n\u00e9fices<br \/>\nApporte densit\u00e9 et volume aux cheveux affin\u00e9s<br \/>\nCheveux disciplin\u00e9s et brillants<br \/>\nUn millier de nouveaux cheveux en 3 mois<\/p>","protected":false},"excerpt":{"rendered":"<p>Avec le temps, le cheveu s\u2019affine, devient r\u00eache, moins facile \u00e0 discipliner et terne. Le S\u00e9rum Jeunesse est l\u2019atout indispensable pour lutter contre ces signes de vieillissement du cheveu. D\u00e8s la premi\u00e8re application, la fibre est plus douce et plus gain\u00e9e des racines jusqu\u2019aux pointes. La fibre irradie par sa brillance, sa souplesse et son volume \u00e9clatant. D\u00e8s 3 mois, une nouvelle densit\u00e9 est r\u00e9v\u00e9l\u00e9e. Sa texture l\u00e9g\u00e8re et sensorielle p\u00e9n\u00e8tre instantan\u00e9ment et ne laisse sur les cheveux qu\u2019un sillage subtil fleuri et bois\u00e9, signature de la ligne Densifique.<br \/>\nLe S\u00e9rum Jeunesse s\u2019adresse \u00e0 toutes les femmes et hommes constatant une d\u00e9gradation de la mati\u00e8re capillaire souvent due \u00e0 l\u2019apparition des premiers cheveux blancs. Il permet de redonner du volume en racines, les cheveux sont plus faciles \u00e0 coiffer, plus soyeux au toucher.<br \/>\nB\u00e9n\u00e9fices<br \/>\nApporte densit\u00e9 et volume aux cheveux affin\u00e9s<br \/>\nCheveux disciplin\u00e9s et brillants<br \/>\nUn millier de nouveaux cheveux en 3 mois<\/p>","protected":false},"featured_media":1854,"comment_status":"open","ping_status":"closed","template":"","meta":[],"product_brand":[],"product_cat":[33,2920,2919],"product_tag":[],"class_list":{"0":"post-1779","1":"product","2":"type-product","3":"status-publish","4":"has-post-thumbnail","6":"product_cat-cheveux","7":"product_cat-huiles-et-spray","8":"product_cat-serum-et-soins","10":"first","11":"instock","12":"shipping-taxable","13":"purchasable","14":"product-type-simple"},"_links":{"self":[{"href":"https:\/\/parashopnarimel.com\/ar\/wp-json\/wp\/v2\/product\/1779","targetHints":{"allow":["GET"]}}],"collection":[{"href":"https:\/\/parashopnarimel.com\/ar\/wp-json\/wp\/v2\/product"}],"about":[{"href":"https:\/\/parashopnarimel.com\/ar\/wp-json\/wp\/v2\/types\/product"}],"replies":[{"embeddable":true,"href":"https:\/\/parashopnarimel.com\/ar\/wp-json\/wp\/v2\/comments?post=1779"}],"version-history":[{"count":1,"href":"https:\/\/parashopnarimel.com\/ar\/wp-json\/wp\/v2\/product\/1779\/revisions"}],"predecessor-version":[{"id":1855,"href":"https:\/\/parashopnarimel.com\/ar\/wp-json\/wp\/v2\/product\/1779\/revisions\/1855"}],"wp:featuredmedia":[{"embeddable":true,"href":"https:\/\/parashopnarimel.com\/ar\/wp-json\/wp\/v2\/media\/1854"}],"wp:attachment":[{"href":"https:\/\/parashopnarimel.com\/ar\/wp-json\/wp\/v2\/media?parent=1779"}],"wp:term":[{"taxonomy":"product_brand","embeddable":true,"href":"https:\/\/parashopnarimel.com\/ar\/wp-json\/wp\/v2\/product_brand?post=1779"},{"taxonomy":"product_cat","embeddable":true,"href":"https:\/\/parashopnarimel.com\/ar\/wp-json\/wp\/v2\/product_cat?post=1779"},{"taxonomy":"product_tag","embeddable":true,"href":"https:\/\/parashopnarimel.com\/ar\/wp-json\/wp\/v2\/product_tag?post=1779"}],"curies":[{"name":"wp","href":"https:\/\/api.w.org\/{rel}","templated":true}]}}