{"id":1780,"date":"2024-12-29T06:34:18","date_gmt":"2024-12-29T06:34:18","guid":{"rendered":"https:\/\/parashopnarimel.com\/?post_type=product&#038;p=1780"},"modified":"2025-01-20T16:59:41","modified_gmt":"2025-01-20T16:59:41","slug":"kerastase-blond-absolu-huile-cicaextreme-100ml","status":"publish","type":"product","link":"https:\/\/parashopnarimel.com\/ar\/product\/kerastase-blond-absolu-huile-cicaextreme-100ml\/","title":{"rendered":"K\u00e9rastase Blond Absolu Huile Cicaextr\u00eame 100ML"},"content":{"rendered":"<p>Un s\u00e9rum l\u00e9ger pour renforcer les cheveux sensibilis\u00e9s apr\u00e8s une d\u00e9coloration.<br \/>\nDes cheveux 91\u00a0% plus forts*<br \/>\nDes cheveux 2X plus brillants**<\/p>\n<p>Acide hyaluronique<br \/>\nCet acide ultra-concentr\u00e9 renforce les cheveux pour pr\u00e9venir la casse.<br \/>\nEdelweiss<br \/>\nRiche en antioxydants pour prot\u00e9ger les cheveux contre les agressions quotidiennes et adoucir les fibres capillaires sensibilis\u00e9es.<\/p>","protected":false},"excerpt":{"rendered":"<p>Un s\u00e9rum l\u00e9ger pour renforcer les cheveux sensibilis\u00e9s apr\u00e8s une d\u00e9coloration.<br \/>\nDes cheveux 91\u00a0% plus forts*<br \/>\nDes cheveux 2X plus brillants**<\/p>\n<p>Acide hyaluronique<br \/>\nCet acide ultra-concentr\u00e9 renforce les cheveux pour pr\u00e9venir la casse.<br \/>\nEdelweiss<br \/>\nRiche en antioxydants pour prot\u00e9ger les cheveux contre les agressions quotidiennes et adoucir les fibres capillaires sensibilis\u00e9es.<\/p>","protected":false},"featured_media":1856,"comment_status":"open","ping_status":"closed","template":"","meta":[],"product_brand":[],"product_cat":[33,2919],"product_tag":[],"class_list":{"0":"post-1780","1":"product","2":"type-product","3":"status-publish","4":"has-post-thumbnail","6":"product_cat-cheveux","7":"product_cat-serum-et-soins","9":"first","10":"outofstock","11":"shipping-taxable","12":"purchasable","13":"product-type-simple"},"_links":{"self":[{"href":"https:\/\/parashopnarimel.com\/ar\/wp-json\/wp\/v2\/product\/1780","targetHints":{"allow":["GET"]}}],"collection":[{"href":"https:\/\/parashopnarimel.com\/ar\/wp-json\/wp\/v2\/product"}],"about":[{"href":"https:\/\/parashopnarimel.com\/ar\/wp-json\/wp\/v2\/types\/product"}],"replies":[{"embeddable":true,"href":"https:\/\/parashopnarimel.com\/ar\/wp-json\/wp\/v2\/comments?post=1780"}],"version-history":[{"count":2,"href":"https:\/\/parashopnarimel.com\/ar\/wp-json\/wp\/v2\/product\/1780\/revisions"}],"predecessor-version":[{"id":8234,"href":"https:\/\/parashopnarimel.com\/ar\/wp-json\/wp\/v2\/product\/1780\/revisions\/8234"}],"wp:featuredmedia":[{"embeddable":true,"href":"https:\/\/parashopnarimel.com\/ar\/wp-json\/wp\/v2\/media\/1856"}],"wp:attachment":[{"href":"https:\/\/parashopnarimel.com\/ar\/wp-json\/wp\/v2\/media?parent=1780"}],"wp:term":[{"taxonomy":"product_brand","embeddable":true,"href":"https:\/\/parashopnarimel.com\/ar\/wp-json\/wp\/v2\/product_brand?post=1780"},{"taxonomy":"product_cat","embeddable":true,"href":"https:\/\/parashopnarimel.com\/ar\/wp-json\/wp\/v2\/product_cat?post=1780"},{"taxonomy":"product_tag","embeddable":true,"href":"https:\/\/parashopnarimel.com\/ar\/wp-json\/wp\/v2\/product_tag?post=1780"}],"curies":[{"name":"wp","href":"https:\/\/api.w.org\/{rel}","templated":true}]}}