{"id":1781,"date":"2024-12-29T06:34:18","date_gmt":"2024-12-29T06:34:18","guid":{"rendered":"https:\/\/parashopnarimel.com\/?post_type=product&#038;p=1781"},"modified":"2025-01-20T16:59:59","modified_gmt":"2025-01-20T16:59:59","slug":"kerastase-curl-manifesto-masque-beurre-haute-nutrition","status":"publish","type":"product","link":"https:\/\/parashopnarimel.com\/ar\/product\/kerastase-curl-manifesto-masque-beurre-haute-nutrition\/","title":{"rendered":"K\u00c9RASTASE Curl Manifesto Masque Beurre Haute Nutrition"},"content":{"rendered":"<p>Curl Manifesto Masque Beurre Haute Nutrition de K\u00e9rastase est un masque nourrissant intensif con\u00e7u sp\u00e9cifiquement pour les cheveux boucl\u00e9s et fris\u00e9s. Il nourrit en profondeur, am\u00e9liore l\u2019\u00e9lasticit\u00e9 et renforce les cheveux secs pour pr\u00e9venir les cassures.<br \/>\nB\u00c9N\u00c9FICES<\/p>\n<p>Hydrate en profondeur et revitalise les boucles s\u00e8ches et abim\u00e9es<br \/>\nReconstruit instantan\u00e9ment la fibre de l\u2019int\u00e9rieur<br \/>\nProt\u00e8ge durablement contre les cassures<br \/>\nRend les boucles brillantes et soyeuses<br \/>\nAm\u00e9liore l\u2019\u00e9lasticit\u00e9 et la vitalit\u00e9 des boucles<br \/>\nProtection instantan\u00e9e contre l\u2019humidit\u00e9 et les frisottis<\/p>","protected":false},"excerpt":{"rendered":"<p>Curl Manifesto Masque Beurre Haute Nutrition de K\u00e9rastase est un masque nourrissant intensif con\u00e7u sp\u00e9cifiquement pour les cheveux boucl\u00e9s et fris\u00e9s. Il nourrit en profondeur, am\u00e9liore l\u2019\u00e9lasticit\u00e9 et renforce les cheveux secs pour pr\u00e9venir les cassures.<br \/>\nB\u00c9N\u00c9FICES<\/p>\n<p>Hydrate en profondeur et revitalise les boucles s\u00e8ches et abim\u00e9es<br \/>\nReconstruit instantan\u00e9ment la fibre de l\u2019int\u00e9rieur<br \/>\nProt\u00e8ge durablement contre les cassures<br \/>\nRend les boucles brillantes et soyeuses<br \/>\nAm\u00e9liore l\u2019\u00e9lasticit\u00e9 et la vitalit\u00e9 des boucles<br \/>\nProtection instantan\u00e9e contre l\u2019humidit\u00e9 et les frisottis<\/p>","protected":false},"featured_media":1858,"comment_status":"open","ping_status":"closed","template":"","meta":[],"product_brand":[],"product_cat":[33,2918],"product_tag":[],"class_list":{"0":"post-1781","1":"product","2":"type-product","3":"status-publish","4":"has-post-thumbnail","6":"product_cat-cheveux","7":"product_cat-masque","9":"first","10":"outofstock","11":"shipping-taxable","12":"purchasable","13":"product-type-simple"},"_links":{"self":[{"href":"https:\/\/parashopnarimel.com\/ar\/wp-json\/wp\/v2\/product\/1781","targetHints":{"allow":["GET"]}}],"collection":[{"href":"https:\/\/parashopnarimel.com\/ar\/wp-json\/wp\/v2\/product"}],"about":[{"href":"https:\/\/parashopnarimel.com\/ar\/wp-json\/wp\/v2\/types\/product"}],"replies":[{"embeddable":true,"href":"https:\/\/parashopnarimel.com\/ar\/wp-json\/wp\/v2\/comments?post=1781"}],"version-history":[{"count":1,"href":"https:\/\/parashopnarimel.com\/ar\/wp-json\/wp\/v2\/product\/1781\/revisions"}],"predecessor-version":[{"id":1859,"href":"https:\/\/parashopnarimel.com\/ar\/wp-json\/wp\/v2\/product\/1781\/revisions\/1859"}],"wp:featuredmedia":[{"embeddable":true,"href":"https:\/\/parashopnarimel.com\/ar\/wp-json\/wp\/v2\/media\/1858"}],"wp:attachment":[{"href":"https:\/\/parashopnarimel.com\/ar\/wp-json\/wp\/v2\/media?parent=1781"}],"wp:term":[{"taxonomy":"product_brand","embeddable":true,"href":"https:\/\/parashopnarimel.com\/ar\/wp-json\/wp\/v2\/product_brand?post=1781"},{"taxonomy":"product_cat","embeddable":true,"href":"https:\/\/parashopnarimel.com\/ar\/wp-json\/wp\/v2\/product_cat?post=1781"},{"taxonomy":"product_tag","embeddable":true,"href":"https:\/\/parashopnarimel.com\/ar\/wp-json\/wp\/v2\/product_tag?post=1781"}],"curies":[{"name":"wp","href":"https:\/\/api.w.org\/{rel}","templated":true}]}}