{"id":1803,"date":"2024-12-29T06:34:39","date_gmt":"2024-12-29T06:34:39","guid":{"rendered":"https:\/\/parashopnarimel.com\/?post_type=product&#038;p=1803"},"modified":"2025-03-21T14:24:15","modified_gmt":"2025-03-21T14:24:15","slug":"some-by-mi-retinol-intense-trial-kit-set-serum-10ml-creme-contour-des-yeux-10ml","status":"publish","type":"product","link":"https:\/\/parashopnarimel.com\/ar\/product\/some-by-mi-retinol-intense-trial-kit-set-serum-10ml-creme-contour-des-yeux-10ml\/","title":{"rendered":"Some By Mi Retinol Intense Trial Kit Set (s\u00e9rum\/10ml + cr\u00e8me contour des yeux\/10ml)"},"content":{"rendered":"<p>s\u00e9rum au r\u00e9tinol anti-rides peaux sensibles 10 ml + cr\u00e8me hydratante et lissante yeux au r\u00e9tinol 10 ml<\/p>\n<p>Retrouvez tous les soins n\u00e9cessaires \u00e0 l\u2019obtention d\u2019une belle peau en un seul et unique kit. Un coffret cosm\u00e9tique Some By Mi Retinol Intense vous comblera ainsi que les proches auxquels vous l\u2019offrirez.<br \/>\nL\u2019ensemble contient:<\/p>\n<p>s\u00e9rum au r\u00e9tinol anti-rides peaux sensibles 10 ml<br \/>\ncr\u00e8me hydratante et lissante yeux au r\u00e9tinol 10 ml<\/p>\n<p>Le produit :<\/p>\n<p>contient les versions miniature des produits<br \/>\nid\u00e9al pour les d\u00e9placements<br \/>\nproduits pour nourrir et hydrater la peau en profondeur<br \/>\npour r\u00e9duire les rides<br \/>\ncon\u00e7u pour les peaux sensibles<br \/>\npour illuminer et revitaliser la peau du visage<\/p>","protected":false},"excerpt":{"rendered":"<p>s\u00e9rum au r\u00e9tinol anti-rides peaux sensibles 10 ml + cr\u00e8me hydratante et lissante yeux au r\u00e9tinol 10 ml Retrouvez tous<\/p>","protected":false},"featured_media":1881,"comment_status":"open","ping_status":"closed","template":"","meta":[],"product_brand":[],"product_cat":[96,1110,2899,2906,30],"product_tag":[],"class_list":{"0":"post-1803","1":"product","2":"type-product","3":"status-publish","4":"has-post-thumbnail","6":"product_cat-non-classe","7":"product_cat-anti-taches","8":"product_cat-coffret","9":"product_cat-serums","10":"product_cat-soins-des-yeux","12":"first","13":"outofstock","14":"shipping-taxable","15":"purchasable","16":"product-type-simple"},"_links":{"self":[{"href":"https:\/\/parashopnarimel.com\/ar\/wp-json\/wp\/v2\/product\/1803","targetHints":{"allow":["GET"]}}],"collection":[{"href":"https:\/\/parashopnarimel.com\/ar\/wp-json\/wp\/v2\/product"}],"about":[{"href":"https:\/\/parashopnarimel.com\/ar\/wp-json\/wp\/v2\/types\/product"}],"replies":[{"embeddable":true,"href":"https:\/\/parashopnarimel.com\/ar\/wp-json\/wp\/v2\/comments?post=1803"}],"version-history":[{"count":2,"href":"https:\/\/parashopnarimel.com\/ar\/wp-json\/wp\/v2\/product\/1803\/revisions"}],"predecessor-version":[{"id":11934,"href":"https:\/\/parashopnarimel.com\/ar\/wp-json\/wp\/v2\/product\/1803\/revisions\/11934"}],"wp:featuredmedia":[{"embeddable":true,"href":"https:\/\/parashopnarimel.com\/ar\/wp-json\/wp\/v2\/media\/1881"}],"wp:attachment":[{"href":"https:\/\/parashopnarimel.com\/ar\/wp-json\/wp\/v2\/media?parent=1803"}],"wp:term":[{"taxonomy":"product_brand","embeddable":true,"href":"https:\/\/parashopnarimel.com\/ar\/wp-json\/wp\/v2\/product_brand?post=1803"},{"taxonomy":"product_cat","embeddable":true,"href":"https:\/\/parashopnarimel.com\/ar\/wp-json\/wp\/v2\/product_cat?post=1803"},{"taxonomy":"product_tag","embeddable":true,"href":"https:\/\/parashopnarimel.com\/ar\/wp-json\/wp\/v2\/product_tag?post=1803"}],"curies":[{"name":"wp","href":"https:\/\/api.w.org\/{rel}","templated":true}]}}