{"id":1804,"date":"2024-12-29T06:34:39","date_gmt":"2024-12-29T06:34:39","guid":{"rendered":"https:\/\/parashopnarimel.com\/?post_type=product&#038;p=1804"},"modified":"2025-01-20T18:08:10","modified_gmt":"2025-01-20T18:08:10","slug":"aha-bha-pha-30-days-miracle-serum-some-by-mi","status":"publish","type":"product","link":"https:\/\/parashopnarimel.com\/ar\/product\/aha-bha-pha-30-days-miracle-serum-some-by-mi\/","title":{"rendered":"AHA-BHA-PHA 30 Days Miracle Serum, SOME BY MI"},"content":{"rendered":"<p>Formul\u00e9 avec des AHA, BHA et PHA pour exfolier et am\u00e9liorer le grain de peau, ce s\u00e9rum booste le renouvellement cellulaire. Les AHA \u00e9liminent les peaux mortes et les BHA, les impuret\u00e9s ainsi que le surplus de s\u00e9bum. Les PHA ont une fonction hydratante et la Centella Asiatica, une fonction apaisante.<br \/>\nLa texture est aqueuse. Le parfum est frais et l\u00e9g\u00e8rement citronn\u00e9.<\/p>","protected":false},"excerpt":{"rendered":"<p>Formul\u00e9 avec des AHA, BHA et PHA pour exfolier et am\u00e9liorer le grain de peau, ce s\u00e9rum booste le renouvellement<\/p>","protected":false},"featured_media":1883,"comment_status":"open","ping_status":"closed","template":"","meta":[],"product_brand":[],"product_cat":[96,2906],"product_tag":[],"class_list":{"0":"post-1804","1":"product","2":"type-product","3":"status-publish","4":"has-post-thumbnail","6":"product_cat-non-classe","7":"product_cat-serums","9":"first","10":"instock","11":"shipping-taxable","12":"purchasable","13":"product-type-simple"},"_links":{"self":[{"href":"https:\/\/parashopnarimel.com\/ar\/wp-json\/wp\/v2\/product\/1804","targetHints":{"allow":["GET"]}}],"collection":[{"href":"https:\/\/parashopnarimel.com\/ar\/wp-json\/wp\/v2\/product"}],"about":[{"href":"https:\/\/parashopnarimel.com\/ar\/wp-json\/wp\/v2\/types\/product"}],"replies":[{"embeddable":true,"href":"https:\/\/parashopnarimel.com\/ar\/wp-json\/wp\/v2\/comments?post=1804"}],"version-history":[{"count":1,"href":"https:\/\/parashopnarimel.com\/ar\/wp-json\/wp\/v2\/product\/1804\/revisions"}],"predecessor-version":[{"id":1884,"href":"https:\/\/parashopnarimel.com\/ar\/wp-json\/wp\/v2\/product\/1804\/revisions\/1884"}],"wp:featuredmedia":[{"embeddable":true,"href":"https:\/\/parashopnarimel.com\/ar\/wp-json\/wp\/v2\/media\/1883"}],"wp:attachment":[{"href":"https:\/\/parashopnarimel.com\/ar\/wp-json\/wp\/v2\/media?parent=1804"}],"wp:term":[{"taxonomy":"product_brand","embeddable":true,"href":"https:\/\/parashopnarimel.com\/ar\/wp-json\/wp\/v2\/product_brand?post=1804"},{"taxonomy":"product_cat","embeddable":true,"href":"https:\/\/parashopnarimel.com\/ar\/wp-json\/wp\/v2\/product_cat?post=1804"},{"taxonomy":"product_tag","embeddable":true,"href":"https:\/\/parashopnarimel.com\/ar\/wp-json\/wp\/v2\/product_tag?post=1804"}],"curies":[{"name":"wp","href":"https:\/\/api.w.org\/{rel}","templated":true}]}}