{"id":1823,"date":"2024-12-29T06:35:04","date_gmt":"2024-12-29T06:35:04","guid":{"rendered":"https:\/\/parashopnarimel.com\/?post_type=product&#038;p=1823"},"modified":"2025-01-19T11:15:47","modified_gmt":"2025-01-19T11:15:47","slug":"cosrx-acide-hyaluronique-hydra-power-essence-100ml","status":"publish","type":"product","link":"https:\/\/parashopnarimel.com\/ar\/product\/cosrx-acide-hyaluronique-hydra-power-essence-100ml\/","title":{"rendered":"COSRX Acide hyaluronique Hydra Power Essence 100ml"},"content":{"rendered":"<p>Une essence hydratante pour le visage.<br \/>\nL\u2019essence Hydra Power \u00e0 l\u2019acide hyaluronique de COSRX est la trouvaille ultime pour les peaux s\u00e8ches et d\u00e9shydrat\u00e9es. Formul\u00e9 \u00e0 base d\u2019acide hyaluronique, ce gel non gras apporte une hydratation durable en aidant la peau \u00e0 tenir l\u2019hydratation, ce qui lui conf\u00e8re une apparence repulp\u00e9e et jeune. Il laisse les peaux stress\u00e9es lisses et hydrat\u00e9es, et leur conf\u00e8re un fini \u00e9clatant.<\/p>","protected":false},"excerpt":{"rendered":"<p>Une essence hydratante pour le visage.<br \/>\nL\u2019essence Hydra Power \u00e0 l\u2019acide hyaluronique de COSRX est la trouvaille ultime pour les peaux s\u00e8ches et d\u00e9shydrat\u00e9es. Formul\u00e9 \u00e0 base d\u2019acide hyaluronique, ce gel non gras apporte une hydratation durable en aidant la peau \u00e0 tenir l\u2019hydratation, ce qui lui conf\u00e8re une apparence repulp\u00e9e et jeune. Il laisse les peaux stress\u00e9es lisses et hydrat\u00e9es, et leur conf\u00e8re un fini \u00e9clatant.<\/p>","protected":false},"featured_media":1897,"comment_status":"open","ping_status":"closed","template":"","meta":[],"product_brand":[],"product_cat":[96,2905],"product_tag":[],"class_list":{"0":"post-1823","1":"product","2":"type-product","3":"status-publish","4":"has-post-thumbnail","6":"product_cat-non-classe","7":"product_cat-lotion","9":"first","10":"outofstock","11":"shipping-taxable","12":"purchasable","13":"product-type-simple"},"_links":{"self":[{"href":"https:\/\/parashopnarimel.com\/ar\/wp-json\/wp\/v2\/product\/1823","targetHints":{"allow":["GET"]}}],"collection":[{"href":"https:\/\/parashopnarimel.com\/ar\/wp-json\/wp\/v2\/product"}],"about":[{"href":"https:\/\/parashopnarimel.com\/ar\/wp-json\/wp\/v2\/types\/product"}],"replies":[{"embeddable":true,"href":"https:\/\/parashopnarimel.com\/ar\/wp-json\/wp\/v2\/comments?post=1823"}],"version-history":[{"count":1,"href":"https:\/\/parashopnarimel.com\/ar\/wp-json\/wp\/v2\/product\/1823\/revisions"}],"predecessor-version":[{"id":1898,"href":"https:\/\/parashopnarimel.com\/ar\/wp-json\/wp\/v2\/product\/1823\/revisions\/1898"}],"wp:featuredmedia":[{"embeddable":true,"href":"https:\/\/parashopnarimel.com\/ar\/wp-json\/wp\/v2\/media\/1897"}],"wp:attachment":[{"href":"https:\/\/parashopnarimel.com\/ar\/wp-json\/wp\/v2\/media?parent=1823"}],"wp:term":[{"taxonomy":"product_brand","embeddable":true,"href":"https:\/\/parashopnarimel.com\/ar\/wp-json\/wp\/v2\/product_brand?post=1823"},{"taxonomy":"product_cat","embeddable":true,"href":"https:\/\/parashopnarimel.com\/ar\/wp-json\/wp\/v2\/product_cat?post=1823"},{"taxonomy":"product_tag","embeddable":true,"href":"https:\/\/parashopnarimel.com\/ar\/wp-json\/wp\/v2\/product_tag?post=1823"}],"curies":[{"name":"wp","href":"https:\/\/api.w.org\/{rel}","templated":true}]}}