{"id":1846,"date":"2024-12-29T06:35:26","date_gmt":"2024-12-29T06:35:26","guid":{"rendered":"https:\/\/parashopnarimel.com\/?post_type=product&#038;p=1846"},"modified":"2025-01-19T11:16:24","modified_gmt":"2025-01-19T11:16:24","slug":"creme-mains-therapeutique","status":"publish","type":"product","link":"https:\/\/parashopnarimel.com\/ar\/product\/creme-mains-therapeutique\/","title":{"rendered":"Cr\u00e8me mains th\u00e9rapeutique"},"content":{"rendered":"<p>L\u2019exposition \u00e0 certains \u00e9l\u00e9ments pr\u00e9sent dans l\u2019environnement tels que des irritants, des allerg\u00e8nes mais aussi le lavage fr\u00e9quent des mains peuvent affecter la qualit\u00e9 de la peau des mains. Une cr\u00e8me th\u00e9rapeutique pour les mains peut donc \u00eatre n\u00e9cessaire pour prot\u00e9ger temporairement la peau et att\u00e9nuer la s\u00e9cheresse pour une peau douce et saine. Nous recommandons de rechercher des ingr\u00e9dients tel que des\u00a0C\u00e9ramides, du\u00a0Dim\u00e9thicone, de l\u2019Acide hyaluronique\u00a0et de la\u00a0Niacinamide. Une cr\u00e8me pour les mains sans parfum, comme la Cr\u00e8me Mains Th\u00e9rapeutique CeraVe, est une option efficace m\u00eame pour les peaux sensibles.<br \/>\nLa formule de la Cr\u00e8me Mains Th\u00e9rapeutique CeraVe contient contient trois types de\u00a0C\u00e9ramides\u00a0essentiels, de l\u2019Acide hyaluronique\u00a0et de la\u00a0Niacinamide\u00a0pour aider \u00e0 restaurer la barri\u00e8re d\u2019hydratation cutan\u00e9e, maintenir l\u2019hydratation tout en aidant \u00e0 apaiser la peau. Cette cr\u00e8me pour les mains est sans parfum, non grasse et sa formule douce non irritante est r\u00e9sistante \u00e0 l\u2019eau. Elle est \u00e9galement dot\u00e9e de la technologie brevet\u00e9e de lib\u00e9ration en continu MVE, procurant une hydratation toute la journ\u00e9e.<\/p>","protected":false},"excerpt":{"rendered":"<p>L\u2019exposition \u00e0 certains \u00e9l\u00e9ments pr\u00e9sent dans l\u2019environnement tels que des irritants, des allerg\u00e8nes mais aussi le lavage fr\u00e9quent des mains peuvent affecter la qualit\u00e9 de la peau des mains. Une cr\u00e8me th\u00e9rapeutique pour les mains peut donc \u00eatre n\u00e9cessaire pour prot\u00e9ger temporairement la peau et att\u00e9nuer la s\u00e9cheresse pour une peau douce et saine. Nous recommandons de rechercher des ingr\u00e9dients tel que des\u00a0C\u00e9ramides, du\u00a0Dim\u00e9thicone, de l\u2019Acide hyaluronique\u00a0et de la\u00a0Niacinamide. Une cr\u00e8me pour les mains sans parfum, comme la Cr\u00e8me Mains Th\u00e9rapeutique CeraVe, est une option efficace m\u00eame pour les peaux sensibles.<br \/>\nLa formule de la Cr\u00e8me Mains Th\u00e9rapeutique CeraVe contient contient trois types de\u00a0C\u00e9ramides\u00a0essentiels, de l\u2019Acide hyaluronique\u00a0et de la\u00a0Niacinamide\u00a0pour aider \u00e0 restaurer la barri\u00e8re d\u2019hydratation cutan\u00e9e, maintenir l\u2019hydratation tout en aidant \u00e0 apaiser la peau. Cette cr\u00e8me pour les mains est sans parfum, non grasse et sa formule douce non irritante est r\u00e9sistante \u00e0 l\u2019eau. Elle est \u00e9galement dot\u00e9e de la technologie brevet\u00e9e de lib\u00e9ration en continu MVE, procurant une hydratation toute la journ\u00e9e.<\/p>","protected":false},"featured_media":1922,"comment_status":"open","ping_status":"closed","template":"","meta":[],"product_brand":[],"product_cat":[2914],"product_tag":[],"class_list":{"0":"post-1846","1":"product","2":"type-product","3":"status-publish","4":"has-post-thumbnail","6":"product_cat-soins-mains-et-pieds","8":"first","9":"instock","10":"sale","11":"shipping-taxable","12":"purchasable","13":"product-type-simple"},"_links":{"self":[{"href":"https:\/\/parashopnarimel.com\/ar\/wp-json\/wp\/v2\/product\/1846","targetHints":{"allow":["GET"]}}],"collection":[{"href":"https:\/\/parashopnarimel.com\/ar\/wp-json\/wp\/v2\/product"}],"about":[{"href":"https:\/\/parashopnarimel.com\/ar\/wp-json\/wp\/v2\/types\/product"}],"replies":[{"embeddable":true,"href":"https:\/\/parashopnarimel.com\/ar\/wp-json\/wp\/v2\/comments?post=1846"}],"version-history":[{"count":2,"href":"https:\/\/parashopnarimel.com\/ar\/wp-json\/wp\/v2\/product\/1846\/revisions"}],"predecessor-version":[{"id":8222,"href":"https:\/\/parashopnarimel.com\/ar\/wp-json\/wp\/v2\/product\/1846\/revisions\/8222"}],"wp:featuredmedia":[{"embeddable":true,"href":"https:\/\/parashopnarimel.com\/ar\/wp-json\/wp\/v2\/media\/1922"}],"wp:attachment":[{"href":"https:\/\/parashopnarimel.com\/ar\/wp-json\/wp\/v2\/media?parent=1846"}],"wp:term":[{"taxonomy":"product_brand","embeddable":true,"href":"https:\/\/parashopnarimel.com\/ar\/wp-json\/wp\/v2\/product_brand?post=1846"},{"taxonomy":"product_cat","embeddable":true,"href":"https:\/\/parashopnarimel.com\/ar\/wp-json\/wp\/v2\/product_cat?post=1846"},{"taxonomy":"product_tag","embeddable":true,"href":"https:\/\/parashopnarimel.com\/ar\/wp-json\/wp\/v2\/product_tag?post=1846"}],"curies":[{"name":"wp","href":"https:\/\/api.w.org\/{rel}","templated":true}]}}